{"id":51035,"date":"2026-03-09T10:24:07","date_gmt":"2026-03-09T10:24:07","guid":{"rendered":"https:\/\/www.advanced-manufacturing.be\/?page_id=51035"},"modified":"2026-04-20T08:07:12","modified_gmt":"2026-04-20T08:07:12","slug":"best-welding-contest-2026-deelnemers","status":"publish","type":"page","link":"https:\/\/www.advanced-manufacturing.be\/nl\/best-welding-contest-2026-deelnemers\/","title":{"rendered":"Best Metal Project 2026 Deelnemers"},"content":{"rendered":"\t\t<div data-elementor-type=\"wp-page\" data-elementor-id=\"51035\" class=\"elementor elementor-51035\" data-elementor-post-type=\"page\">\n\t\t\t\t<div class=\"elementor-element elementor-element-a810131 e-flex e-con-boxed e-con e-parent\" data-id=\"a810131\" data-element_type=\"container\">\n\t\t\t\t\t<div class=\"e-con-inner\">\n\t\t<div class=\"elementor-element elementor-element-9681ba8 e-con-full e-flex e-con e-child\" data-id=\"9681ba8\" data-element_type=\"container\">\n\t\t\t\t<div class=\"elementor-element elementor-element-3566d25 elementor-widget elementor-widget-heading\" data-id=\"3566d25\" data-element_type=\"widget\" data-widget_type=\"heading.default\">\n\t\t\t\t<div class=\"elementor-widget-container\">\n\t\t\t\t\t<h2 class=\"elementor-heading-title elementor-size-default\">Best Welding Contest 2026 - Deelnemers<\/h2>\t\t\t\t<\/div>\n\t\t\t\t<\/div>\n\t\t\t\t<div class=\"elementor-element elementor-element-66013b1 elementor-widget elementor-widget-text-editor\" data-id=\"66013b1\" data-element_type=\"widget\" data-widget_type=\"text-editor.default\">\n\t\t\t\t<div class=\"elementor-widget-container\">\n\t\t\t\t\t\t\t\t\t<p><strong>Best Metal Project 2026<\/strong> zet innovatieve idee\u00ebn en technisch vakmanschap in metaal in de kijker.<strong> Studenten, kunstenaars<\/strong> en <strong>professionals<\/strong> worden uitgenodigd om hun eigen metalen creaties in te dienen en zo hun werk te tonen aan een breed publiek uit de sector.<\/p><p>De inzending die de meeste stemmen ontvangt, wordt beloond met een <a href=\"https:\/\/esab.com\/be\/eur_nl\/products-solutions\/product\/ppe-safety\/head-and-face\/sentinel-a70-pro\/\">een Sentinel\u2122 A70 PRO lashelm van ESAB<\/a>\u00a0en krijgt bovendien <strong>extra zichtbaarheid tijdens Welding Week \u2013 Metal \u2013 Subcontracting.<\/strong><\/p><p>Op deze pagina vindt u de deelnemende projecten van Best Metal Project 2026. Ontdek de verschillende creaties, leer de makers kennen en laat u inspireren door het vakmanschap en de innovatie in metaal.<\/p>\t\t\t\t\t\t\t\t<\/div>\n\t\t\t\t<\/div>\n\t\t\t\t<div class=\"elementor-element elementor-element-aefeb71 elementor-widget elementor-widget-button\" data-id=\"aefeb71\" data-element_type=\"widget\" data-widget_type=\"button.default\">\n\t\t\t\t<div class=\"elementor-widget-container\">\n\t\t\t\t\t\t\t\t\t<div class=\"elementor-button-wrapper\">\n\t\t\t\t\t<a class=\"elementor-button elementor-button-link elementor-size-sm\" href=\"https:\/\/eu.mar.medallia.com\/?e=100011537&#038;d=l&#038;h=E9864CB7BC598F1&#038;l=du\">\n\t\t\t\t\t\t<span class=\"elementor-button-content-wrapper\">\n\t\t\t\t\t\t\t\t\t<span class=\"elementor-button-text\">Ik wil deelnemen<\/span>\n\t\t\t\t\t<\/span>\n\t\t\t\t\t<\/a>\n\t\t\t\t<\/div>\n\t\t\t\t\t\t\t\t<\/div>\n\t\t\t\t<\/div>\n\t\t\t\t<div class=\"elementor-element elementor-element-54215ff elementor-widget elementor-widget-image\" data-id=\"54215ff\" data-element_type=\"widget\" data-widget_type=\"image.default\">\n\t\t\t\t<div class=\"elementor-widget-container\">\n\t\t\t\t\t\t\t\t\t\t\t\t\t\t\t<img fetchpriority=\"high\" decoding=\"async\" width=\"750\" height=\"283\" src=\"https:\/\/easyfairsassets.com\/sites\/277\/2026\/04\/eb4ba153-5649-43a7-b178-851e4082367a.png\" class=\"attachment-large size-large wp-image-51396\" alt=\"\" srcset=\"https:\/\/easyfairsassets.com\/sites\/277\/2026\/04\/eb4ba153-5649-43a7-b178-851e4082367a.png 750w, https:\/\/easyfairsassets.com\/sites\/277\/2026\/04\/eb4ba153-5649-43a7-b178-851e4082367a-300x113.png 300w\" sizes=\"(max-width: 750px) 100vw, 750px\" \/>\t\t\t\t\t\t\t\t\t\t\t\t\t\t\t<\/div>\n\t\t\t\t<\/div>\n\t\t\t\t<\/div>\n\t\t\t\t\t<\/div>\n\t\t\t\t<\/div>\n\t\t<div class=\"elementor-element elementor-element-c4e89af e-flex e-con-boxed e-con e-parent\" data-id=\"c4e89af\" data-element_type=\"container\">\n\t\t\t\t\t<div class=\"e-con-inner\">\n\t\t<div class=\"elementor-element elementor-element-bcf6816 e-con-full e-flex e-con e-child\" data-id=\"bcf6816\" data-element_type=\"container\">\n\t\t<div class=\"elementor-element elementor-element-2653698 e-grid e-con-full e-con e-child\" data-id=\"2653698\" data-element_type=\"container\">\n\t\t<div class=\"elementor-element elementor-element-6dd9a21 e-con-full e-flex e-con e-child\" data-id=\"6dd9a21\" data-element_type=\"container\">\n\t\t\t\t<div class=\"elementor-element elementor-element-4f6d745 elementor-flip-box--effect-slide elementor-widget__width-initial elementor-widget-mobile__width-initial elementor-widget-laptop__width-initial elementor-flip-box--direction-up elementor-widget elementor-widget-flip-box\" data-id=\"4f6d745\" data-element_type=\"widget\" data-widget_type=\"flip-box.default\">\n\t\t\t\t<div class=\"elementor-widget-container\">\n\t\t\t\t\t\t\t<div class=\"elementor-flip-box\" tabindex=\"0\">\n\t\t\t<div class=\"elementor-flip-box__layer elementor-flip-box__front\">\n\t\t\t\t<div class=\"elementor-flip-box__layer__overlay\">\n\t\t\t\t\t<div class=\"elementor-flip-box__layer__inner\">\n\t\t\t\t\t\t\t\t\t\t\t\t\t<div class=\"elementor-icon-wrapper elementor-view-default\">\n\t\t\t\t\t\t\t\t<div class=\"elementor-icon\">\n\t\t\t\t\t\t\t\t\t\t\t\t\t\t\t\t\t<\/div>\n\t\t\t\t\t\t\t<\/div>\n\t\t\t\t\t\t\n\t\t\t\t\t\t\t\t\t\t\t\t\t<h3 class=\"elementor-flip-box__layer__title\">\n\t\t\t\t\t\t\t\tThe Fenix\t\t\t\t\t\t\t<\/h3>\n\t\t\t\t\t\t\n\t\t\t\t\t\t\t\t\t\t\t\t\t<div class=\"elementor-flip-box__layer__description\">\n\t\t\t\t\t\t\t\tART | Luc Loos\t\t\t\t\t\t\t<\/div>\n\t\t\t\t\t\t\t\t\t\t\t<\/div>\n\t\t\t\t<\/div>\n\t\t\t<\/div>\n\t\t\t<div class=\"elementor-flip-box__layer elementor-flip-box__back\">\n\t\t\t<div class=\"elementor-flip-box__layer__overlay\">\n\t\t\t\t<div class=\"elementor-flip-box__layer__inner\">\n\t\t\t\t\t\t\t\t\t\t\t<h3 class=\"elementor-flip-box__layer__title\">\n\t\t\t\t\t\t\tThe Fenix\t\t\t\t\t\t<\/h3>\n\t\t\t\t\t\n\t\t\t\t\t\t\t\t\t\t\t<div class=\"elementor-flip-box__layer__description\">\n\t\t\t\t\t\t\tGecre\u00eberd in spoon art stijl \u2014 een uit de hand gelopen hobby die uitgroeide tot een professionele passie. De hoofdingredi\u00ebnten van deze mythische figuur zijn inoxen bestek (18\/0 en 18\/10). Volgens de legende herrijst de feniks elke 500 jaar uit zijn eigen as. Met een vleugelspanwijdte van 110 cm, een lichaamslengte van 80 cm en 140 gebruikte messen, is elk stuk aan de binnenzijde gelast voor een zo realistisch mogelijk resultaat.\t\t\t\t\t\t<\/div>\n\t\t\t\t\t\n\t\t\t\t\t\t\t\t<\/div>\n\t\t<\/div>\n\t\t<\/div>\n\t\t<\/div>\n\t\t\t\t\t\t<\/div>\n\t\t\t\t<\/div>\n\t\t\t\t<\/div>\n\t\t<div class=\"elementor-element elementor-element-d9991dc e-con-full e-flex e-con e-child\" data-id=\"d9991dc\" data-element_type=\"container\">\n\t\t\t\t<div class=\"elementor-element elementor-element-0e654e8 elementor-flip-box--effect-slide elementor-widget-tablet__width-initial elementor-widget-laptop__width-initial elementor-flip-box--direction-up elementor-widget elementor-widget-flip-box\" data-id=\"0e654e8\" data-element_type=\"widget\" data-widget_type=\"flip-box.default\">\n\t\t\t\t<div class=\"elementor-widget-container\">\n\t\t\t\t\t\t\t<div class=\"elementor-flip-box\" tabindex=\"0\">\n\t\t\t<div class=\"elementor-flip-box__layer elementor-flip-box__front\">\n\t\t\t\t<div class=\"elementor-flip-box__layer__overlay\">\n\t\t\t\t\t<div class=\"elementor-flip-box__layer__inner\">\n\t\t\t\t\t\t\t\t\t\t\t\t\t<div class=\"elementor-icon-wrapper elementor-view-default\">\n\t\t\t\t\t\t\t\t<div class=\"elementor-icon\">\n\t\t\t\t\t\t\t\t\t\t\t\t\t\t\t\t\t<\/div>\n\t\t\t\t\t\t\t<\/div>\n\t\t\t\t\t\t\n\t\t\t\t\t\t\t\t\t\t\t\t\t<h3 class=\"elementor-flip-box__layer__title\">\n\t\t\t\t\t\t\t\tSpongeBob\t\t\t\t\t\t\t<\/h3>\n\t\t\t\t\t\t\n\t\t\t\t\t\t\t\t\t\t\t\t\t<div class=\"elementor-flip-box__layer__description\">\n\t\t\t\t\t\t\t\tSTUDENT | Bart Cuypers | Sint Lambertus, Heist op den Berg\t\t\t\t\t\t\t<\/div>\n\t\t\t\t\t\t\t\t\t\t\t<\/div>\n\t\t\t\t<\/div>\n\t\t\t<\/div>\n\t\t\t<div class=\"elementor-flip-box__layer elementor-flip-box__back\">\n\t\t\t<div class=\"elementor-flip-box__layer__overlay\">\n\t\t\t\t<div class=\"elementor-flip-box__layer__inner\">\n\t\t\t\t\t\t\t\t\t\t\t<h3 class=\"elementor-flip-box__layer__title\">\n\t\t\t\t\t\t\tSpongeBob\t\t\t\t\t\t<\/h3>\n\t\t\t\t\t\n\t\t\t\t\t\t\t\t\t\t\t<div class=\"elementor-flip-box__layer__description\">\n\t\t\t\t\t\t\tDeze SpongeBob Squarepants is vorig schooljaar door het 5de Lassen Constructie geconstrueerd. Plaatmateriaal en buizen, MAG en TIG zijn gebruikt voor dit mooi kunstwerkje. Totale grote is 1200mm. Grtz Mr. Cuypers van het Sint Lambertus te Heist op den Berg.\t\t\t\t\t\t<\/div>\n\t\t\t\t\t\n\t\t\t\t\t\t\t\t<\/div>\n\t\t<\/div>\n\t\t<\/div>\n\t\t<\/div>\n\t\t\t\t\t\t<\/div>\n\t\t\t\t<\/div>\n\t\t\t\t<\/div>\n\t\t\t\t<\/div>\n\t\t\t\t<\/div>\n\t\t\t\t\t<\/div>\n\t\t\t\t<\/div>\n\t\t<div class=\"elementor-element elementor-element-f36fcbf e-flex e-con-boxed e-con e-parent\" data-id=\"f36fcbf\" data-element_type=\"container\">\n\t\t\t\t\t<div class=\"e-con-inner\">\n\t\t<div class=\"elementor-element elementor-element-54e4a0d e-con-full e-flex e-con e-child\" data-id=\"54e4a0d\" data-element_type=\"container\">\n\t\t<div class=\"elementor-element elementor-element-a69b845 e-grid e-con-full e-con e-child\" data-id=\"a69b845\" data-element_type=\"container\">\n\t\t<div class=\"elementor-element elementor-element-d18bb12 e-con-full e-flex e-con e-child\" data-id=\"d18bb12\" data-element_type=\"container\">\n\t\t\t\t<div class=\"elementor-element elementor-element-3c77857 elementor-flip-box--effect-slide elementor-widget__width-initial elementor-widget-laptop__width-initial elementor-flip-box--direction-up elementor-widget elementor-widget-flip-box\" data-id=\"3c77857\" data-element_type=\"widget\" data-widget_type=\"flip-box.default\">\n\t\t\t\t<div class=\"elementor-widget-container\">\n\t\t\t\t\t\t\t<div class=\"elementor-flip-box\" tabindex=\"0\">\n\t\t\t<div class=\"elementor-flip-box__layer elementor-flip-box__front\">\n\t\t\t\t<div class=\"elementor-flip-box__layer__overlay\">\n\t\t\t\t\t<div class=\"elementor-flip-box__layer__inner\">\n\t\t\t\t\t\t\t\t\t\t\t\t\t<div class=\"elementor-icon-wrapper elementor-view-default\">\n\t\t\t\t\t\t\t\t<div class=\"elementor-icon\">\n\t\t\t\t\t\t\t\t\t\t\t\t\t\t\t\t\t<\/div>\n\t\t\t\t\t\t\t<\/div>\n\t\t\t\t\t\t\n\t\t\t\t\t\t\t\t\t\t\t\t\t<h3 class=\"elementor-flip-box__layer__title\">\n\t\t\t\t\t\t\t\tIron Chick\t\t\t\t\t\t\t<\/h3>\n\t\t\t\t\t\t\n\t\t\t\t\t\t\t\t\t\t\t\t\t<div class=\"elementor-flip-box__layer__description\">\n\t\t\t\t\t\t\t\tSTUDENT | Mats De Letter, ORC Dendermonde\t\t\t\t\t\t\t<\/div>\n\t\t\t\t\t\t\t\t\t\t\t<\/div>\n\t\t\t\t<\/div>\n\t\t\t<\/div>\n\t\t\t<div class=\"elementor-flip-box__layer elementor-flip-box__back\">\n\t\t\t<div class=\"elementor-flip-box__layer__overlay\">\n\t\t\t\t<div class=\"elementor-flip-box__layer__inner\">\n\t\t\t\t\t\t\t\t\t\t\t<h3 class=\"elementor-flip-box__layer__title\">\n\t\t\t\t\t\t\tIron Chick\t\t\t\t\t\t<\/h3>\n\t\t\t\t\t\n\t\t\t\t\t\t\t\t\t\t\t<div class=\"elementor-flip-box__layer__description\">\n\t\t\t\t\t\t\tDeze metalen vogel heb ik samen met mijn papa gemaakt met de halfautomaat. Vonken vlogen in het rond, maar stukje bij beetje kreeg hij vorm. Niet perfect, maar helemaal van ons. Het is niet zomaar een vogel geworden, je kan er bloemen in zetten. Ik heb hem cadeau gedaan aan mijn oma, omdat zij altijd voor iedereen zorgt. Nu kan deze vogel een beetje kleur teruggeven aan haar tuin. Voor mij is dit meer dan een werkstuk: het is mijn eerste las\t\t\t\t\t\t<\/div>\n\t\t\t\t\t\n\t\t\t\t\t\t\t\t<\/div>\n\t\t<\/div>\n\t\t<\/div>\n\t\t<\/div>\n\t\t\t\t\t\t<\/div>\n\t\t\t\t<\/div>\n\t\t\t\t<\/div>\n\t\t<div class=\"elementor-element elementor-element-ad181f2 e-con-full e-flex e-con e-child\" data-id=\"ad181f2\" data-element_type=\"container\">\n\t\t\t\t<div class=\"elementor-element elementor-element-eb66c2f elementor-flip-box--effect-slide elementor-widget__width-initial elementor-widget-laptop__width-initial elementor-flip-box--direction-up elementor-widget elementor-widget-flip-box\" data-id=\"eb66c2f\" data-element_type=\"widget\" data-widget_type=\"flip-box.default\">\n\t\t\t\t<div class=\"elementor-widget-container\">\n\t\t\t\t\t\t\t<div class=\"elementor-flip-box\" tabindex=\"0\">\n\t\t\t<div class=\"elementor-flip-box__layer elementor-flip-box__front\">\n\t\t\t\t<div class=\"elementor-flip-box__layer__overlay\">\n\t\t\t\t\t<div class=\"elementor-flip-box__layer__inner\">\n\t\t\t\t\t\t\t\t\t\t\t\t\t<div class=\"elementor-icon-wrapper elementor-view-default\">\n\t\t\t\t\t\t\t\t<div class=\"elementor-icon\">\n\t\t\t\t\t\t\t\t\t\t\t\t\t\t\t\t\t<\/div>\n\t\t\t\t\t\t\t<\/div>\n\t\t\t\t\t\t\n\t\t\t\t\t\t\t\t\t\t\t\t\t<h3 class=\"elementor-flip-box__layer__title\">\n\t\t\t\t\t\t\t\tSteel Minnions\t\t\t\t\t\t\t<\/h3>\n\t\t\t\t\t\t\n\t\t\t\t\t\t\t\t\t\t\t\t\t<div class=\"elementor-flip-box__layer__description\">\n\t\t\t\t\t\t\t\tART | Christophe De Letter, Oscar Romero college\n\t\t\t\t\t\t\t<\/div>\n\t\t\t\t\t\t\t\t\t\t\t<\/div>\n\t\t\t\t<\/div>\n\t\t\t<\/div>\n\t\t\t<div class=\"elementor-flip-box__layer elementor-flip-box__back\">\n\t\t\t<div class=\"elementor-flip-box__layer__overlay\">\n\t\t\t\t<div class=\"elementor-flip-box__layer__inner\">\n\t\t\t\t\t\t\t\t\t\t\t<h3 class=\"elementor-flip-box__layer__title\">\n\t\t\t\t\t\t\tSteel Minnions\t\t\t\t\t\t<\/h3>\n\t\t\t\t\t\n\t\t\t\t\t\t\t\t\t\t\t<div class=\"elementor-flip-box__layer__description\">\n\t\t\t\t\t\t\tMinnions ooit gemaakt met mijn leerlingen van lassen. Hiermee probeerde ik de jongeren te boeien voor deze richting.\t\t\t\t\t\t<\/div>\n\t\t\t\t\t\n\t\t\t\t\t\t\t\t<\/div>\n\t\t<\/div>\n\t\t<\/div>\n\t\t<\/div>\n\t\t\t\t\t\t<\/div>\n\t\t\t\t<\/div>\n\t\t\t\t<\/div>\n\t\t<div class=\"elementor-element elementor-element-06bc21b e-con-full e-flex e-con e-child\" data-id=\"06bc21b\" data-element_type=\"container\">\n\t\t\t\t<div class=\"elementor-element elementor-element-f94284c elementor-flip-box--effect-slide elementor-widget__width-initial elementor-widget-laptop__width-initial elementor-flip-box--direction-up elementor-widget elementor-widget-flip-box\" data-id=\"f94284c\" data-element_type=\"widget\" data-widget_type=\"flip-box.default\">\n\t\t\t\t<div class=\"elementor-widget-container\">\n\t\t\t\t\t\t\t<div class=\"elementor-flip-box\" tabindex=\"0\">\n\t\t\t<div class=\"elementor-flip-box__layer elementor-flip-box__front\">\n\t\t\t\t<div class=\"elementor-flip-box__layer__overlay\">\n\t\t\t\t\t<div class=\"elementor-flip-box__layer__inner\">\n\t\t\t\t\t\t\t\t\t\t\t\t\t<div class=\"elementor-icon-wrapper elementor-view-default\">\n\t\t\t\t\t\t\t\t<div class=\"elementor-icon\">\n\t\t\t\t\t\t\t\t\t\t\t\t\t\t\t\t\t<\/div>\n\t\t\t\t\t\t\t<\/div>\n\t\t\t\t\t\t\n\t\t\t\t\t\t\t\t\t\t\t\t\t<h3 class=\"elementor-flip-box__layer__title\">\n\t\t\t\t\t\t\t\tRacefiets\t\t\t\t\t\t\t<\/h3>\n\t\t\t\t\t\t\n\t\t\t\t\t\t\t\t\t\t\t\t\t<div class=\"elementor-flip-box__layer__description\">\n\t\t\t\t\t\t\t\tINDUSTRIAL | Jan Van den Reek\n\t\t\t\t\t\t\t<\/div>\n\t\t\t\t\t\t\t\t\t\t\t<\/div>\n\t\t\t\t<\/div>\n\t\t\t<\/div>\n\t\t\t<div class=\"elementor-flip-box__layer elementor-flip-box__back\">\n\t\t\t<div class=\"elementor-flip-box__layer__overlay\">\n\t\t\t\t<div class=\"elementor-flip-box__layer__inner\">\n\t\t\t\t\t\t\t\t\t\t\t<h3 class=\"elementor-flip-box__layer__title\">\n\t\t\t\t\t\t\tRacefiets\t\t\t\t\t\t<\/h3>\n\t\t\t\t\t\n\t\t\t\t\t\t\t\t\t\t\t<div class=\"elementor-flip-box__layer__description\">\n\t\t\t\t\t\t\tFiets is gemaakt met draadvonkmachine sodick met \u00e9\u00e9n startpunt en eind punt dat wil zeggen dat de fiets met \u00e9\u00e9n contour is gemaakt zonder te stoppen\t\t\t\t\t\t<\/div>\n\t\t\t\t\t\n\t\t\t\t\t\t\t\t<\/div>\n\t\t<\/div>\n\t\t<\/div>\n\t\t<\/div>\n\t\t\t\t\t\t<\/div>\n\t\t\t\t<\/div>\n\t\t\t\t<\/div>\n\t\t\t\t<\/div>\n\t\t\t\t<\/div>\n\t\t\t\t\t<\/div>\n\t\t\t\t<\/div>\n\t\t<div class=\"elementor-element elementor-element-5dc03da e-flex e-con-boxed e-con e-parent\" data-id=\"5dc03da\" data-element_type=\"container\">\n\t\t\t\t\t<div class=\"e-con-inner\">\n\t\t\t\t<div class=\"elementor-element elementor-element-cfaa187 elementor-widget elementor-widget-button\" data-id=\"cfaa187\" data-element_type=\"widget\" data-widget_type=\"button.default\">\n\t\t\t\t<div class=\"elementor-widget-container\">\n\t\t\t\t\t\t\t\t\t<div class=\"elementor-button-wrapper\">\n\t\t\t\t\t<a class=\"elementor-button elementor-button-link elementor-size-sm\" href=\"https:\/\/eu.mar.medallia.com\/?e=100011537&#038;d=l&#038;h=E9864CB7BC598F1&#038;l=du\">\n\t\t\t\t\t\t<span class=\"elementor-button-content-wrapper\">\n\t\t\t\t\t\t\t\t\t<span class=\"elementor-button-text\">Ik wil deelnemen<\/span>\n\t\t\t\t\t<\/span>\n\t\t\t\t\t<\/a>\n\t\t\t\t<\/div>\n\t\t\t\t\t\t\t\t<\/div>\n\t\t\t\t<\/div>\n\t\t\t\t\t<\/div>\n\t\t\t\t<\/div>\n\t\t\t\t<\/div>\n\t\t","protected":false},"excerpt":{"rendered":"<p>Best Welding Contest 2026 &#8211; Deelnemers Best Metal Project 2026 zet innovatieve idee\u00ebn en technisch vakmanschap in metaal in de kijker. Studenten, kunstenaars en professionals worden uitgenodigd om hun eigen metalen creaties in te dienen en zo hun werk te tonen aan een breed publiek uit de sector. De inzending die de meeste stemmen ontvangt, [&hellip;]<\/p>\n","protected":false},"author":1614,"featured_media":0,"parent":0,"menu_order":0,"comment_status":"closed","ping_status":"closed","template":"","meta":{"_seopress_robots_primary_cat":"","_seopress_titles_title":"","_seopress_titles_desc":"","_seopress_robots_index":"","footnotes":""},"class_list":["post-51035","page","type-page","status-publish","hentry"],"_links":{"self":[{"href":"https:\/\/www.advanced-manufacturing.be\/nl\/wp-json\/wp\/v2\/pages\/51035","targetHints":{"allow":["GET"]}}],"collection":[{"href":"https:\/\/www.advanced-manufacturing.be\/nl\/wp-json\/wp\/v2\/pages"}],"about":[{"href":"https:\/\/www.advanced-manufacturing.be\/nl\/wp-json\/wp\/v2\/types\/page"}],"author":[{"embeddable":true,"href":"https:\/\/www.advanced-manufacturing.be\/nl\/wp-json\/wp\/v2\/users\/1614"}],"replies":[{"embeddable":true,"href":"https:\/\/www.advanced-manufacturing.be\/nl\/wp-json\/wp\/v2\/comments?post=51035"}],"version-history":[{"count":5,"href":"https:\/\/www.advanced-manufacturing.be\/nl\/wp-json\/wp\/v2\/pages\/51035\/revisions"}],"predecessor-version":[{"id":51543,"href":"https:\/\/www.advanced-manufacturing.be\/nl\/wp-json\/wp\/v2\/pages\/51035\/revisions\/51543"}],"wp:attachment":[{"href":"https:\/\/www.advanced-manufacturing.be\/nl\/wp-json\/wp\/v2\/media?parent=51035"}],"curies":[{"name":"wp","href":"https:\/\/api.w.org\/{rel}","templated":true}]}}