{"id":48547,"date":"2025-12-03T11:39:06","date_gmt":"2025-12-03T11:39:06","guid":{"rendered":"https:\/\/www.advanced-manufacturing.be\/?page_id=48547"},"modified":"2025-12-03T12:35:33","modified_gmt":"2025-12-03T12:35:33","slug":"smart-badge-vs-visit-connect","status":"publish","type":"page","link":"https:\/\/www.advanced-manufacturing.be\/nl\/smart-badge-vs-visit-connect\/","title":{"rendered":"Smart Badge vs. Visit Connect"},"content":{"rendered":"\t\t<div data-elementor-type=\"wp-page\" data-elementor-id=\"48547\" class=\"elementor elementor-48547\" data-elementor-post-type=\"page\">\n\t\t\t\t<div class=\"elementor-element elementor-element-696ddd9 e-flex e-con-boxed e-con e-parent\" data-id=\"696ddd9\" data-element_type=\"container\" data-settings=\"{&quot;background_background&quot;:&quot;classic&quot;,&quot;background_motion_fx_motion_fx_scrolling&quot;:&quot;yes&quot;,&quot;background_motion_fx_devices&quot;:[&quot;desktop&quot;,&quot;laptop&quot;,&quot;tablet&quot;,&quot;mobile&quot;]}\">\n\t\t\t\t\t<div class=\"e-con-inner\">\n\t\t\t\t<div class=\"elementor-element elementor-element-0bc8e8b elementor-widget elementor-widget-heading\" data-id=\"0bc8e8b\" data-element_type=\"widget\" data-widget_type=\"heading.default\">\n\t\t\t\t<div class=\"elementor-widget-container\">\n\t\t\t\t\t<h2 class=\"elementor-heading-title elementor-size-default\">Effici\u00ebnte Leadopvolging met Smart Badge &amp; Visit Connect App<\/h2>\t\t\t\t<\/div>\n\t\t\t\t<\/div>\n\t\t\t\t\t<\/div>\n\t\t\t\t<\/div>\n\t\t<div class=\"elementor-element elementor-element-41111d8 e-flex e-con-boxed e-con e-parent\" data-id=\"41111d8\" data-element_type=\"container\" data-settings=\"{&quot;background_background&quot;:&quot;classic&quot;}\">\n\t\t\t\t\t<div class=\"e-con-inner\">\n\t\t\t\t<div class=\"elementor-element elementor-element-94245cc elementor-widget elementor-widget-heading\" data-id=\"94245cc\" data-element_type=\"widget\" data-widget_type=\"heading.default\">\n\t\t\t\t<div class=\"elementor-widget-container\">\n\t\t\t\t\t<h2 class=\"elementor-heading-title elementor-size-default\">Smart Badge vs. Visit Connect\n<\/h2>\t\t\t\t<\/div>\n\t\t\t\t<\/div>\n\t\t\t\t<div class=\"elementor-element elementor-element-3336b3c elementor-widget elementor-widget-text-editor\" data-id=\"3336b3c\" data-element_type=\"widget\" data-widget_type=\"text-editor.default\">\n\t\t\t\t<div class=\"elementor-widget-container\">\n\t\t\t\t\t\t\t\t\t<p><strong data-start=\"317\" data-end=\"389\">Twee tools, \u00e9\u00e9n doel: waardevolle connecties vastleggen en opvolgen.<\/strong><\/p><p>Tijdens Empack verzamelt u eenvoudig waardevolle leads \u2013 zonder ingewikkelde tools of handmatig werk. Maak slim gebruik van zowel de\u00a0<strong data-start=\"525\" data-end=\"540\">Smart Badge<\/strong>\u00a0als de\u00a0<strong data-start=\"548\" data-end=\"569\">Visit Connect App<\/strong>\u00a0om uw beursdeelname te maximaliseren.<\/p>\t\t\t\t\t\t\t\t<\/div>\n\t\t\t\t<\/div>\n\t\t<div class=\"elementor-element elementor-element-da819c9 e-con-full e-flex e-con e-child\" data-id=\"da819c9\" data-element_type=\"container\">\n\t\t<div class=\"elementor-element elementor-element-7b97c1d e-grid e-con-full e-con e-child\" data-id=\"7b97c1d\" data-element_type=\"container\">\n\t\t<div class=\"elementor-element elementor-element-178a08e e-con-full e-flex e-con e-child\" data-id=\"178a08e\" data-element_type=\"container\" data-settings=\"{&quot;background_background&quot;:&quot;classic&quot;}\">\n\t\t\t\t<div class=\"elementor-element elementor-element-5a7860e elementor-widget elementor-widget-heading\" data-id=\"5a7860e\" data-element_type=\"widget\" data-widget_type=\"heading.default\">\n\t\t\t\t<div class=\"elementor-widget-container\">\n\t\t\t\t\t<h3 class=\"elementor-heading-title elementor-size-default\">Smart Badge (Touch &amp; Collect)<\/h3>\t\t\t\t<\/div>\n\t\t\t\t<\/div>\n\t\t\t\t<div class=\"elementor-element elementor-element-334c837 elementor-widget elementor-widget-text-editor\" data-id=\"334c837\" data-element_type=\"widget\" data-widget_type=\"text-editor.default\">\n\t\t\t\t<div class=\"elementor-widget-container\">\n\t\t\t\t\t\t\t\t\t<ul><li>Op initiatief van de\u00a0<strong>bezoeker<\/strong><\/li><li><strong>Alle exposanten<\/strong>\u00a0kunnen hun info verspreiden via de reader (info opgeladen op My Easyfairs)<\/li><li><strong>Geen gesprek nodig<\/strong>\u00a0met de bezoeker, installeer de reader op uw stand en zij krijgen automatisch uw informatie toegestuurd.<\/li><li><strong>De<\/strong><strong>\u00a0exposanten<\/strong>\u00a0ontvangen een bezoekerslijst met data uit de registratie als ze bij u op de stand gescand hebben.\u00a0<br \/><strong>Voorbereiding<\/strong>: zet zoveel mogelijk bedrijfsinfo op My Easyfairs. U krijgt tijdens de opbouw de reader op uw stand geleverd.<\/li><\/ul>\t\t\t\t\t\t\t\t<\/div>\n\t\t\t\t<\/div>\n\t\t\t\t<div class=\"elementor-element elementor-element-a91f90b elementor-widget elementor-widget-video\" data-id=\"a91f90b\" data-element_type=\"widget\" data-settings=\"{&quot;youtube_url&quot;:&quot;https:\\\/\\\/www.youtube.com\\\/watch?v=ikKCfzrS3nQ&quot;,&quot;video_type&quot;:&quot;youtube&quot;,&quot;controls&quot;:&quot;yes&quot;}\" data-widget_type=\"video.default\">\n\t\t\t\t<div class=\"elementor-widget-container\">\n\t\t\t\t\t\t\t<div class=\"elementor-wrapper elementor-open-inline\">\n\t\t\t<div class=\"elementor-video\"><\/div>\t\t<\/div>\n\t\t\t\t\t\t<\/div>\n\t\t\t\t<\/div>\n\t\t\t\t<\/div>\n\t\t<div class=\"elementor-element elementor-element-12f99ae e-con-full e-flex e-con e-child\" data-id=\"12f99ae\" data-element_type=\"container\" data-settings=\"{&quot;background_background&quot;:&quot;classic&quot;}\">\n\t\t\t\t<div class=\"elementor-element elementor-element-4f6628a elementor-widget elementor-widget-heading\" data-id=\"4f6628a\" data-element_type=\"widget\" data-widget_type=\"heading.default\">\n\t\t\t\t<div class=\"elementor-widget-container\">\n\t\t\t\t\t<h3 class=\"elementor-heading-title elementor-size-default\">Visit Connect App\n<\/h3>\t\t\t\t<\/div>\n\t\t\t\t<\/div>\n\t\t\t\t<div class=\"elementor-element elementor-element-4f70bbb elementor-widget elementor-widget-text-editor\" data-id=\"4f70bbb\" data-element_type=\"widget\" data-widget_type=\"text-editor.default\">\n\t\t\t\t<div class=\"elementor-widget-container\">\n\t\t\t\t\t\t\t\t\t<ul><li>Op\u00a0<strong>initiatief<\/strong>\u00a0van de\u00a0<strong>exposant<\/strong>.<br \/>Deze app is beschikbaar voor alle exposanten<\/li><li>U kan de app op\u00a0<strong>alle\u00a0<\/strong>toestellen installeren.<\/li><li><strong>Kwalificeer leads<\/strong>\u00a0door\u00a0<strong>vragen<\/strong>\u00a0te stellen en notities te nemen in de app.<br \/>Verzamel alle informatie op \u00e9\u00e9n punt.<\/li><li><strong>Lead opvolging<\/strong>: contacteer de bezoeker na de beurs.<\/li><li><strong>Voorbereiding<\/strong>: Elke bezoeker ontvangt bij het\u00a0<strong>binnenkomen van de beurs<\/strong>\u00a0een\u00a0<strong>bezoekersbadge met QR-code<\/strong>\u00a0op.<\/li><\/ul>\t\t\t\t\t\t\t\t<\/div>\n\t\t\t\t<\/div>\n\t\t\t\t<div class=\"elementor-element elementor-element-f6d1d8c elementor-widget elementor-widget-video\" data-id=\"f6d1d8c\" data-element_type=\"widget\" data-settings=\"{&quot;video_type&quot;:&quot;hosted&quot;,&quot;controls&quot;:&quot;yes&quot;}\" data-widget_type=\"video.default\">\n\t\t\t\t<div class=\"elementor-widget-container\">\n\t\t\t\t\t\t\t<div class=\"e-hosted-video elementor-wrapper elementor-open-inline\">\n\t\t\t\t\t<video class=\"elementor-video\" src=\"https:\/\/easyfairsassets.com\/sites\/277\/2025\/12\/how-to-use-vc-for-staff-ihxwtqmy_dtB3IPUQ.mp4\" controls=\"\" preload=\"metadata\" controlsList=\"nodownload\"><\/video>\n\t\t\t\t<\/div>\n\t\t\t\t\t\t<\/div>\n\t\t\t\t<\/div>\n\t\t\t\t<\/div>\n\t\t\t\t<\/div>\n\t\t\t\t<\/div>\n\t\t\t\t\t<\/div>\n\t\t\t\t<\/div>\n\t\t<div class=\"elementor-element elementor-element-71f1940 e-flex e-con-boxed e-con e-parent\" data-id=\"71f1940\" data-element_type=\"container\" data-settings=\"{&quot;background_background&quot;:&quot;classic&quot;}\">\n\t\t\t\t\t<div class=\"e-con-inner\">\n\t\t<div class=\"elementor-element elementor-element-72b19e1 e-con-full e-flex e-con e-child\" data-id=\"72b19e1\" data-element_type=\"container\" data-settings=\"{&quot;background_background&quot;:&quot;classic&quot;}\">\n\t\t\t\t<div class=\"elementor-element elementor-element-e1410e9 elementor-widget elementor-widget-heading\" data-id=\"e1410e9\" data-element_type=\"widget\" data-widget_type=\"heading.default\">\n\t\t\t\t<div class=\"elementor-widget-container\">\n\t\t\t\t\t<h3 class=\"elementor-heading-title elementor-size-default\">Wat is het verschil tussen Smart Badge &amp; Visit Connect App?<\/h3>\t\t\t\t<\/div>\n\t\t\t\t<\/div>\n\t\t<div class=\"elementor-element elementor-element-02dd263 e-grid e-con-full e-con e-child\" data-id=\"02dd263\" data-element_type=\"container\" data-settings=\"{&quot;background_background&quot;:&quot;classic&quot;}\">\n\t\t\t\t<div class=\"elementor-element elementor-element-efa9530 elementor-widget elementor-widget-text-editor\" data-id=\"efa9530\" data-element_type=\"widget\" data-widget_type=\"text-editor.default\">\n\t\t\t\t<div class=\"elementor-widget-container\">\n\t\t\t\t\t\t\t\t\t<div class=\"elementor-element elementor-element-46fabe4 elementor-widget elementor-widget-heading\" data-id=\"46fabe4\" data-element_type=\"widget\" data-widget_type=\"heading.default\"><div class=\"elementor-widget-container\"><h3 class=\"elementor-heading-title elementor-size-default elementor-inline-editing pen\" contenteditable=\"true\" data-elementor-setting-key=\"title\" data-pen-placeholder=\"Type Here...\">\u00a0<\/h3><\/div><\/div><div class=\"elementor-element elementor-element-02a1dcf premium-table-dir-ltr elementor-widget elementor-widget-premium-tables-addon\" data-id=\"02a1dcf\" data-element_type=\"widget\" data-widget_type=\"premium-tables-addon.default\"><div class=\"elementor-widget-container\"><div class=\"premium-table-wrap\"><table class=\"premium-table\" data-settings=\"{&quot;sort&quot;:false,&quot;usNumbers&quot;:false,&quot;sortMob&quot;:false,&quot;search&quot;:false,&quot;records&quot;:false,&quot;dataType&quot;:&quot;custom&quot;,&quot;csvFile&quot;:null,&quot;firstRow&quot;:null,&quot;separator&quot;:null,&quot;pagination&quot;:&quot;&quot;,&quot;rows&quot;:0}\"><thead class=\"premium-table-head\"><tr class=\"premium-table-row\"><th class=\"premium-table-cell elementor-repeater-item-a9cc7ed\"><span class=\"premium-table-text\">Functionaliteit<\/span><\/th><th class=\"premium-table-cell elementor-repeater-item-b6e3d63\"><span class=\"premium-table-text\">Smart Badge<\/span><\/th><th class=\"premium-table-cell elementor-repeater-item-baf6154\"><span class=\"premium-table-text\">Visit Connect App<\/span><\/th><\/tr><\/thead><tbody class=\"premium-table-body\"><tr class=\"premium-table-row elementor-repeater-item-a537c15\"><td class=\"premium-table-cell elementor-repeater-item-e5e221f\"><span class=\"premium-table-text\">Interactie vereist?<\/span><\/td><td class=\"premium-table-cell elementor-repeater-item-876f878\"><span class=\"premium-table-text\">Nee \u2013 werkt volledig automatisch<\/span><\/td><td class=\"premium-table-cell elementor-repeater-item-bf765db\"><span class=\"premium-table-text\">Ja \u2013 scan vereist + mogelijkheid tot gesprek<\/span><\/td><\/tr><tr class=\"premium-table-row elementor-repeater-item-f155059\"><td class=\"premium-table-cell elementor-repeater-item-ca79c6d\"><span class=\"premium-table-text\">Wat ontvangt de bezoeker?<\/span><\/td><td class=\"premium-table-cell elementor-repeater-item-505cae6\"><span class=\"premium-table-text\">Uw bedrijfsinformatie via e-mail (op basis van info in My Easyfairs)<\/span><\/td><td class=\"premium-table-cell elementor-repeater-item-c0c2840\"><span class=\"premium-table-text\">\/<\/span><\/td><\/tr><tr class=\"premium-table-row elementor-repeater-item-b9fb964\"><td class=\"premium-table-cell elementor-repeater-item-fc6b6d4\"><span class=\"premium-table-text\">Wat ontvangt de exposant?<\/span><\/td><td class=\"premium-table-cell elementor-repeater-item-8d085dd\"><span class=\"premium-table-text\">Bezoekerslijst met contactgegevens van wie heeft gescand<\/span><\/td><td class=\"premium-table-cell elementor-repeater-item-78e5fe0\"><span class=\"premium-table-text\">Volledige leadgegevens met notities, tags, antwoorden, enz.<\/span><\/td><\/tr><tr class=\"premium-table-row elementor-repeater-item-3056711\"><td class=\"premium-table-cell elementor-repeater-item-183dd28\"><span class=\"premium-table-text\">Gebruik op de beurs<\/span><\/td><td class=\"premium-table-cell elementor-repeater-item-ddea743\"><span class=\"premium-table-text\">Reader op de stand, klaar voor gebruik<\/span><\/td><td class=\"premium-table-cell elementor-repeater-item-868bd30\"><span class=\"premium-table-text\">Scan bezoekersbadges met eigen toestel (smartphone\/tablet,)<\/span><\/td><\/tr><tr class=\"premium-table-row elementor-repeater-item-71afb49\"><td class=\"premium-table-cell elementor-repeater-item-5d022bb\"><span class=\"premium-table-text\">Voorbereiding<\/span><\/td><td class=\"premium-table-cell elementor-repeater-item-00e9f98\"><span class=\"premium-table-text\">Profiel aanvullen in My Easyfairs<\/span><\/td><td class=\"premium-table-cell elementor-repeater-item-185e240\"><span class=\"premium-table-text\">Licentie activeren + app installeren<\/span><\/td><\/tr><tr class=\"premium-table-row elementor-repeater-item-41332ee\"><td class=\"premium-table-cell elementor-repeater-item-97e15f6\"><span class=\"premium-table-text\">Beschikbaar voor?<\/span><\/td><td class=\"premium-table-cell elementor-repeater-item-9a8a494\"><span class=\"premium-table-text\">Alle exposanten<\/span><\/td><td class=\"premium-table-cell elementor-repeater-item-3777a34\"><span class=\"premium-table-text\">Alle exposanten<\/span><\/td><\/tr><tr class=\"premium-table-row elementor-repeater-item-41540c8\"><td class=\"premium-table-cell elementor-repeater-item-301af33\"><span class=\"premium-table-text\">Na beurs<\/span><\/td><td class=\"premium-table-cell elementor-repeater-item-d70672f\"><span class=\"premium-table-text\">Leads downloaden via My Easyfairs<\/span><\/td><td class=\"premium-table-cell elementor-repeater-item-6843b71\"><span class=\"premium-table-text\">Leads exporteren of opvolgen via Visit Connect<\/span><\/td><\/tr><\/tbody><\/table><\/div><\/div><\/div>\t\t\t\t\t\t\t\t<\/div>\n\t\t\t\t<\/div>\n\t\t\t\t<\/div>\n\t\t\t\t<\/div>\n\t\t\t\t\t<\/div>\n\t\t\t\t<\/div>\n\t\t<div class=\"elementor-element elementor-element-3513418 e-flex e-con-boxed e-con e-parent\" data-id=\"3513418\" data-element_type=\"container\" data-settings=\"{&quot;background_background&quot;:&quot;classic&quot;}\">\n\t\t\t\t\t<div class=\"e-con-inner\">\n\t\t<div class=\"elementor-element elementor-element-facaed4 e-con-full e-flex e-con e-child\" data-id=\"facaed4\" data-element_type=\"container\">\n\t\t\t\t<\/div>\n\t\t\t\t\t<\/div>\n\t\t\t\t<\/div>\n\t\t<div class=\"elementor-element elementor-element-525cf36 e-flex e-con-boxed e-con e-parent\" data-id=\"525cf36\" data-element_type=\"container\" data-settings=\"{&quot;background_background&quot;:&quot;classic&quot;}\">\n\t\t\t\t\t<div class=\"e-con-inner\">\n\t\t<div class=\"elementor-element elementor-element-52c5cd9 e-con-full e-flex e-con e-child\" data-id=\"52c5cd9\" data-element_type=\"container\" data-settings=\"{&quot;background_background&quot;:&quot;classic&quot;}\">\n\t\t\t\t<div class=\"elementor-element elementor-element-484c049 elementor-widget elementor-widget-heading\" data-id=\"484c049\" data-element_type=\"widget\" data-widget_type=\"heading.default\">\n\t\t\t\t<div class=\"elementor-widget-container\">\n\t\t\t\t\t<h4 class=\"elementor-heading-title elementor-size-default\">Heeft u nog vragen of wilt u meer informatie?\nOns team staat klaar om u te helpen.\u00a0<\/h4>\t\t\t\t<\/div>\n\t\t\t\t<\/div>\n\t\t\t\t<div class=\"elementor-element elementor-element-dff9e24 elementor-widget elementor-widget-button\" data-id=\"dff9e24\" data-element_type=\"widget\" data-widget_type=\"button.default\">\n\t\t\t\t<div class=\"elementor-widget-container\">\n\t\t\t\t\t\t\t\t\t<div class=\"elementor-button-wrapper\">\n\t\t\t\t\t<a class=\"elementor-button elementor-button-link elementor-size-sm\" href=\"https:\/\/www.advanced-manufacturing.be\/nl\/contact\/\">\n\t\t\t\t\t\t<span class=\"elementor-button-content-wrapper\">\n\t\t\t\t\t\t\t\t\t<span class=\"elementor-button-text\">Vragen?<\/span>\n\t\t\t\t\t<\/span>\n\t\t\t\t\t<\/a>\n\t\t\t\t<\/div>\n\t\t\t\t\t\t\t\t<\/div>\n\t\t\t\t<\/div>\n\t\t\t\t<\/div>\n\t\t\t\t\t<\/div>\n\t\t\t\t<\/div>\n\t\t\t\t<\/div>\n\t\t","protected":false},"excerpt":{"rendered":"<p>Effici\u00ebnte Leadopvolging met Smart Badge &amp; Visit Connect App Smart Badge vs. Visit Connect Twee tools, \u00e9\u00e9n doel: waardevolle connecties vastleggen en opvolgen. Tijdens Empack verzamelt u eenvoudig waardevolle leads \u2013 zonder ingewikkelde tools of handmatig werk. Maak slim gebruik van zowel de\u00a0Smart Badge\u00a0als de\u00a0Visit Connect App\u00a0om uw beursdeelname te maximaliseren. Smart Badge (Touch &amp; [&hellip;]<\/p>\n","protected":false},"author":949,"featured_media":0,"parent":0,"menu_order":0,"comment_status":"closed","ping_status":"closed","template":"","meta":{"_seopress_robots_primary_cat":"","_seopress_titles_title":"","_seopress_titles_desc":"","_seopress_robots_index":"","footnotes":""},"class_list":["post-48547","page","type-page","status-publish","hentry"],"_links":{"self":[{"href":"https:\/\/www.advanced-manufacturing.be\/nl\/wp-json\/wp\/v2\/pages\/48547","targetHints":{"allow":["GET"]}}],"collection":[{"href":"https:\/\/www.advanced-manufacturing.be\/nl\/wp-json\/wp\/v2\/pages"}],"about":[{"href":"https:\/\/www.advanced-manufacturing.be\/nl\/wp-json\/wp\/v2\/types\/page"}],"author":[{"embeddable":true,"href":"https:\/\/www.advanced-manufacturing.be\/nl\/wp-json\/wp\/v2\/users\/949"}],"replies":[{"embeddable":true,"href":"https:\/\/www.advanced-manufacturing.be\/nl\/wp-json\/wp\/v2\/comments?post=48547"}],"version-history":[{"count":5,"href":"https:\/\/www.advanced-manufacturing.be\/nl\/wp-json\/wp\/v2\/pages\/48547\/revisions"}],"predecessor-version":[{"id":48590,"href":"https:\/\/www.advanced-manufacturing.be\/nl\/wp-json\/wp\/v2\/pages\/48547\/revisions\/48590"}],"wp:attachment":[{"href":"https:\/\/www.advanced-manufacturing.be\/nl\/wp-json\/wp\/v2\/media?parent=48547"}],"curies":[{"name":"wp","href":"https:\/\/api.w.org\/{rel}","templated":true}]}}