{"id":48385,"date":"2025-11-28T10:23:55","date_gmt":"2025-11-28T10:23:55","guid":{"rendered":"https:\/\/www.advanced-manufacturing.be\/?page_id=48385"},"modified":"2025-12-31T09:18:29","modified_gmt":"2025-12-31T09:18:29","slug":"easyfairs-belgium-app-voor-exposanten","status":"publish","type":"page","link":"https:\/\/www.advanced-manufacturing.be\/nl\/easyfairs-belgium-app-voor-exposanten\/","title":{"rendered":"Easyfairs Belgium app voor exposanten"},"content":{"rendered":"\t\t<div data-elementor-type=\"wp-page\" data-elementor-id=\"48385\" class=\"elementor elementor-48385\" data-elementor-post-type=\"page\">\n\t\t\t\t<div class=\"elementor-element elementor-element-c1a66ac e-flex e-con-boxed e-con e-parent\" data-id=\"c1a66ac\" data-element_type=\"container\" data-settings=\"{&quot;background_background&quot;:&quot;classic&quot;,&quot;background_motion_fx_motion_fx_scrolling&quot;:&quot;yes&quot;,&quot;background_motion_fx_devices&quot;:[&quot;desktop&quot;,&quot;laptop&quot;,&quot;tablet&quot;,&quot;mobile&quot;]}\">\n\t\t\t\t\t<div class=\"e-con-inner\">\n\t\t\t\t<div class=\"elementor-element elementor-element-0db5b41 elementor-widget elementor-widget-heading\" data-id=\"0db5b41\" data-element_type=\"widget\" data-widget_type=\"heading.default\">\n\t\t\t\t<div class=\"elementor-widget-container\">\n\t\t\t\t\t<h2 class=\"elementor-heading-title elementor-size-default\">Optimaliseer uw beursdeelname met de Easyfairs Belgium app<\/h2>\t\t\t\t<\/div>\n\t\t\t\t<\/div>\n\t\t\t\t<div class=\"elementor-element elementor-element-790ec75 elementor-widget elementor-widget-text-editor\" data-id=\"790ec75\" data-element_type=\"widget\" data-widget_type=\"text-editor.default\">\n\t\t\t\t<div class=\"elementor-widget-container\">\n\t\t\t\t\t\t\t\t\t<p>Ontdek de gloednieuwe Easyfairs Belgium app: d\u00e9 tool waarmee u meer haalt uit uw deelname aan de beurs. Maak connecties, plan afspraken en blijf top-of-mind bij klanten en prospects \u2013 allemaal via \u00e9\u00e9n handige app.<\/p><p>Of u nu een ervaren exposant bent of voor het eerst deelneemt, de Easyfairs Belgium app zorgt voor een professionele, persoonlijke en effici\u00ebnte beurservaring.<\/p>\t\t\t\t\t\t\t\t<\/div>\n\t\t\t\t<\/div>\n\t\t\t\t\t<\/div>\n\t\t\t\t<\/div>\n\t\t<div class=\"elementor-element elementor-element-4051364 e-flex e-con-boxed e-con e-parent\" data-id=\"4051364\" data-element_type=\"container\" data-settings=\"{&quot;background_background&quot;:&quot;classic&quot;}\">\n\t\t\t\t\t<div class=\"e-con-inner\">\n\t\t<div class=\"elementor-element elementor-element-119302a e-grid e-con-full e-con e-child\" data-id=\"119302a\" data-element_type=\"container\">\n\t\t<div class=\"elementor-element elementor-element-15c1e48 e-con-full e-flex e-con e-child\" data-id=\"15c1e48\" data-element_type=\"container\">\n\t\t\t\t<div class=\"elementor-element elementor-element-fcda8df elementor-widget elementor-widget-heading\" data-id=\"fcda8df\" data-element_type=\"widget\" data-widget_type=\"heading.default\">\n\t\t\t\t<div class=\"elementor-widget-container\">\n\t\t\t\t\t<h2 class=\"elementor-heading-title elementor-size-default\">De Easyfairs Belgium app<\/h2>\t\t\t\t<\/div>\n\t\t\t\t<\/div>\n\t\t\t\t<div class=\"elementor-element elementor-element-1e4befe elementor-widget elementor-widget-text-editor\" data-id=\"1e4befe\" data-element_type=\"widget\" data-widget_type=\"text-editor.default\">\n\t\t\t\t<div class=\"elementor-widget-container\">\n\t\t\t\t\t\t\t\t\t<p><strong>De Easyfairs Belgium app<\/strong> doet veel meer dan alleen uw planning beheren. Het is uw <strong>persoonlijke beursassistent<\/strong> die u ondersteunt vanaf het moment dat u uw deelname voorbereidt tot lang na afloop van het event. Door uw bedrijfsprofiel te koppelen aan de app via <strong>My Easyfairs<\/strong>, worden uw gegevens automatisch ingevuld. U hoeft enkel nog uw <strong>agenda te plannen<\/strong> en uw teamleden uit te nodigen, zodat bezoekers vooraf al contact kunnen opnemen en afspraken kunnen inboeken.<\/p><p>De app biedt<strong> gepersonaliseerde aanbevelingen<\/strong> op basis van uw <strong>interesses en professionele doelstellingen<\/strong>. Zo stelt hij u automatisch relevante bezoekers voor waarmee u gegarandeerd <strong>waardevolle connecties<\/strong> kunt opbouwen. Daarnaast kunt u eenvoudig communiceren, afspraken maken en uw aanwezigheid volledig afstemmen op uw eigen behoeften en doelen.<\/p>\t\t\t\t\t\t\t\t<\/div>\n\t\t\t\t<\/div>\n\t\t\t\t<\/div>\n\t\t<div class=\"elementor-element elementor-element-4c73e15 e-con-full e-flex e-con e-child\" data-id=\"4c73e15\" data-element_type=\"container\" data-settings=\"{&quot;background_background&quot;:&quot;slideshow&quot;,&quot;background_slideshow_gallery&quot;:[],&quot;background_slideshow_loop&quot;:&quot;yes&quot;,&quot;background_slideshow_slide_duration&quot;:5000,&quot;background_slideshow_slide_transition&quot;:&quot;fade&quot;,&quot;background_slideshow_transition_duration&quot;:500}\">\n\t\t<div class=\"elementor-element elementor-element-80f2aeb e-con-full e-flex e-con e-child\" data-id=\"80f2aeb\" data-element_type=\"container\" data-settings=\"{&quot;background_background&quot;:&quot;slideshow&quot;,&quot;background_slideshow_gallery&quot;:[{&quot;id&quot;:48373,&quot;url&quot;:&quot;https:\\\/\\\/www.advanced-manufacturing.be\\\/wp-content\\\/uploads\\\/sites\\\/277\\\/2025\\\/11\\\/LOWRES-3D2A2097.jpg&quot;}],&quot;background_slideshow_loop&quot;:&quot;yes&quot;,&quot;background_slideshow_slide_duration&quot;:5000,&quot;background_slideshow_slide_transition&quot;:&quot;fade&quot;,&quot;background_slideshow_transition_duration&quot;:500}\">\n\t\t\t\t<\/div>\n\t\t\t\t<\/div>\n\t\t\t\t<\/div>\n\t\t\t\t\t<\/div>\n\t\t\t\t<\/div>\n\t\t<div class=\"elementor-element elementor-element-6496f10 e-flex e-con-boxed e-con e-parent\" data-id=\"6496f10\" data-element_type=\"container\" data-settings=\"{&quot;background_background&quot;:&quot;classic&quot;}\">\n\t\t\t\t\t<div class=\"e-con-inner\">\n\t\t<div class=\"elementor-element elementor-element-c5b9102 e-grid e-con-full e-con e-child\" data-id=\"c5b9102\" data-element_type=\"container\">\n\t\t<div class=\"elementor-element elementor-element-f5b9010 e-con-full e-flex e-con e-child\" data-id=\"f5b9010\" data-element_type=\"container\" data-settings=\"{&quot;background_background&quot;:&quot;classic&quot;}\">\n\t\t<div class=\"elementor-element elementor-element-1fcfc71 e-grid e-con-full e-con e-child\" data-id=\"1fcfc71\" data-element_type=\"container\">\n\t\t\t\t<div class=\"elementor-element elementor-element-99c32d2 elementor-widget elementor-widget-heading\" data-id=\"99c32d2\" data-element_type=\"widget\" data-widget_type=\"heading.default\">\n\t\t\t\t<div class=\"elementor-widget-container\">\n\t\t\t\t\t<h2 class=\"elementor-heading-title elementor-size-default\">Zet de eerste stap en begin u bezoek al te plannen<\/h2>\t\t\t\t<\/div>\n\t\t\t\t<\/div>\n\t\t\t\t<div class=\"elementor-element elementor-element-417afd8 elementor-view-default elementor-widget elementor-widget-icon\" data-id=\"417afd8\" data-element_type=\"widget\" data-widget_type=\"icon.default\">\n\t\t\t\t<div class=\"elementor-widget-container\">\n\t\t\t\t\t\t\t<div class=\"elementor-icon-wrapper\">\n\t\t\t<div class=\"elementor-icon\">\n\t\t\t<i aria-hidden=\"true\" class=\"fas fa-rocket\"><\/i>\t\t\t<\/div>\n\t\t<\/div>\n\t\t\t\t\t\t<\/div>\n\t\t\t\t<\/div>\n\t\t\t\t<div class=\"elementor-element elementor-element-e359205 elementor-widget elementor-widget-text-editor\" data-id=\"e359205\" data-element_type=\"widget\" data-widget_type=\"text-editor.default\">\n\t\t\t\t<div class=\"elementor-widget-container\">\n\t\t\t\t\t\t\t\t\t<p>Het plannen van een bezoek aan Advanced Manufacturing is de sleutel tot een succesvolle ervaring. Met de nieuwe app wordt het eenvoudig om de beursdag volledig voor te bereiden, kansen te benutten en het meeste uit het evenement te halen!<\/p>\t\t\t\t\t\t\t\t<\/div>\n\t\t\t\t<\/div>\n\t\t\t\t<\/div>\n\t\t\t\t<\/div>\n\t\t<div class=\"elementor-element elementor-element-66dc042 e-con-full e-flex e-con e-child\" data-id=\"66dc042\" data-element_type=\"container\" data-settings=\"{&quot;background_background&quot;:&quot;classic&quot;}\">\n\t\t<div class=\"elementor-element elementor-element-3b90210 e-grid e-con-full e-con e-child\" data-id=\"3b90210\" data-element_type=\"container\">\n\t\t\t\t<div class=\"elementor-element elementor-element-0892f57 elementor-widget elementor-widget-heading\" data-id=\"0892f57\" data-element_type=\"widget\" data-widget_type=\"heading.default\">\n\t\t\t\t<div class=\"elementor-widget-container\">\n\t\t\t\t\t<h2 class=\"elementor-heading-title elementor-size-default\">Krijg op maat gemaakte aanbevelingen<\/h2>\t\t\t\t<\/div>\n\t\t\t\t<\/div>\n\t\t\t\t<div class=\"elementor-element elementor-element-ff92859 elementor-view-default elementor-widget elementor-widget-icon\" data-id=\"ff92859\" data-element_type=\"widget\" data-widget_type=\"icon.default\">\n\t\t\t\t<div class=\"elementor-widget-container\">\n\t\t\t\t\t\t\t<div class=\"elementor-icon-wrapper\">\n\t\t\t<div class=\"elementor-icon\">\n\t\t\t<i aria-hidden=\"true\" class=\"fas fa-handshake\"><\/i>\t\t\t<\/div>\n\t\t<\/div>\n\t\t\t\t\t\t<\/div>\n\t\t\t\t<\/div>\n\t\t\t\t<div class=\"elementor-element elementor-element-9902d4a elementor-widget elementor-widget-text-editor\" data-id=\"9902d4a\" data-element_type=\"widget\" data-widget_type=\"text-editor.default\">\n\t\t\t\t<div class=\"elementor-widget-container\">\n\t\t\t\t\t\t\t\t\t<p>Krijg gepersonaliseerde suggesties over de beste mensen om te ontmoeten. Dankzij slimme algoritmes worden voorkeuren geanalyseerd en worden de meest waardevolle connecties voor u geselecteerd.<\/p>\t\t\t\t\t\t\t\t<\/div>\n\t\t\t\t<\/div>\n\t\t\t\t<\/div>\n\t\t\t\t<\/div>\n\t\t<div class=\"elementor-element elementor-element-a3c42d0 e-con-full e-flex e-con e-child\" data-id=\"a3c42d0\" data-element_type=\"container\" data-settings=\"{&quot;background_background&quot;:&quot;classic&quot;}\">\n\t\t<div class=\"elementor-element elementor-element-3148940 e-grid e-con-full e-con e-child\" data-id=\"3148940\" data-element_type=\"container\">\n\t\t\t\t<div class=\"elementor-element elementor-element-3ad35f5 elementor-widget elementor-widget-heading\" data-id=\"3ad35f5\" data-element_type=\"widget\" data-widget_type=\"heading.default\">\n\t\t\t\t<div class=\"elementor-widget-container\">\n\t\t\t\t\t<h2 class=\"elementor-heading-title elementor-size-default\">Stel uw ideale programma samen!<\/h2>\t\t\t\t<\/div>\n\t\t\t\t<\/div>\n\t\t\t\t<div class=\"elementor-element elementor-element-8387851 elementor-view-default elementor-widget elementor-widget-icon\" data-id=\"8387851\" data-element_type=\"widget\" data-widget_type=\"icon.default\">\n\t\t\t\t<div class=\"elementor-widget-container\">\n\t\t\t\t\t\t\t<div class=\"elementor-icon-wrapper\">\n\t\t\t<div class=\"elementor-icon\">\n\t\t\t<i aria-hidden=\"true\" class=\"far fa-calendar-check\"><\/i>\t\t\t<\/div>\n\t\t<\/div>\n\t\t\t\t\t\t<\/div>\n\t\t\t\t<\/div>\n\t\t\t\t<div class=\"elementor-element elementor-element-87d6207 elementor-widget elementor-widget-text-editor\" data-id=\"87d6207\" data-element_type=\"widget\" data-widget_type=\"text-editor.default\">\n\t\t\t\t<div class=\"elementor-widget-container\">\n\t\t\t\t\t\t\t\t\t<p>Blijf altijd up-to-date en mis nooit meer een belangrijke sessie! Verken het seminarprogramma, duik dieper in de sprekers en onderwerpen, en voeg de sessies die u wilt bijwonen eenvoudig toe aan uw persoonlijke agenda.<\/p>\t\t\t\t\t\t\t\t<\/div>\n\t\t\t\t<\/div>\n\t\t\t\t<\/div>\n\t\t\t\t<\/div>\n\t\t\t\t<\/div>\n\t\t\t\t\t<\/div>\n\t\t\t\t<\/div>\n\t\t<div class=\"elementor-element elementor-element-2de6a1b e-flex e-con-boxed e-con e-parent\" data-id=\"2de6a1b\" data-element_type=\"container\" data-settings=\"{&quot;background_background&quot;:&quot;classic&quot;}\">\n\t\t\t\t\t<div class=\"e-con-inner\">\n\t\t<div class=\"elementor-element elementor-element-9d165f4 e-con-full e-flex e-con e-child\" data-id=\"9d165f4\" data-element_type=\"container\">\n\t\t\t\t<div class=\"elementor-element elementor-element-96b7836 elementor-widget elementor-widget-heading\" data-id=\"96b7836\" data-element_type=\"widget\" data-widget_type=\"heading.default\">\n\t\t\t\t<div class=\"elementor-widget-container\">\n\t\t\t\t\t<h2 class=\"elementor-heading-title elementor-size-default\">Voordelen van de Easyfairs Belgium app\u200b<\/h2>\t\t\t\t<\/div>\n\t\t\t\t<\/div>\n\t\t<div class=\"elementor-element elementor-element-1467436 e-con-full e-flex e-con e-child\" data-id=\"1467436\" data-element_type=\"container\">\n\t\t\t\t<div class=\"elementor-element elementor-element-6992821 elementor-widget elementor-widget-text-editor\" data-id=\"6992821\" data-element_type=\"widget\" data-widget_type=\"text-editor.default\">\n\t\t\t\t<div class=\"elementor-widget-container\">\n\t\t\t\t\t\t\t\t\t<table class=\"min-w-full aligncenter\" data-start=\"2452\" data-end=\"3020\"><thead data-start=\"2452\" data-end=\"2546\"><tr data-start=\"2452\" data-end=\"2546\"><th data-start=\"2452\" data-end=\"2474\">\ud83d\udcc8 <strong data-start=\"2457\" data-end=\"2473\">Netwerkboost<\/strong><\/th><th data-start=\"2474\" data-end=\"2546\">Vergroot de zichtbaarheid van uw bedrijf en ontmoet de juiste mensen<\/th><\/tr><\/thead><tbody data-start=\"2644\" data-end=\"3020\"><tr data-start=\"2644\" data-end=\"2738\"><td class=\"max-w-[calc(var(--thread-content-max-width)*2\/3)]\" data-start=\"2644\" data-end=\"2670\">\ud83d\udcc5 <strong data-start=\"2649\" data-end=\"2669\">Afsprakenplanner<\/strong><\/td><td class=\"max-w-[calc(var(--thread-content-max-width)*2\/3)] min-w-[calc(var(--thread-content-max-width)\/3)]\" data-start=\"2670\" data-end=\"2738\">Bezoekers kunnen vooraf meetings boeken, wat tijdswinst oplevert<\/td><\/tr><tr data-start=\"2739\" data-end=\"2835\"><td class=\"max-w-[calc(var(--thread-content-max-width)*2\/3)]\" data-start=\"2739\" data-end=\"2768\">\ud83d\udcac <strong data-start=\"2744\" data-end=\"2767\">Snelle communicatie<\/strong><\/td><td class=\"max-w-[calc(var(--thread-content-max-width)*2\/3)] min-w-[calc(var(--thread-content-max-width)\/3)]\" data-start=\"2768\" data-end=\"2835\">Chat met ge\u00efnteresseerde contacten v\u00f3\u00f3r, tijdens en na de beurs<\/td><\/tr><tr data-start=\"2836\" data-end=\"2929\"><td class=\"max-w-[calc(var(--thread-content-max-width)*2\/3)]\" data-start=\"2836\" data-end=\"2872\">\ud83e\udded <strong data-start=\"2841\" data-end=\"2871\">Persoonlijke aanbevelingen<\/strong><\/td><td class=\"max-w-[calc(var(--thread-content-max-width)*2\/3)] min-w-[calc(var(--thread-content-max-width)\/3)]\" data-start=\"2872\" data-end=\"2929\">Krijg suggesties op maat van uw profiel en interesses<\/td><\/tr><tr data-start=\"2930\" data-end=\"3020\"><td class=\"max-w-[calc(var(--thread-content-max-width)*2\/3)]\" data-start=\"2930\" data-end=\"2963\">\ud83d\udd10 <strong data-start=\"2935\" data-end=\"2962\">My Easyfairs-integratie<\/strong><\/td><td class=\"max-w-[calc(var(--thread-content-max-width)*2\/3)] min-w-[calc(var(--thread-content-max-width)\/3)]\" data-start=\"2963\" data-end=\"3020\">Alle info netjes gekoppeld en op \u00e9\u00e9n plek beschikbaar<\/td><\/tr><\/tbody><\/table>\t\t\t\t\t\t\t\t<\/div>\n\t\t\t\t<\/div>\n\t\t\t\t<\/div>\n\t\t\t\t<\/div>\n\t\t\t\t\t<\/div>\n\t\t\t\t<\/div>\n\t\t<div class=\"elementor-element elementor-element-d2f0ab5 e-flex e-con-boxed e-con e-parent\" data-id=\"d2f0ab5\" data-element_type=\"container\" data-settings=\"{&quot;background_background&quot;:&quot;classic&quot;}\">\n\t\t\t\t\t<div class=\"e-con-inner\">\n\t\t<div class=\"elementor-element elementor-element-958eb1f e-con-full e-flex e-con e-child\" data-id=\"958eb1f\" data-element_type=\"container\" data-settings=\"{&quot;background_background&quot;:&quot;classic&quot;,&quot;shape_divider_bottom&quot;:&quot;opacity-tilt&quot;}\">\n\t\t\t\t<div class=\"elementor-shape elementor-shape-bottom\" aria-hidden=\"true\" data-negative=\"false\">\n\t\t\t<svg xmlns=\"http:\/\/www.w3.org\/2000\/svg\" viewBox=\"0 0 2600 131.1\" preserveAspectRatio=\"none\">\n\t<path class=\"elementor-shape-fill\" d=\"M0 0L2600 0 2600 69.1 0 0z\"\/>\n\t<path class=\"elementor-shape-fill\" style=\"opacity:0.5\" d=\"M0 0L2600 0 2600 69.1 0 69.1z\"\/>\n\t<path class=\"elementor-shape-fill\" style=\"opacity:0.25\" d=\"M2600 0L0 0 0 130.1 2600 69.1z\"\/>\n<\/svg>\t\t<\/div>\n\t\t<div class=\"elementor-element elementor-element-6456ce4 e-flex e-con-boxed e-con e-child\" data-id=\"6456ce4\" data-element_type=\"container\" data-settings=\"{&quot;background_background&quot;:&quot;classic&quot;}\">\n\t\t\t\t\t<div class=\"e-con-inner\">\n\t\t<div class=\"elementor-element elementor-element-4cb1491 e-flex e-con-boxed e-con e-child\" data-id=\"4cb1491\" data-element_type=\"container\" data-settings=\"{&quot;background_background&quot;:&quot;classic&quot;}\">\n\t\t\t\t\t<div class=\"e-con-inner\">\n\t\t\t\t\t<\/div>\n\t\t\t\t<\/div>\n\t\t<div class=\"elementor-element elementor-element-2590281 e-flex e-con-boxed e-con e-child\" data-id=\"2590281\" data-element_type=\"container\">\n\t\t\t\t\t<div class=\"e-con-inner\">\n\t\t\t\t<div class=\"elementor-element elementor-element-12703cf elementor-widget elementor-widget-heading\" data-id=\"12703cf\" data-element_type=\"widget\" data-widget_type=\"heading.default\">\n\t\t\t\t<div class=\"elementor-widget-container\">\n\t\t\t\t\t<h2 class=\"elementor-heading-title elementor-size-default\">Hoe werkt het?<\/h2>\t\t\t\t<\/div>\n\t\t\t\t<\/div>\n\t\t\t\t<div class=\"elementor-element elementor-element-4eba1cf elementor-widget elementor-widget-text-editor\" data-id=\"4eba1cf\" data-element_type=\"widget\" data-widget_type=\"text-editor.default\">\n\t\t\t\t<div class=\"elementor-widget-container\">\n\t\t\t\t\t\t\t\t\t<ol><li data-start=\"101\" data-end=\"284\"><strong data-start=\"101\" data-end=\"128\">Registreer uw standteam<\/strong><br data-start=\"128\" data-end=\"131\" \/>Zodra uw standpersoneel is geregistreerd, ontvangen zij automatisch een e-mailuitnodiging om hun persoonlijke account in de <span data-olk-copy-source=\"MessageBody\">Easyfairs Belgium app<\/span> aan te maken.<\/li><li data-start=\"289\" data-end=\"488\"><strong data-start=\"289\" data-end=\"311\">Stel uw profiel op<\/strong><br data-start=\"311\" data-end=\"314\" \/>Vul uw gebruikersprofiel in en geef aan wat uw interesses zijn en waar u naar op zoek bent tijdens het event. Zo ontvangt u relevante connecties en aanbevelingen op maat.<\/li><li data-start=\"493\" data-end=\"692\"><strong data-start=\"493\" data-end=\"512\">Download de app<\/strong><br data-start=\"512\" data-end=\"515\" \/>Installeer de app op uw toestel en begin meteen met het plannen van afspraken, het leggen van connecties en het beheren van uw beursdeelname\u00a0 waar en wanneer u maar wilt.<\/li><\/ol>\t\t\t\t\t\t\t\t<\/div>\n\t\t\t\t<\/div>\n\t\t\t\t\t<\/div>\n\t\t\t\t<\/div>\n\t\t\t\t\t<\/div>\n\t\t\t\t<\/div>\n\t\t\t\t<\/div>\n\t\t\t\t\t<\/div>\n\t\t\t\t<\/div>\n\t\t<div class=\"elementor-element elementor-element-e84e39a e-flex e-con-boxed e-con e-parent\" data-id=\"e84e39a\" data-element_type=\"container\" data-settings=\"{&quot;background_background&quot;:&quot;classic&quot;}\">\n\t\t\t\t\t<div class=\"e-con-inner\">\n\t\t<div class=\"elementor-element elementor-element-b04b838 e-con-full e-flex e-con e-child\" data-id=\"b04b838\" data-element_type=\"container\" data-settings=\"{&quot;background_background&quot;:&quot;classic&quot;}\">\n\t\t\t\t<div class=\"elementor-element elementor-element-6f5b45f elementor-widget elementor-widget-heading\" data-id=\"6f5b45f\" data-element_type=\"widget\" data-widget_type=\"heading.default\">\n\t\t\t\t<div class=\"elementor-widget-container\">\n\t\t\t\t\t<h2 class=\"elementor-heading-title elementor-size-default\">Haal het maximale uit uw deelname!\n<\/h2>\t\t\t\t<\/div>\n\t\t\t\t<\/div>\n\t\t\t\t<div class=\"elementor-element elementor-element-e24a2c1 elementor-widget elementor-widget-text-editor\" data-id=\"e24a2c1\" data-element_type=\"widget\" data-widget_type=\"text-editor.default\">\n\t\t\t\t<div class=\"elementor-widget-container\">\n\t\t\t\t\t\t\t\t\t<p><span data-olk-copy-source=\"MessageBody\">De Easyfairs Belgium app<\/span> is meer dan gewoon een planningstool. Het is uw persoonlijke assistent, ontworpen om u een rijke, naadloze ervaring te bieden vanaf het moment dat u besluit ons te bezoeken tot het moment dat u vertrekt.<\/p><p>Optimaliseer uw beursbezoek, maak nieuwe connecties en blijf op de hoogte van alles wat Advanced Manufacturing te bieden heeft.<\/p>\t\t\t\t\t\t\t\t<\/div>\n\t\t\t\t<\/div>\n\t\t\t\t<div class=\"elementor-element elementor-element-f5e4a0f elementor-align-center elementor-widget elementor-widget-button\" data-id=\"f5e4a0f\" data-element_type=\"widget\" data-widget_type=\"button.default\">\n\t\t\t\t<div class=\"elementor-widget-container\">\n\t\t\t\t\t\t\t\t\t<div class=\"elementor-button-wrapper\">\n\t\t\t\t\t<a class=\"elementor-button elementor-button-link elementor-size-sm\" href=\"https:\/\/apps.apple.com\/nl\/app\/easyfairs-belgium\/id6680193572\">\n\t\t\t\t\t\t<span class=\"elementor-button-content-wrapper\">\n\t\t\t\t\t\t\t\t\t<span class=\"elementor-button-text\">Apple App Store <\/span>\n\t\t\t\t\t<\/span>\n\t\t\t\t\t<\/a>\n\t\t\t\t<\/div>\n\t\t\t\t\t\t\t\t<\/div>\n\t\t\t\t<\/div>\n\t\t\t\t<div class=\"elementor-element elementor-element-7f452cd elementor-align-center elementor-widget elementor-widget-button\" data-id=\"7f452cd\" data-element_type=\"widget\" data-widget_type=\"button.default\">\n\t\t\t\t<div class=\"elementor-widget-container\">\n\t\t\t\t\t\t\t\t\t<div class=\"elementor-button-wrapper\">\n\t\t\t\t\t<a class=\"elementor-button elementor-button-link elementor-size-sm\" href=\"https:\/\/play.google.com\/store\/apps\/details?id=events.grip.efbe1047&#038;hl=en\">\n\t\t\t\t\t\t<span class=\"elementor-button-content-wrapper\">\n\t\t\t\t\t\t\t\t\t<span class=\"elementor-button-text\">Google Play Store<\/span>\n\t\t\t\t\t<\/span>\n\t\t\t\t\t<\/a>\n\t\t\t\t<\/div>\n\t\t\t\t\t\t\t\t<\/div>\n\t\t\t\t<\/div>\n\t\t\t\t<\/div>\n\t\t\t\t\t<\/div>\n\t\t\t\t<\/div>\n\t\t\t\t<\/div>\n\t\t","protected":false},"excerpt":{"rendered":"<p>Optimaliseer uw beursdeelname met de Easyfairs Belgium app Ontdek de gloednieuwe Easyfairs Belgium app: d\u00e9 tool waarmee u meer haalt uit uw deelname aan de beurs. Maak connecties, plan afspraken en blijf top-of-mind bij klanten en prospects \u2013 allemaal via \u00e9\u00e9n handige app. Of u nu een ervaren exposant bent of voor het eerst deelneemt, [&hellip;]<\/p>\n","protected":false},"author":949,"featured_media":0,"parent":0,"menu_order":0,"comment_status":"closed","ping_status":"closed","template":"","meta":{"_seopress_robots_primary_cat":"","_seopress_titles_title":"","_seopress_titles_desc":"","_seopress_robots_index":"","footnotes":""},"class_list":["post-48385","page","type-page","status-publish","hentry"],"_links":{"self":[{"href":"https:\/\/www.advanced-manufacturing.be\/nl\/wp-json\/wp\/v2\/pages\/48385","targetHints":{"allow":["GET"]}}],"collection":[{"href":"https:\/\/www.advanced-manufacturing.be\/nl\/wp-json\/wp\/v2\/pages"}],"about":[{"href":"https:\/\/www.advanced-manufacturing.be\/nl\/wp-json\/wp\/v2\/types\/page"}],"author":[{"embeddable":true,"href":"https:\/\/www.advanced-manufacturing.be\/nl\/wp-json\/wp\/v2\/users\/949"}],"replies":[{"embeddable":true,"href":"https:\/\/www.advanced-manufacturing.be\/nl\/wp-json\/wp\/v2\/comments?post=48385"}],"version-history":[{"count":5,"href":"https:\/\/www.advanced-manufacturing.be\/nl\/wp-json\/wp\/v2\/pages\/48385\/revisions"}],"predecessor-version":[{"id":48889,"href":"https:\/\/www.advanced-manufacturing.be\/nl\/wp-json\/wp\/v2\/pages\/48385\/revisions\/48889"}],"wp:attachment":[{"href":"https:\/\/www.advanced-manufacturing.be\/nl\/wp-json\/wp\/v2\/media?parent=48385"}],"curies":[{"name":"wp","href":"https:\/\/api.w.org\/{rel}","templated":true}]}}