{"id":169,"date":"2022-12-27T12:59:14","date_gmt":"2022-12-27T12:59:14","guid":{"rendered":"https:\/\/www.advanced-manufacturing.be\/?page_id=169"},"modified":"2026-02-10T10:28:30","modified_gmt":"2026-02-10T10:28:30","slug":"deelnemen","status":"publish","type":"page","link":"https:\/\/www.advanced-manufacturing.be\/nl\/deelnemen\/","title":{"rendered":"Deelnemen"},"content":{"rendered":"\t\t<div data-elementor-type=\"wp-page\" data-elementor-id=\"169\" class=\"elementor elementor-169\" data-elementor-post-type=\"page\">\n\t\t\t\t<div class=\"elementor-element elementor-element-4c31226 e-flex e-con-boxed e-con e-parent\" data-id=\"4c31226\" data-element_type=\"container\" data-settings=\"{&quot;background_background&quot;:&quot;classic&quot;,&quot;background_motion_fx_motion_fx_scrolling&quot;:&quot;yes&quot;,&quot;background_motion_fx_devices&quot;:[&quot;desktop&quot;,&quot;laptop&quot;,&quot;tablet&quot;,&quot;mobile&quot;]}\">\n\t\t\t\t\t<div class=\"e-con-inner\">\n\t\t\t\t<div class=\"elementor-element elementor-element-adebd2d elementor-widget elementor-widget-heading\" data-id=\"adebd2d\" data-element_type=\"widget\" data-widget_type=\"heading.default\">\n\t\t\t\t<div class=\"elementor-widget-container\">\n\t\t\t\t\t<h2 class=\"elementor-heading-title elementor-size-default\">Advanced Manufacturing: Een locatie. Een ticket. Drie beurzen.<\/h2>\t\t\t\t<\/div>\n\t\t\t\t<\/div>\n\t\t\t\t<div class=\"elementor-element elementor-element-db26c5f elementor-widget elementor-widget-dynamic-button\" data-id=\"db26c5f\" data-element_type=\"widget\" data-widget_type=\"dynamic-button.default\">\n\t\t\t\t<div class=\"elementor-widget-container\">\n\t\t\t\t\t        <div class=\"elementor-button-wrapper\">\n            <a href=\"mailto:\/\/severine.ehlinger@easyfairs.com\" target=\"_blank\" class=\"elementor-button-link elementor-button elementor-size-sm elementor-animation-grow\" role=\"button\">\n                        <span class=\"elementor-button-content-wrapper\">\n\t\t\t\t\t\t<span class=\"elementor-button-text\">Boek uw stand<\/span>\n\t\t<\/span>\n                    <\/a>\n        <\/div>\n        \t\t\t\t<\/div>\n\t\t\t\t<\/div>\n\t\t\t\t\t<\/div>\n\t\t\t\t<\/div>\n\t\t<div class=\"elementor-element elementor-element-4ddec22 e-flex e-con-boxed e-con e-parent\" data-id=\"4ddec22\" data-element_type=\"container\" data-settings=\"{&quot;background_background&quot;:&quot;classic&quot;}\">\n\t\t\t\t\t<div class=\"e-con-inner\">\n\t\t<div class=\"elementor-element elementor-element-fc18b0a e-con-full e-flex e-con e-child\" data-id=\"fc18b0a\" data-element_type=\"container\" data-settings=\"{&quot;background_background&quot;:&quot;classic&quot;,&quot;animation&quot;:&quot;none&quot;}\">\n\t\t\t\t<div class=\"elementor-element elementor-element-01882c3 elementor-widget elementor-widget-heading\" data-id=\"01882c3\" data-element_type=\"widget\" data-widget_type=\"heading.default\">\n\t\t\t\t<div class=\"elementor-widget-container\">\n\t\t\t\t\t<h2 class=\"elementor-heading-title elementor-size-default\">Wie neemt deel?<\/h2>\t\t\t\t<\/div>\n\t\t\t\t<\/div>\n\t\t\t\t<div class=\"elementor-element elementor-element-2449ab6 elementor-widget elementor-widget-button\" data-id=\"2449ab6\" data-element_type=\"widget\" data-widget_type=\"button.default\">\n\t\t\t\t<div class=\"elementor-widget-container\">\n\t\t\t\t\t\t\t\t\t<div class=\"elementor-button-wrapper\">\n\t\t\t\t\t<a class=\"elementor-button elementor-button-link elementor-size-sm elementor-animation-grow\" href=\"https:\/\/www.advanced-manufacturing.be\/nl\/exposantenprofiel\/\">\n\t\t\t\t\t\t<span class=\"elementor-button-content-wrapper\">\n\t\t\t\t\t\t\t\t\t<span class=\"elementor-button-text\">Exposantenprofiel<\/span>\n\t\t\t\t\t<\/span>\n\t\t\t\t\t<\/a>\n\t\t\t\t<\/div>\n\t\t\t\t\t\t\t\t<\/div>\n\t\t\t\t<\/div>\n\t\t\t\t<\/div>\n\t\t<div class=\"elementor-element elementor-element-961a8e4 e-con-full e-flex e-con e-child\" data-id=\"961a8e4\" data-element_type=\"container\" data-settings=\"{&quot;background_background&quot;:&quot;classic&quot;,&quot;animation&quot;:&quot;none&quot;}\">\n\t\t\t\t<div class=\"elementor-element elementor-element-95b1100 elementor-widget elementor-widget-heading\" data-id=\"95b1100\" data-element_type=\"widget\" data-widget_type=\"heading.default\">\n\t\t\t\t<div class=\"elementor-widget-container\">\n\t\t\t\t\t<h2 class=\"elementor-heading-title elementor-size-default\">Wie bezoekt?<\/h2>\t\t\t\t<\/div>\n\t\t\t\t<\/div>\n\t\t\t\t<div class=\"elementor-element elementor-element-74da90e elementor-widget elementor-widget-button\" data-id=\"74da90e\" data-element_type=\"widget\" data-widget_type=\"button.default\">\n\t\t\t\t<div class=\"elementor-widget-container\">\n\t\t\t\t\t\t\t\t\t<div class=\"elementor-button-wrapper\">\n\t\t\t\t\t<a class=\"elementor-button elementor-button-link elementor-size-sm elementor-animation-grow\" href=\"https:\/\/www.advanced-manufacturing.be\/nl\/bezoekersprofiel\/\">\n\t\t\t\t\t\t<span class=\"elementor-button-content-wrapper\">\n\t\t\t\t\t\t\t\t\t<span class=\"elementor-button-text\">Bezoekersprofiel<\/span>\n\t\t\t\t\t<\/span>\n\t\t\t\t\t<\/a>\n\t\t\t\t<\/div>\n\t\t\t\t\t\t\t\t<\/div>\n\t\t\t\t<\/div>\n\t\t\t\t<\/div>\n\t\t\t\t\t<\/div>\n\t\t\t\t<\/div>\n\t\t<div class=\"elementor-element elementor-element-1bdf0f6 e-flex e-con-boxed e-con e-parent\" data-id=\"1bdf0f6\" data-element_type=\"container\" data-settings=\"{&quot;background_background&quot;:&quot;classic&quot;}\">\n\t\t\t\t\t<div class=\"e-con-inner\">\n\t\t<div class=\"elementor-element elementor-element-87a82a7 e-con-full e-flex e-con e-child\" data-id=\"87a82a7\" data-element_type=\"container\" data-settings=\"{&quot;motion_fx_devices&quot;:[&quot;desktop&quot;,&quot;laptop&quot;,&quot;tablet&quot;],&quot;background_background&quot;:&quot;classic&quot;,&quot;motion_fx_motion_fx_scrolling&quot;:&quot;yes&quot;}\">\n\t\t<div class=\"elementor-element elementor-element-0eab630 e-con-full e-flex e-con e-child\" data-id=\"0eab630\" data-element_type=\"container\" data-settings=\"{&quot;background_background&quot;:&quot;classic&quot;}\">\n\t\t\t\t<div class=\"elementor-element elementor-element-8858aa0 elementor-widget elementor-widget-heading\" data-id=\"8858aa0\" data-element_type=\"widget\" data-widget_type=\"heading.default\">\n\t\t\t\t<div class=\"elementor-widget-container\">\n\t\t\t\t\t<h2 class=\"elementor-heading-title elementor-size-default\">\u2018Welding Week is h\u00e9t moment voor innovatie en samenwerking\u2019<\/h2>\t\t\t\t<\/div>\n\t\t\t\t<\/div>\n\t\t\t\t<div class=\"elementor-element elementor-element-b4a9646 elementor-widget elementor-widget-text-editor\" data-id=\"b4a9646\" data-element_type=\"widget\" data-widget_type=\"text-editor.default\">\n\t\t\t\t<div class=\"elementor-widget-container\">\n\t\t\t\t\t\t\t\t\t<p>\u00a0\u201cDe afgelopen jaren is duidelijk geworden dat nabijheid en flexibiliteit steeds belangrijker worden in onze sector. Welding Week is d\u00e9 plek om sterke lokale partners te ontmoeten en samen te ontdekken hoe we processen slimmer en effici\u00ebnter kunnen maken. Daarnaast krijgen we de kans om onze compacte robotcellen te presenteren \u2013 innovaties die zich al binnen \u00e9\u00e9n jaar terugverdienen. Voor ons is dit h\u00e9t moment om kennis, technologie en inspiratie samen te brengen.\u201d<\/p><p>\u2014 Peter Pittomvils (CCO bij Valk Welding Group)<\/p>\t\t\t\t\t\t\t\t<\/div>\n\t\t\t\t<\/div>\n\t\t\t\t<\/div>\n\t\t<div class=\"elementor-element elementor-element-feba798 e-con-full e-flex e-con e-child\" data-id=\"feba798\" data-element_type=\"container\" data-settings=\"{&quot;background_background&quot;:&quot;classic&quot;}\">\n\t\t\t\t<div class=\"elementor-element elementor-element-baa0c5e elementor-widget elementor-widget-image\" data-id=\"baa0c5e\" data-element_type=\"widget\" data-widget_type=\"image.default\">\n\t\t\t\t<div class=\"elementor-widget-container\">\n\t\t\t\t\t\t\t\t\t\t\t\t\t\t\t<img decoding=\"async\" src=\"https:\/\/easyfairsassets.com\/sites\/277\/elementor\/thumbs\/1-1-rck2bjdgshnfpw1j5ljwimp2wmc5eq1yg1rr1tkuf4.png\" title=\"1\" alt=\"1\" loading=\"lazy\" \/>\t\t\t\t\t\t\t\t\t\t\t\t\t\t\t<\/div>\n\t\t\t\t<\/div>\n\t\t\t\t<\/div>\n\t\t\t\t<\/div>\n\t\t<div class=\"elementor-element elementor-element-bbe043f e-con-full e-flex e-con e-child\" data-id=\"bbe043f\" data-element_type=\"container\" data-settings=\"{&quot;motion_fx_devices&quot;:[&quot;desktop&quot;,&quot;laptop&quot;,&quot;tablet&quot;],&quot;background_background&quot;:&quot;classic&quot;,&quot;motion_fx_motion_fx_scrolling&quot;:&quot;yes&quot;}\">\n\t\t<div class=\"elementor-element elementor-element-34c28a6 e-con-full e-flex e-con e-child\" data-id=\"34c28a6\" data-element_type=\"container\" data-settings=\"{&quot;background_background&quot;:&quot;classic&quot;}\">\n\t\t\t\t<div class=\"elementor-element elementor-element-9c76cc2 elementor-widget elementor-widget-heading\" data-id=\"9c76cc2\" data-element_type=\"widget\" data-widget_type=\"heading.default\">\n\t\t\t\t<div class=\"elementor-widget-container\">\n\t\t\t\t\t<h2 class=\"elementor-heading-title elementor-size-default\"><strong>Innovatie ontdekken op BIL\/NIL Lassymposium en beursvloer<\/strong><\/h2>\t\t\t\t<\/div>\n\t\t\t\t<\/div>\n\t\t\t\t<div class=\"elementor-element elementor-element-0f05894 elementor-widget elementor-widget-text-editor\" data-id=\"0f05894\" data-element_type=\"widget\" data-widget_type=\"text-editor.default\">\n\t\t\t\t<div class=\"elementor-widget-container\">\n\t\t\t\t\t\t\t\t\t<p>De combinatie van ons BIL Lassymposium \u2014 waarop de evoluties op onder meer lastechnologisch en normtechnisch vlak weer uitgebreid aan bod zullen komen \u2014 met de mogelijkheid om daarna die innovaties ook op de beursvloer te bekijken, is en blijft enorm interessant.<\/p><p>\u2014 Bart Verstraeten, BIL<\/p>\t\t\t\t\t\t\t\t<\/div>\n\t\t\t\t<\/div>\n\t\t\t\t<\/div>\n\t\t<div class=\"elementor-element elementor-element-b72e904 e-con-full e-flex e-con e-child\" data-id=\"b72e904\" data-element_type=\"container\" data-settings=\"{&quot;background_background&quot;:&quot;classic&quot;}\">\n\t\t\t\t<div class=\"elementor-element elementor-element-27289f3 elementor-widget elementor-widget-image\" data-id=\"27289f3\" data-element_type=\"widget\" data-widget_type=\"image.default\">\n\t\t\t\t<div class=\"elementor-widget-container\">\n\t\t\t\t\t\t\t\t\t\t\t\t\t\t\t<img decoding=\"async\" src=\"https:\/\/easyfairsassets.com\/sites\/277\/elementor\/thumbs\/2-1-rck2ett4pm5kcr9hy0qw8st5r64ecl44wbyxiop8n4.png\" title=\"2\" alt=\"2\" loading=\"lazy\" \/>\t\t\t\t\t\t\t\t\t\t\t\t\t\t\t<\/div>\n\t\t\t\t<\/div>\n\t\t\t\t<\/div>\n\t\t\t\t<\/div>\n\t\t\t\t\t<\/div>\n\t\t\t\t<\/div>\n\t\t\t\t<\/div>\n\t\t","protected":false},"excerpt":{"rendered":"<p>Advanced Manufacturing: Een locatie. Een ticket. Drie beurzen. Boek uw stand Wie neemt deel? Exposantenprofiel Wie bezoekt? Bezoekersprofiel \u2018Welding Week is h\u00e9t moment voor innovatie en samenwerking\u2019 \u00a0\u201cDe afgelopen jaren is duidelijk geworden dat nabijheid en flexibiliteit steeds belangrijker worden in onze sector. Welding Week is d\u00e9 plek om sterke lokale partners te ontmoeten en [&hellip;]<\/p>\n","protected":false},"author":933,"featured_media":0,"parent":0,"menu_order":12,"comment_status":"closed","ping_status":"closed","template":"","meta":{"_seopress_robots_primary_cat":"","_seopress_titles_title":"Deelnemen | Advanced Manufacturing","_seopress_titles_desc":"Wie neemt er deel aan Advanced Manufacturing? Bekijk het hier, bezoek of neem deel en bereik de Benelux! ","_seopress_robots_index":"","footnotes":""},"class_list":["post-169","page","type-page","status-publish","hentry"],"_links":{"self":[{"href":"https:\/\/www.advanced-manufacturing.be\/nl\/wp-json\/wp\/v2\/pages\/169","targetHints":{"allow":["GET"]}}],"collection":[{"href":"https:\/\/www.advanced-manufacturing.be\/nl\/wp-json\/wp\/v2\/pages"}],"about":[{"href":"https:\/\/www.advanced-manufacturing.be\/nl\/wp-json\/wp\/v2\/types\/page"}],"author":[{"embeddable":true,"href":"https:\/\/www.advanced-manufacturing.be\/nl\/wp-json\/wp\/v2\/users\/933"}],"replies":[{"embeddable":true,"href":"https:\/\/www.advanced-manufacturing.be\/nl\/wp-json\/wp\/v2\/comments?post=169"}],"version-history":[{"count":5,"href":"https:\/\/www.advanced-manufacturing.be\/nl\/wp-json\/wp\/v2\/pages\/169\/revisions"}],"predecessor-version":[{"id":50745,"href":"https:\/\/www.advanced-manufacturing.be\/nl\/wp-json\/wp\/v2\/pages\/169\/revisions\/50745"}],"wp:attachment":[{"href":"https:\/\/www.advanced-manufacturing.be\/nl\/wp-json\/wp\/v2\/media?parent=169"}],"curies":[{"name":"wp","href":"https:\/\/api.w.org\/{rel}","templated":true}]}}