{"id":51437,"date":"2026-04-17T08:47:45","date_gmt":"2026-04-17T08:47:45","guid":{"rendered":"https:\/\/www.advanced-manufacturing.be\/?page_id=51437"},"modified":"2026-04-17T12:27:54","modified_gmt":"2026-04-17T12:27:54","slug":"la-zone-defense","status":"publish","type":"page","link":"https:\/\/www.advanced-manufacturing.be\/fr\/la-zone-defense\/","title":{"rendered":"La Zone D\u00e9fense"},"content":{"rendered":"\t\t<div data-elementor-type=\"wp-page\" data-elementor-id=\"51437\" class=\"elementor elementor-51437 elementor-51435\" data-elementor-post-type=\"page\">\n\t\t\t\t<div class=\"elementor-element elementor-element-e408446 e-flex e-con-boxed e-con e-parent\" data-id=\"e408446\" data-element_type=\"container\" data-settings=\"{&quot;background_background&quot;:&quot;video&quot;,&quot;background_video_link&quot;:&quot;https:\\\/\\\/www.youtube.com\\\/watch?v=_U0oONiF7Ok&quot;,&quot;background_video_start&quot;:0,&quot;background_video_end&quot;:30,&quot;background_play_on_mobile&quot;:&quot;yes&quot;,&quot;background_motion_fx_devices&quot;:[&quot;desktop&quot;,&quot;laptop&quot;,&quot;tablet&quot;,&quot;mobile&quot;]}\">\n\t\t\t\t\t<div class=\"e-con-inner\">\n\t\t<div class=\"elementor-background-video-container\" aria-hidden=\"true\">\n\t\t\t\t\t\t\t<div class=\"elementor-background-video-embed\"><\/div>\n\t\t\t\t\t\t<\/div>\t\t<div class=\"elementor-element elementor-element-4e48039 elementor-widget__width-initial elementor-widget elementor-widget-text-editor\" data-id=\"4e48039\" data-element_type=\"widget\" data-widget_type=\"text-editor.default\">\n\t\t\t\t<div class=\"elementor-widget-container\">\n\t\t\t\t\t\t\t\t\t<p>D\u00e9couvrez comment le minist\u00e8re de la D\u00e9fense met \u00e0 profit la technologie des m\u00e9taux et l&rsquo;innovation dans les conditions les plus exigeantes.<br \/>Des techniques de pr\u00e9cision sur le terrain aux applications avanc\u00e9es de l&rsquo;arm\u00e9e de l&rsquo;air \u2014 un savoir-faire qui fait toute la diff\u00e9rence.<\/p>\n\t\t\t\t\t\t\t\t<\/div>\n\t\t\t\t<\/div>\n\t\t\t\t<div class=\"elementor-element elementor-element-9d805a9 elementor-widget elementor-widget-dynamic-button\" data-id=\"9d805a9\" data-element_type=\"widget\" data-widget_type=\"dynamic-button.default\">\n\t\t\t\t<div class=\"elementor-widget-container\">\n\t\t\t\t\t        <div class=\"elementor-button-wrapper\">\n            <a href=\"https:\/\/register.visitcloud.com\/survey\/0kgeq9znbyzmg\" target=\"_blank\" class=\"elementor-button-link elementor-button elementor-size-sm elementor-animation-grow\" role=\"button\">\n                        <span class=\"elementor-button-content-wrapper\">\n\t\t\t\t\t\t<span class=\"elementor-button-text\">Inscrivez-vous ici<\/span>\n\t\t<\/span>\n                    <\/a>\n        <\/div>\n        \t\t\t\t<\/div>\n\t\t\t\t<\/div>\n\t\t\t\t\t<\/div>\n\t\t\t\t<\/div>\n\t\t<div class=\"elementor-element elementor-element-d074dc7 e-flex e-con-boxed e-con e-parent\" data-id=\"d074dc7\" data-element_type=\"container\" data-settings=\"{&quot;background_background&quot;:&quot;classic&quot;}\">\n\t\t\t\t\t<div class=\"e-con-inner\">\n\t\t<div class=\"elementor-element elementor-element-046c32c e-con-full e-flex e-con e-child\" data-id=\"046c32c\" data-element_type=\"container\">\n\t\t<div class=\"elementor-element elementor-element-9ece55a e-con-full e-flex e-con e-child\" data-id=\"9ece55a\" data-element_type=\"container\" data-settings=\"{&quot;background_background&quot;:&quot;classic&quot;}\">\n\t\t\t\t<div class=\"elementor-element elementor-element-6421924 elementor-widget elementor-widget-image\" data-id=\"6421924\" data-element_type=\"widget\" data-widget_type=\"image.default\">\n\t\t\t\t<div class=\"elementor-widget-container\">\n\t\t\t\t\t\t\t\t\t\t\t\t\t\t\t<img fetchpriority=\"high\" decoding=\"async\" width=\"800\" height=\"600\" src=\"https:\/\/easyfairsassets.com\/sites\/277\/2026\/04\/Falcon-1024x768.jpg\" class=\"attachment-large size-large wp-image-51446\" alt=\"\" srcset=\"https:\/\/easyfairsassets.com\/sites\/277\/2026\/04\/Falcon-1024x768.jpg 1024w, https:\/\/easyfairsassets.com\/sites\/277\/2026\/04\/Falcon-300x225.jpg 300w, https:\/\/easyfairsassets.com\/sites\/277\/2026\/04\/Falcon-768x576.jpg 768w, https:\/\/easyfairsassets.com\/sites\/277\/2026\/04\/Falcon-1536x1152.jpg 1536w, https:\/\/easyfairsassets.com\/sites\/277\/2026\/04\/Falcon.jpg 2048w\" sizes=\"(max-width: 800px) 100vw, 800px\" \/>\t\t\t\t\t\t\t\t\t\t\t\t\t\t\t<\/div>\n\t\t\t\t<\/div>\n\t\t\t\t<div class=\"elementor-element elementor-element-1a23693 elementor-widget elementor-widget-heading\" data-id=\"1a23693\" data-element_type=\"widget\" data-widget_type=\"heading.default\">\n\t\t\t\t<div class=\"elementor-widget-container\">\n\t\t\t\t\t<h2 class=\"elementor-heading-title elementor-size-default\">V\u00e9hicule de combat l\u00e9ger d'Oshkosh           <\/h2>\t\t\t\t<\/div>\n\t\t\t\t<\/div>\n\t\t\t\t<div class=\"elementor-element elementor-element-1c915df elementor-widget elementor-widget-text-editor\" data-id=\"1c915df\" data-element_type=\"widget\" data-widget_type=\"text-editor.default\">\n\t\t\t\t<div class=\"elementor-widget-container\">\n\t\t\t\t\t\t\t\t\t<p>Une pr\u00e9sence impressionnante sur le salon. <strong>L&rsquo;Oshkosh CLV (Falcon<\/strong>) allie une conception robuste \u00e0 une grande flexibilit\u00e9 op\u00e9rationnelle, et d\u00e9montre comment la m\u00e9canique de pr\u00e9cision et l&rsquo;usinage des m\u00e9taux r\u00e9sistent aux conditions les plus extr\u00eames.<\/p>\n\t\t\t\t\t\t\t\t<\/div>\n\t\t\t\t<\/div>\n\t\t\t\t<\/div>\n\t\t\t\t<\/div>\n\t\t<div class=\"elementor-element elementor-element-30fdf00 e-con-full e-flex e-con e-child\" data-id=\"30fdf00\" data-element_type=\"container\" data-settings=\"{&quot;background_background&quot;:&quot;classic&quot;}\">\n\t\t<div class=\"elementor-element elementor-element-6e11e53 e-con-full e-flex e-con e-child\" data-id=\"6e11e53\" data-element_type=\"container\" data-settings=\"{&quot;background_background&quot;:&quot;classic&quot;}\">\n\t\t\t\t<div class=\"elementor-element elementor-element-3938b54 elementor-widget elementor-widget-image\" data-id=\"3938b54\" data-element_type=\"widget\" data-widget_type=\"image.default\">\n\t\t\t\t<div class=\"elementor-widget-container\">\n\t\t\t\t\t\t\t\t\t\t\t\t\t\t\t<img decoding=\"async\" width=\"432\" height=\"240\" src=\"https:\/\/easyfairsassets.com\/sites\/277\/2026\/04\/undefined.png\" class=\"attachment-large size-large wp-image-51449\" alt=\"\" srcset=\"https:\/\/easyfairsassets.com\/sites\/277\/2026\/04\/undefined.png 432w, https:\/\/easyfairsassets.com\/sites\/277\/2026\/04\/undefined-300x167.png 300w\" sizes=\"(max-width: 432px) 100vw, 432px\" \/>\t\t\t\t\t\t\t\t\t\t\t\t\t\t\t<\/div>\n\t\t\t\t<\/div>\n\t\t\t\t<div class=\"elementor-element elementor-element-6c994be elementor-widget elementor-widget-heading\" data-id=\"6c994be\" data-element_type=\"widget\" data-widget_type=\"heading.default\">\n\t\t\t\t<div class=\"elementor-widget-container\">\n\t\t\t\t\t<h2 class=\"elementor-heading-title elementor-size-default\">Atelier mobile de m\u00e9tallurgie<\/h2>\t\t\t\t<\/div>\n\t\t\t\t<\/div>\n\t\t\t\t<div class=\"elementor-element elementor-element-cf524c4 elementor-widget elementor-widget-text-editor\" data-id=\"cf524c4\" data-element_type=\"widget\" data-widget_type=\"text-editor.default\">\n\t\t\t\t<div class=\"elementor-widget-container\">\n\t\t\t\t\t\t\t\t\t<p>Un atelier mobile enti\u00e8rement \u00e9quip\u00e9 pour les m\u00e9tallurgistes \u2014 utilis\u00e9 l\u00e0 o\u00f9 il manque souvent un espace de travail professionnel. La technologie sur le terrain.<\/p>\n\t\t\t\t\t\t\t\t<\/div>\n\t\t\t\t<\/div>\n\t\t\t\t<\/div>\n\t\t\t\t<\/div>\n\t\t\t\t\t<\/div>\n\t\t\t\t<\/div>\n\t\t<div class=\"elementor-element elementor-element-d8bc5b4 e-flex e-con-boxed e-con e-parent\" data-id=\"d8bc5b4\" data-element_type=\"container\" data-settings=\"{&quot;background_background&quot;:&quot;classic&quot;}\">\n\t\t\t\t\t<div class=\"e-con-inner\">\n\t\t\t\t<div class=\"elementor-element elementor-element-f971844 elementor-widget__width-initial elementor-widget elementor-widget-heading\" data-id=\"f971844\" data-element_type=\"widget\" data-widget_type=\"heading.default\">\n\t\t\t\t<div class=\"elementor-widget-container\">\n\t\t\t\t\t<h2 class=\"elementor-heading-title elementor-size-default\">Travailler \u00e0 la D\u00e9fense<\/h2>\t\t\t\t<\/div>\n\t\t\t\t<\/div>\n\t\t<div class=\"elementor-element elementor-element-0a685ff e-con-full e-flex e-con e-child\" data-id=\"0a685ff\" data-element_type=\"container\">\n\t\t<div class=\"elementor-element elementor-element-4bf839c e-con-full e-flex e-con e-child\" data-id=\"4bf839c\" data-element_type=\"container\">\n\t\t\t\t<div class=\"elementor-element elementor-element-df92987 elementor-widget elementor-widget-image\" data-id=\"df92987\" data-element_type=\"widget\" data-widget_type=\"image.default\">\n\t\t\t\t<div class=\"elementor-widget-container\">\n\t\t\t\t\t\t\t\t\t\t\t\t\t\t\t<img decoding=\"async\" width=\"800\" height=\"534\" src=\"https:\/\/easyfairsassets.com\/sites\/277\/2026\/04\/NT3_MAINT_001-1024x683.jpg\" class=\"attachment-large size-large wp-image-51458\" alt=\"\" srcset=\"https:\/\/easyfairsassets.com\/sites\/277\/2026\/04\/NT3_MAINT_001-1024x683.jpg 1024w, https:\/\/easyfairsassets.com\/sites\/277\/2026\/04\/NT3_MAINT_001-300x200.jpg 300w, https:\/\/easyfairsassets.com\/sites\/277\/2026\/04\/NT3_MAINT_001-768x512.jpg 768w, https:\/\/easyfairsassets.com\/sites\/277\/2026\/04\/NT3_MAINT_001-1536x1024.jpg 1536w, https:\/\/easyfairsassets.com\/sites\/277\/2026\/04\/NT3_MAINT_001-2048x1366.jpg 2048w\" sizes=\"(max-width: 800px) 100vw, 800px\" \/>\t\t\t\t\t\t\t\t\t\t\t\t\t\t\t<\/div>\n\t\t\t\t<\/div>\n\t\t\t\t<\/div>\n\t\t<div class=\"elementor-element elementor-element-7c1edd9 e-con-full e-flex e-con e-child\" data-id=\"7c1edd9\" data-element_type=\"container\">\n\t\t\t\t<div class=\"elementor-element elementor-element-917f918 elementor-widget elementor-widget-image\" data-id=\"917f918\" data-element_type=\"widget\" data-widget_type=\"image.default\">\n\t\t\t\t<div class=\"elementor-widget-container\">\n\t\t\t\t\t\t\t\t\t\t\t\t\t\t\t<img loading=\"lazy\" decoding=\"async\" width=\"800\" height=\"534\" src=\"https:\/\/easyfairsassets.com\/sites\/277\/2026\/04\/AT0_NH90_004-1-1024x683.jpg\" class=\"attachment-large size-large wp-image-51455\" alt=\"\" srcset=\"https:\/\/easyfairsassets.com\/sites\/277\/2026\/04\/AT0_NH90_004-1-1024x683.jpg 1024w, https:\/\/easyfairsassets.com\/sites\/277\/2026\/04\/AT0_NH90_004-1-300x200.jpg 300w, https:\/\/easyfairsassets.com\/sites\/277\/2026\/04\/AT0_NH90_004-1-768x512.jpg 768w, https:\/\/easyfairsassets.com\/sites\/277\/2026\/04\/AT0_NH90_004-1-1536x1024.jpg 1536w, https:\/\/easyfairsassets.com\/sites\/277\/2026\/04\/AT0_NH90_004-1-2048x1365.jpg 2048w\" sizes=\"(max-width: 800px) 100vw, 800px\" \/>\t\t\t\t\t\t\t\t\t\t\t\t\t\t\t<\/div>\n\t\t\t\t<\/div>\n\t\t\t\t<\/div>\n\t\t<div class=\"elementor-element elementor-element-b8cac83 e-con-full e-flex e-con e-child\" data-id=\"b8cac83\" data-element_type=\"container\">\n\t\t\t\t<div class=\"elementor-element elementor-element-8358fc8 elementor-widget elementor-widget-image\" data-id=\"8358fc8\" data-element_type=\"widget\" data-widget_type=\"image.default\">\n\t\t\t\t<div class=\"elementor-widget-container\">\n\t\t\t\t\t\t\t\t\t\t\t\t\t\t\t<img loading=\"lazy\" decoding=\"async\" width=\"800\" height=\"534\" src=\"https:\/\/easyfairsassets.com\/sites\/277\/2026\/04\/20241011_HR_TechLog_20240224-353-1024x683.jpg\" class=\"attachment-large size-large wp-image-51452\" alt=\"\" srcset=\"https:\/\/easyfairsassets.com\/sites\/277\/2026\/04\/20241011_HR_TechLog_20240224-353-1024x683.jpg 1024w, https:\/\/easyfairsassets.com\/sites\/277\/2026\/04\/20241011_HR_TechLog_20240224-353-300x200.jpg 300w, https:\/\/easyfairsassets.com\/sites\/277\/2026\/04\/20241011_HR_TechLog_20240224-353-768x512.jpg 768w, https:\/\/easyfairsassets.com\/sites\/277\/2026\/04\/20241011_HR_TechLog_20240224-353-1536x1024.jpg 1536w, https:\/\/easyfairsassets.com\/sites\/277\/2026\/04\/20241011_HR_TechLog_20240224-353-2048x1366.jpg 2048w\" sizes=\"(max-width: 800px) 100vw, 800px\" \/>\t\t\t\t\t\t\t\t\t\t\t\t\t\t\t<\/div>\n\t\t\t\t<\/div>\n\t\t\t\t<\/div>\n\t\t\t\t<\/div>\n\t\t\t\t<div class=\"elementor-element elementor-element-102cc0a elementor-widget__width-initial elementor-widget elementor-widget-text-editor\" data-id=\"102cc0a\" data-element_type=\"widget\" data-widget_type=\"text-editor.default\">\n\t\t\t\t<div class=\"elementor-widget-container\">\n\t\t\t\t\t\t\t\t\t<p>Vous \u00eates m\u00e9tallurgiste ou technicien qualifi\u00e9 ? La D\u00e9fense a plus \u00e0 vous offrir que vous ne le pensez. Venez nous rendre visite et d\u00e9couvrez les opportunit\u00e9s de carri\u00e8re qui s&rsquo;offrent \u00e0 vous.<\/p>\n\t\t\t\t\t\t\t\t<\/div>\n\t\t\t\t<\/div>\n\t\t\t\t\t<\/div>\n\t\t\t\t<\/div>\n\t\t<div class=\"elementor-element elementor-element-8cad4cd e-flex e-con-boxed e-con e-parent\" data-id=\"8cad4cd\" data-element_type=\"container\" data-settings=\"{&quot;background_background&quot;:&quot;classic&quot;}\">\n\t\t\t\t\t<div class=\"e-con-inner\">\n\t\t<div class=\"elementor-element elementor-element-e758ec7 e-con-full e-flex e-con e-child\" data-id=\"e758ec7\" data-element_type=\"container\" data-settings=\"{&quot;background_background&quot;:&quot;classic&quot;}\">\n\t\t\t\t<div class=\"elementor-element elementor-element-6604dd4 elementor-widget elementor-widget-heading\" data-id=\"6604dd4\" data-element_type=\"widget\" data-widget_type=\"heading.default\">\n\t\t\t\t<div class=\"elementor-widget-container\">\n\t\t\t\t\t<h2 class=\"elementor-heading-title elementor-size-default\">Session pl\u00e9ni\u00e8re suppl\u00e9mentaire :<\/h2>\t\t\t\t<\/div>\n\t\t\t\t<\/div>\n\t\t\t\t<div class=\"elementor-element elementor-element-17481d9 elementor-widget elementor-widget-text-editor\" data-id=\"17481d9\" data-element_type=\"widget\" data-widget_type=\"text-editor.default\">\n\t\t\t\t<div class=\"elementor-widget-container\">\n\t\t\t\t\t\t\t\t\t<h2>D\u00e9fense : Applications militaires<\/h2><br><div class=\"dz-session-meta\"><strong>Mercredi 20 mai, 15 h 00\u201315 h 30 <\/strong>\u00a0 \u00b7 M\u00eame salle que les journ\u00e9es BIL\/VCL Lasdagen<\/div><br>Comment l&rsquo;usinage des m\u00e9taux et l&rsquo;innovation jouent-ils un r\u00f4le crucial au sein de la D\u00e9fense ? Au cours de cette session unique, vous aurez un aper\u00e7u exclusif des coulisses des techniques militaires de r\u00e9paration et de maintenance. \u00c0 ne pas manquer pour tous ceux qui travaillent avec le m\u00e9tal ou s&rsquo;int\u00e9ressent aux applications de haut niveau.<br><div class=\"dz-speaker\">\r\n<div class=\"dz-speaker-info\"><strong>Tom Vermandere<\/strong>, Belgian Army Expedient Repair<\/div><br><\/div>\t\t\t\t\t\t\t\t<\/div>\n\t\t\t\t<\/div>\n\t\t\t\t<\/div>\n\t\t\t\t\t<\/div>\n\t\t\t\t<\/div>\n\t\t\t\t<\/div>\n\t\t","protected":false},"excerpt":{"rendered":"<p>D\u00e9couvrez comment le minist\u00e8re de la D\u00e9fense met \u00e0 profit la technologie des m\u00e9taux et l&rsquo;innovation dans les conditions les plus exigeantes.Des techniques de pr\u00e9cision sur le terrain aux applications avanc\u00e9es de l&rsquo;arm\u00e9e de l&rsquo;air \u2014 un savoir-faire qui fait toute la diff\u00e9rence. Inscrivez-vous ici V\u00e9hicule de combat l\u00e9ger d&rsquo;Oshkosh Une pr\u00e9sence impressionnante sur le [&hellip;]<\/p>\n","protected":false},"author":1614,"featured_media":0,"parent":0,"menu_order":14,"comment_status":"closed","ping_status":"closed","template":"","meta":{"_seopress_robots_primary_cat":"","_seopress_titles_title":"La Zone D\u00e9fense | Advanced Manufacturing","_seopress_titles_desc":"D\u00e9couvrez la Zone D\u00e9fense \u00e0 Advanced Manufacturing Anvers : v\u00e9hicule Oshkosh CLV, atelier mobile et session exclusive sur les applications m\u00e9talliques militaires.","_seopress_robots_index":"","footnotes":""},"class_list":["post-51437","page","type-page","status-publish","hentry"],"_links":{"self":[{"href":"https:\/\/www.advanced-manufacturing.be\/fr\/wp-json\/wp\/v2\/pages\/51437","targetHints":{"allow":["GET"]}}],"collection":[{"href":"https:\/\/www.advanced-manufacturing.be\/fr\/wp-json\/wp\/v2\/pages"}],"about":[{"href":"https:\/\/www.advanced-manufacturing.be\/fr\/wp-json\/wp\/v2\/types\/page"}],"author":[{"embeddable":true,"href":"https:\/\/www.advanced-manufacturing.be\/fr\/wp-json\/wp\/v2\/users\/1614"}],"replies":[{"embeddable":true,"href":"https:\/\/www.advanced-manufacturing.be\/fr\/wp-json\/wp\/v2\/comments?post=51437"}],"version-history":[{"count":3,"href":"https:\/\/www.advanced-manufacturing.be\/fr\/wp-json\/wp\/v2\/pages\/51437\/revisions"}],"predecessor-version":[{"id":51483,"href":"https:\/\/www.advanced-manufacturing.be\/fr\/wp-json\/wp\/v2\/pages\/51437\/revisions\/51483"}],"wp:attachment":[{"href":"https:\/\/www.advanced-manufacturing.be\/fr\/wp-json\/wp\/v2\/media?parent=51437"}],"curies":[{"name":"wp","href":"https:\/\/api.w.org\/{rel}","templated":true}]}}