{"id":51077,"date":"2026-03-09T10:24:07","date_gmt":"2026-03-09T10:24:07","guid":{"rendered":"https:\/\/www.advanced-manufacturing.be\/best-metal-project-2026-participants\/"},"modified":"2026-04-20T08:21:17","modified_gmt":"2026-04-20T08:21:17","slug":"best-metal-project-2026-participants","status":"publish","type":"page","link":"https:\/\/www.advanced-manufacturing.be\/fr\/best-metal-project-2026-participants\/","title":{"rendered":"Best Metal Project 2026 Participants"},"content":{"rendered":"\t\t<div data-elementor-type=\"wp-page\" data-elementor-id=\"51077\" class=\"elementor elementor-51077 elementor-51035\" data-elementor-post-type=\"page\">\n\t\t\t\t<div class=\"elementor-element elementor-element-a810131 e-flex e-con-boxed e-con e-parent\" data-id=\"a810131\" data-element_type=\"container\">\n\t\t\t\t\t<div class=\"e-con-inner\">\n\t\t<div class=\"elementor-element elementor-element-9681ba8 e-con-full e-flex e-con e-child\" data-id=\"9681ba8\" data-element_type=\"container\">\n\t\t\t\t<div class=\"elementor-element elementor-element-3566d25 elementor-widget elementor-widget-heading\" data-id=\"3566d25\" data-element_type=\"widget\" data-widget_type=\"heading.default\">\n\t\t\t\t<div class=\"elementor-widget-container\">\n\t\t\t\t\t<h2 class=\"elementor-heading-title elementor-size-default\">Best Metal Project 2026 Participants<\/h2>\t\t\t\t<\/div>\n\t\t\t\t<\/div>\n\t\t\t\t<div class=\"elementor-element elementor-element-66013b1 elementor-widget elementor-widget-text-editor\" data-id=\"66013b1\" data-element_type=\"widget\" data-widget_type=\"text-editor.default\">\n\t\t\t\t<div class=\"elementor-widget-container\">\n\t\t\t\t\t\t\t\t\t<p><strong>Best Metal Project 2026<\/strong> met \u00e0 l&rsquo;honneur les id\u00e9es innovantes et le savoir-faire technique dans le domaine du m\u00e9tal. <strong>Les \u00e9tudiants, artistes<\/strong> et <strong>professionnels<\/strong> sont invit\u00e9s \u00e0 soumettre leurs propres cr\u00e9ations m\u00e9talliques et \u00e0 pr\u00e9senter ainsi leur travail \u00e0 un large public issu du secteur.<\/p>\n<p>La candidature qui recueillera le plus grand nombre de votes sera r\u00e9compens\u00e9e par <a href=\"https:\/\/eu.mar.medallia.com\/?e=100011537&amp;d=l&amp;h=E9864CB7BC598F1&amp;l=fr\"><strong>un casque de soudage Sentinel\u2122 A70 PRO d&rsquo;ESAB<\/strong><\/a> et b\u00e9n\u00e9ficiera en outre d&rsquo;une<strong> visibilit\u00e9 accrue lors du salon Welding Week \u2013 Metal \u2013 Subcontracting.<\/strong><\/p>\n<p>Vous trouverez sur cette page les projets participants au Best Metal Project 2026. D\u00e9couvrez les diff\u00e9rentes cr\u00e9ations, faites connaissance avec leurs auteurs et laissez-vous inspirer par le savoir-faire et l&rsquo;innovation dans le domaine du m\u00e9tal.<\/p>\n\t\t\t\t\t\t\t\t<\/div>\n\t\t\t\t<\/div>\n\t\t\t\t<div class=\"elementor-element elementor-element-aefeb71 elementor-widget elementor-widget-button\" data-id=\"aefeb71\" data-element_type=\"widget\" data-widget_type=\"button.default\">\n\t\t\t\t<div class=\"elementor-widget-container\">\n\t\t\t\t\t\t\t\t\t<div class=\"elementor-button-wrapper\">\n\t\t\t\t\t<a class=\"elementor-button elementor-button-link elementor-size-sm\" href=\"https:\/\/eu.mar.medallia.com\/?e=100011537&#038;d=l&#038;h=E9864CB7BC598F1&#038;l=fr\">\n\t\t\t\t\t\t<span class=\"elementor-button-content-wrapper\">\n\t\t\t\t\t\t\t\t\t<span class=\"elementor-button-text\">Je souhaite participer<\/span>\n\t\t\t\t\t<\/span>\n\t\t\t\t\t<\/a>\n\t\t\t\t<\/div>\n\t\t\t\t\t\t\t\t<\/div>\n\t\t\t\t<\/div>\n\t\t\t\t<div class=\"elementor-element elementor-element-54215ff elementor-widget elementor-widget-image\" data-id=\"54215ff\" data-element_type=\"widget\" data-widget_type=\"image.default\">\n\t\t\t\t<div class=\"elementor-widget-container\">\n\t\t\t\t\t\t\t\t\t\t\t\t\t\t\t<img fetchpriority=\"high\" decoding=\"async\" width=\"750\" height=\"283\" src=\"https:\/\/easyfairsassets.com\/sites\/277\/2026\/04\/eb4ba153-5649-43a7-b178-851e4082367a.png\" class=\"attachment-large size-large wp-image-51398\" alt=\"\" srcset=\"https:\/\/easyfairsassets.com\/sites\/277\/2026\/04\/eb4ba153-5649-43a7-b178-851e4082367a.png 750w, https:\/\/easyfairsassets.com\/sites\/277\/2026\/04\/eb4ba153-5649-43a7-b178-851e4082367a-300x113.png 300w\" sizes=\"(max-width: 750px) 100vw, 750px\" \/>\t\t\t\t\t\t\t\t\t\t\t\t\t\t\t<\/div>\n\t\t\t\t<\/div>\n\t\t\t\t<\/div>\n\t\t\t\t\t<\/div>\n\t\t\t\t<\/div>\n\t\t<div class=\"elementor-element elementor-element-c4e89af e-flex e-con-boxed e-con e-parent\" data-id=\"c4e89af\" data-element_type=\"container\">\n\t\t\t\t\t<div class=\"e-con-inner\">\n\t\t<div class=\"elementor-element elementor-element-bcf6816 e-con-full e-flex e-con e-child\" data-id=\"bcf6816\" data-element_type=\"container\">\n\t\t<div class=\"elementor-element elementor-element-2653698 e-grid e-con-full e-con e-child\" data-id=\"2653698\" data-element_type=\"container\">\n\t\t<div class=\"elementor-element elementor-element-6dd9a21 e-con-full e-flex e-con e-child\" data-id=\"6dd9a21\" data-element_type=\"container\">\n\t\t\t\t<div class=\"elementor-element elementor-element-4f6d745 elementor-flip-box--effect-slide elementor-widget__width-initial elementor-widget-mobile__width-initial elementor-widget-laptop__width-initial elementor-flip-box--direction-up elementor-widget elementor-widget-flip-box\" data-id=\"4f6d745\" data-element_type=\"widget\" data-widget_type=\"flip-box.default\">\n\t\t\t\t<div class=\"elementor-widget-container\">\n\t\t\t\t\t\t\t<div class=\"elementor-flip-box\" tabindex=\"0\">\n\t\t\t<div class=\"elementor-flip-box__layer elementor-flip-box__front\">\n\t\t\t\t<div class=\"elementor-flip-box__layer__overlay\">\n\t\t\t\t\t<div class=\"elementor-flip-box__layer__inner\">\n\t\t\t\t\t\t\t\t\t\t\t\t\t<div class=\"elementor-icon-wrapper elementor-view-default\">\n\t\t\t\t\t\t\t\t<div class=\"elementor-icon\">\n\t\t\t\t\t\t\t\t\t\t\t\t\t\t\t\t\t<\/div>\n\t\t\t\t\t\t\t<\/div>\n\t\t\t\t\t\t\n\t\t\t\t\t\t\t\t\t\t\t\t\t<h3 class=\"elementor-flip-box__layer__title\">\n\t\t\t\t\t\t\t\tThe Fenix\t\t\t\t\t\t\t<\/h3>\n\t\t\t\t\t\t\n\t\t\t\t\t\t\t\t\t\t\t\t\t<div class=\"elementor-flip-box__layer__description\">\n\t\t\t\t\t\t\t\tART | Luc Loos\t\t\t\t\t\t\t<\/div>\n\t\t\t\t\t\t\t\t\t\t\t<\/div>\n\t\t\t\t<\/div>\n\t\t\t<\/div>\n\t\t\t<div class=\"elementor-flip-box__layer elementor-flip-box__back\">\n\t\t\t<div class=\"elementor-flip-box__layer__overlay\">\n\t\t\t\t<div class=\"elementor-flip-box__layer__inner\">\n\t\t\t\t\t\t\t\t\t\t\t<h3 class=\"elementor-flip-box__layer__title\">\n\t\t\t\t\t\t\tThe Fenix\t\t\t\t\t\t<\/h3>\n\t\t\t\t\t\n\t\t\t\t\t\t\t\t\t\t\t<div class=\"elementor-flip-box__layer__description\">\n\t\t\t\t\t\t\tCr\u00e9\u00e9 dans le style \u00ab spoon art \u00bb \u2014 un passe-temps qui a pris de l'ampleur pour devenir une passion professionnelle. Les principaux ingr\u00e9dients de ce personnage mythique sont des couverts en inox (18\/0 et 18\/10). Selon la l\u00e9gende, le ph\u00e9nix rena\u00eet de ses cendres tous les 500 ans. Avec une envergure de 110 cm, une longueur de 80 cm et 140 couteaux utilis\u00e9s, chaque pi\u00e8ce est soud\u00e9e \u00e0 l'int\u00e9rieur pour un r\u00e9sultat aussi r\u00e9aliste que possible.\t\t\t\t\t\t<\/div>\n\t\t\t\t\t\n\t\t\t\t\t\t\t\t<\/div>\n\t\t<\/div>\n\t\t<\/div>\n\t\t<\/div>\n\t\t\t\t\t\t<\/div>\n\t\t\t\t<\/div>\n\t\t\t\t<\/div>\n\t\t<div class=\"elementor-element elementor-element-d9991dc e-con-full e-flex e-con e-child\" data-id=\"d9991dc\" data-element_type=\"container\">\n\t\t\t\t<div class=\"elementor-element elementor-element-0e654e8 elementor-flip-box--effect-slide elementor-widget-tablet__width-initial elementor-widget-laptop__width-initial elementor-flip-box--direction-up elementor-widget elementor-widget-flip-box\" data-id=\"0e654e8\" data-element_type=\"widget\" data-widget_type=\"flip-box.default\">\n\t\t\t\t<div class=\"elementor-widget-container\">\n\t\t\t\t\t\t\t<div class=\"elementor-flip-box\" tabindex=\"0\">\n\t\t\t<div class=\"elementor-flip-box__layer elementor-flip-box__front\">\n\t\t\t\t<div class=\"elementor-flip-box__layer__overlay\">\n\t\t\t\t\t<div class=\"elementor-flip-box__layer__inner\">\n\t\t\t\t\t\t\t\t\t\t\t\t\t<div class=\"elementor-icon-wrapper elementor-view-default\">\n\t\t\t\t\t\t\t\t<div class=\"elementor-icon\">\n\t\t\t\t\t\t\t\t\t\t\t\t\t\t\t\t\t<\/div>\n\t\t\t\t\t\t\t<\/div>\n\t\t\t\t\t\t\n\t\t\t\t\t\t\t\t\t\t\t\t\t<h3 class=\"elementor-flip-box__layer__title\">\n\t\t\t\t\t\t\t\tSpongeBob\t\t\t\t\t\t\t<\/h3>\n\t\t\t\t\t\t\n\t\t\t\t\t\t\t\t\t\t\t\t\t<div class=\"elementor-flip-box__layer__description\">\n\t\t\t\t\t\t\t\tSTUDANT | Bart Cuypers | Sint Lambertus, Heist op den Berg\t\t\t\t\t\t\t<\/div>\n\t\t\t\t\t\t\t\t\t\t\t<\/div>\n\t\t\t\t<\/div>\n\t\t\t<\/div>\n\t\t\t<div class=\"elementor-flip-box__layer elementor-flip-box__back\">\n\t\t\t<div class=\"elementor-flip-box__layer__overlay\">\n\t\t\t\t<div class=\"elementor-flip-box__layer__inner\">\n\t\t\t\t\t\t\t\t\t\t\t<h3 class=\"elementor-flip-box__layer__title\">\n\t\t\t\t\t\t\tSpongeBob\t\t\t\t\t\t<\/h3>\n\t\t\t\t\t\n\t\t\t\t\t\t\t\t\t\t\t<div class=\"elementor-flip-box__layer__description\">\n\t\t\t\t\t\t\tCe Bob l'\u00e9ponge a \u00e9t\u00e9 r\u00e9alis\u00e9 l'ann\u00e9e scolaire derni\u00e8re par la classe de 5e ann\u00e9e en construction m\u00e9tallique. Des t\u00f4les, des tubes, ainsi que les techniques MAG et TIG ont \u00e9t\u00e9 utilis\u00e9s pour cr\u00e9er cette jolie petite \u0153uvre d'art. Sa taille totale est de 1 200 mm. Salutations de M. Cuypers, de l'\u00e9cole Sint Lambertus \u00e0 Heist op den Berg.\t\t\t\t\t\t<\/div>\n\t\t\t\t\t\n\t\t\t\t\t\t\t\t<\/div>\n\t\t<\/div>\n\t\t<\/div>\n\t\t<\/div>\n\t\t\t\t\t\t<\/div>\n\t\t\t\t<\/div>\n\t\t\t\t<\/div>\n\t\t\t\t<\/div>\n\t\t\t\t<\/div>\n\t\t\t\t\t<\/div>\n\t\t\t\t<\/div>\n\t\t<div class=\"elementor-element elementor-element-f36fcbf e-flex e-con-boxed e-con e-parent\" data-id=\"f36fcbf\" data-element_type=\"container\">\n\t\t\t\t\t<div class=\"e-con-inner\">\n\t\t<div class=\"elementor-element elementor-element-54e4a0d e-con-full e-flex e-con e-child\" data-id=\"54e4a0d\" data-element_type=\"container\">\n\t\t<div class=\"elementor-element elementor-element-a69b845 e-grid e-con-full e-con e-child\" data-id=\"a69b845\" data-element_type=\"container\">\n\t\t<div class=\"elementor-element elementor-element-d18bb12 e-con-full e-flex e-con e-child\" data-id=\"d18bb12\" data-element_type=\"container\">\n\t\t\t\t<div class=\"elementor-element elementor-element-3c77857 elementor-flip-box--effect-slide elementor-widget__width-initial elementor-widget-laptop__width-initial elementor-flip-box--direction-up elementor-widget elementor-widget-flip-box\" data-id=\"3c77857\" data-element_type=\"widget\" data-widget_type=\"flip-box.default\">\n\t\t\t\t<div class=\"elementor-widget-container\">\n\t\t\t\t\t\t\t<div class=\"elementor-flip-box\" tabindex=\"0\">\n\t\t\t<div class=\"elementor-flip-box__layer elementor-flip-box__front\">\n\t\t\t\t<div class=\"elementor-flip-box__layer__overlay\">\n\t\t\t\t\t<div class=\"elementor-flip-box__layer__inner\">\n\t\t\t\t\t\t\t\t\t\t\t\t\t<div class=\"elementor-icon-wrapper elementor-view-default\">\n\t\t\t\t\t\t\t\t<div class=\"elementor-icon\">\n\t\t\t\t\t\t\t\t\t\t\t\t\t\t\t\t\t<\/div>\n\t\t\t\t\t\t\t<\/div>\n\t\t\t\t\t\t\n\t\t\t\t\t\t\t\t\t\t\t\t\t<h3 class=\"elementor-flip-box__layer__title\">\n\t\t\t\t\t\t\t\tIron Chick\t\t\t\t\t\t\t<\/h3>\n\t\t\t\t\t\t\n\t\t\t\t\t\t\t\t\t\t\t\t\t<div class=\"elementor-flip-box__layer__description\">\n\t\t\t\t\t\t\t\tSTUDANT | Mats De Letter, ORC Dendermonde\t\t\t\t\t\t\t<\/div>\n\t\t\t\t\t\t\t\t\t\t\t<\/div>\n\t\t\t\t<\/div>\n\t\t\t<\/div>\n\t\t\t<div class=\"elementor-flip-box__layer elementor-flip-box__back\">\n\t\t\t<div class=\"elementor-flip-box__layer__overlay\">\n\t\t\t\t<div class=\"elementor-flip-box__layer__inner\">\n\t\t\t\t\t\t\t\t\t\t\t<h3 class=\"elementor-flip-box__layer__title\">\n\t\t\t\t\t\t\tIron Chick\t\t\t\t\t\t<\/h3>\n\t\t\t\t\t\n\t\t\t\t\t\t\t\t\t\t\t<div class=\"elementor-flip-box__layer__description\">\n\t\t\t\t\t\t\tJ'ai fabriqu\u00e9 cet oiseau en m\u00e9tal avec mon papa \u00e0 l'aide d'une machine semi-automatique. Les \u00e9tincelles volaient dans tous les sens, mais petit \u00e0 petit, il a pris forme. Ce n\u2019est pas parfait, mais c\u2019est enti\u00e8rement notre cr\u00e9ation. Ce n\u2019est pas n\u2019importe quel oiseau : on peut y mettre des fleurs. Je l\u2019ai offert \u00e0 ma grand-m\u00e8re, car elle prend toujours soin de tout le monde. D\u00e9sormais, cet oiseau peut redonner un peu de couleur \u00e0 son jardin. Pour moi, c\u2019est plus qu\u2019un simple projet : c\u2019est ma premi\u00e8re soudure.\t\t\t\t\t\t<\/div>\n\t\t\t\t\t\n\t\t\t\t\t\t\t\t<\/div>\n\t\t<\/div>\n\t\t<\/div>\n\t\t<\/div>\n\t\t\t\t\t\t<\/div>\n\t\t\t\t<\/div>\n\t\t\t\t<\/div>\n\t\t<div class=\"elementor-element elementor-element-ad181f2 e-con-full e-flex e-con e-child\" data-id=\"ad181f2\" data-element_type=\"container\">\n\t\t\t\t<div class=\"elementor-element elementor-element-eb66c2f elementor-flip-box--effect-slide elementor-widget__width-initial elementor-widget-laptop__width-initial elementor-flip-box--direction-up elementor-widget elementor-widget-flip-box\" data-id=\"eb66c2f\" data-element_type=\"widget\" data-widget_type=\"flip-box.default\">\n\t\t\t\t<div class=\"elementor-widget-container\">\n\t\t\t\t\t\t\t<div class=\"elementor-flip-box\" tabindex=\"0\">\n\t\t\t<div class=\"elementor-flip-box__layer elementor-flip-box__front\">\n\t\t\t\t<div class=\"elementor-flip-box__layer__overlay\">\n\t\t\t\t\t<div class=\"elementor-flip-box__layer__inner\">\n\t\t\t\t\t\t\t\t\t\t\t\t\t<div class=\"elementor-icon-wrapper elementor-view-default\">\n\t\t\t\t\t\t\t\t<div class=\"elementor-icon\">\n\t\t\t\t\t\t\t\t\t\t\t\t\t\t\t\t\t<\/div>\n\t\t\t\t\t\t\t<\/div>\n\t\t\t\t\t\t\n\t\t\t\t\t\t\t\t\t\t\t\t\t<h3 class=\"elementor-flip-box__layer__title\">\n\t\t\t\t\t\t\t\tSteel Minnions\t\t\t\t\t\t\t<\/h3>\n\t\t\t\t\t\t\n\t\t\t\t\t\t\t\t\t\t\t\t\t<div class=\"elementor-flip-box__layer__description\">\n\t\t\t\t\t\t\t\tART | Christophe De Letter, Oscar Romero college<br>\t\t\t\t\t\t\t<\/div>\n\t\t\t\t\t\t\t\t\t\t\t<\/div>\n\t\t\t\t<\/div>\n\t\t\t<\/div>\n\t\t\t<div class=\"elementor-flip-box__layer elementor-flip-box__back\">\n\t\t\t<div class=\"elementor-flip-box__layer__overlay\">\n\t\t\t\t<div class=\"elementor-flip-box__layer__inner\">\n\t\t\t\t\t\t\t\t\t\t\t<h3 class=\"elementor-flip-box__layer__title\">\n\t\t\t\t\t\t\tSteel Minnions\t\t\t\t\t\t<\/h3>\n\t\t\t\t\t\n\t\t\t\t\t\t\t\t\t\t\t<div class=\"elementor-flip-box__layer__description\">\n\t\t\t\t\t\t\tDes Minions que j'ai r\u00e9alis\u00e9s avec mes \u00e9l\u00e8ves en cours de soudure. Je voulais ainsi susciter l'int\u00e9r\u00eat des jeunes pour cette fili\u00e8re.\t\t\t\t\t\t<\/div>\n\t\t\t\t\t\n\t\t\t\t\t\t\t\t<\/div>\n\t\t<\/div>\n\t\t<\/div>\n\t\t<\/div>\n\t\t\t\t\t\t<\/div>\n\t\t\t\t<\/div>\n\t\t\t\t<\/div>\n\t\t<div class=\"elementor-element elementor-element-06bc21b e-con-full e-flex e-con e-child\" data-id=\"06bc21b\" data-element_type=\"container\">\n\t\t\t\t<div class=\"elementor-element elementor-element-f94284c elementor-flip-box--effect-slide elementor-widget__width-initial elementor-widget-laptop__width-initial elementor-flip-box--direction-up elementor-widget elementor-widget-flip-box\" data-id=\"f94284c\" data-element_type=\"widget\" data-widget_type=\"flip-box.default\">\n\t\t\t\t<div class=\"elementor-widget-container\">\n\t\t\t\t\t\t\t<div class=\"elementor-flip-box\" tabindex=\"0\">\n\t\t\t<div class=\"elementor-flip-box__layer elementor-flip-box__front\">\n\t\t\t\t<div class=\"elementor-flip-box__layer__overlay\">\n\t\t\t\t\t<div class=\"elementor-flip-box__layer__inner\">\n\t\t\t\t\t\t\t\t\t\t\t\t\t<div class=\"elementor-icon-wrapper elementor-view-default\">\n\t\t\t\t\t\t\t\t<div class=\"elementor-icon\">\n\t\t\t\t\t\t\t\t\t\t\t\t\t\t\t\t\t<\/div>\n\t\t\t\t\t\t\t<\/div>\n\t\t\t\t\t\t\n\t\t\t\t\t\t\t\t\t\t\t\t\t<h3 class=\"elementor-flip-box__layer__title\">\n\t\t\t\t\t\t\t\tV\u00e9lo de course\t\t\t\t\t\t\t<\/h3>\n\t\t\t\t\t\t\n\t\t\t\t\t\t\t\t\t\t\t\t\t<div class=\"elementor-flip-box__layer__description\">\n\t\t\t\t\t\t\t\tINDUSTRIAL | Jan Van den Reek<br>\t\t\t\t\t\t\t<\/div>\n\t\t\t\t\t\t\t\t\t\t\t<\/div>\n\t\t\t\t<\/div>\n\t\t\t<\/div>\n\t\t\t<div class=\"elementor-flip-box__layer elementor-flip-box__back\">\n\t\t\t<div class=\"elementor-flip-box__layer__overlay\">\n\t\t\t\t<div class=\"elementor-flip-box__layer__inner\">\n\t\t\t\t\t\t\t\t\t\t\t<h3 class=\"elementor-flip-box__layer__title\">\n\t\t\t\t\t\t\tV\u00e9lo de course\t\t\t\t\t\t<\/h3>\n\t\t\t\t\t\n\t\t\t\t\t\t\t\t\t\t\t<div class=\"elementor-flip-box__layer__description\">\n\t\t\t\t\t\t\tLe v\u00e9lo a \u00e9t\u00e9 fabriqu\u00e9 \u00e0 l'aide d'une machine d'\u00e9lectro\u00e9rosion \u00e0 fil Sodick avec un seul point de d\u00e9part et un seul point d'arriv\u00e9e, ce qui signifie qu'il a \u00e9t\u00e9 r\u00e9alis\u00e9 en un seul contour, sans interruption.\t\t\t\t\t\t<\/div>\n\t\t\t\t\t\n\t\t\t\t\t\t\t\t<\/div>\n\t\t<\/div>\n\t\t<\/div>\n\t\t<\/div>\n\t\t\t\t\t\t<\/div>\n\t\t\t\t<\/div>\n\t\t\t\t<\/div>\n\t\t\t\t<\/div>\n\t\t\t\t<\/div>\n\t\t\t\t\t<\/div>\n\t\t\t\t<\/div>\n\t\t<div class=\"elementor-element elementor-element-5dc03da e-flex e-con-boxed e-con e-parent\" data-id=\"5dc03da\" data-element_type=\"container\">\n\t\t\t\t\t<div class=\"e-con-inner\">\n\t\t\t\t<div class=\"elementor-element elementor-element-cfaa187 elementor-widget elementor-widget-button\" data-id=\"cfaa187\" data-element_type=\"widget\" data-widget_type=\"button.default\">\n\t\t\t\t<div class=\"elementor-widget-container\">\n\t\t\t\t\t\t\t\t\t<div class=\"elementor-button-wrapper\">\n\t\t\t\t\t<a class=\"elementor-button elementor-button-link elementor-size-sm\" href=\"https:\/\/eu.mar.medallia.com\/?e=100011537&#038;d=l&#038;h=E9864CB7BC598F1&#038;l=fr\">\n\t\t\t\t\t\t<span class=\"elementor-button-content-wrapper\">\n\t\t\t\t\t\t\t\t\t<span class=\"elementor-button-text\">https:\/\/eu.mar.medallia.com\/?e=100011537&amp;d=l&amp;h=E9864CB7BC598F1&amp;l=fr<\/span>\n\t\t\t\t\t<\/span>\n\t\t\t\t\t<\/a>\n\t\t\t\t<\/div>\n\t\t\t\t\t\t\t\t<\/div>\n\t\t\t\t<\/div>\n\t\t\t\t\t<\/div>\n\t\t\t\t<\/div>\n\t\t\t\t<\/div>\n\t\t","protected":false},"excerpt":{"rendered":"<p>Best Metal Project 2026 Participants Best Metal Project 2026 met \u00e0 l&rsquo;honneur les id\u00e9es innovantes et le savoir-faire technique dans le domaine du m\u00e9tal. Les \u00e9tudiants, artistes et professionnels sont invit\u00e9s \u00e0 soumettre leurs propres cr\u00e9ations m\u00e9talliques et \u00e0 pr\u00e9senter ainsi leur travail \u00e0 un large public issu du secteur. La candidature qui recueillera le [&hellip;]<\/p>\n","protected":false},"author":1614,"featured_media":0,"parent":0,"menu_order":0,"comment_status":"closed","ping_status":"closed","template":"","meta":{"_seopress_robots_primary_cat":"","_seopress_titles_title":"","_seopress_titles_desc":"","_seopress_robots_index":"","footnotes":""},"class_list":["post-51077","page","type-page","status-publish","hentry"],"_links":{"self":[{"href":"https:\/\/www.advanced-manufacturing.be\/fr\/wp-json\/wp\/v2\/pages\/51077","targetHints":{"allow":["GET"]}}],"collection":[{"href":"https:\/\/www.advanced-manufacturing.be\/fr\/wp-json\/wp\/v2\/pages"}],"about":[{"href":"https:\/\/www.advanced-manufacturing.be\/fr\/wp-json\/wp\/v2\/types\/page"}],"author":[{"embeddable":true,"href":"https:\/\/www.advanced-manufacturing.be\/fr\/wp-json\/wp\/v2\/users\/1614"}],"replies":[{"embeddable":true,"href":"https:\/\/www.advanced-manufacturing.be\/fr\/wp-json\/wp\/v2\/comments?post=51077"}],"version-history":[{"count":2,"href":"https:\/\/www.advanced-manufacturing.be\/fr\/wp-json\/wp\/v2\/pages\/51077\/revisions"}],"predecessor-version":[{"id":51545,"href":"https:\/\/www.advanced-manufacturing.be\/fr\/wp-json\/wp\/v2\/pages\/51077\/revisions\/51545"}],"wp:attachment":[{"href":"https:\/\/www.advanced-manufacturing.be\/fr\/wp-json\/wp\/v2\/media?parent=51077"}],"curies":[{"name":"wp","href":"https:\/\/api.w.org\/{rel}","templated":true}]}}