{"id":51073,"date":"2026-03-09T10:06:36","date_gmt":"2026-03-09T10:06:36","guid":{"rendered":"https:\/\/www.advanced-manufacturing.be\/participer\/best-metal-project-2026\/"},"modified":"2026-04-13T13:08:40","modified_gmt":"2026-04-13T13:08:40","slug":"best-metal-project-2026","status":"publish","type":"page","link":"https:\/\/www.advanced-manufacturing.be\/fr\/participer\/best-metal-project-2026\/","title":{"rendered":"Best Metal Project 2026"},"content":{"rendered":"\t\t<div data-elementor-type=\"wp-page\" data-elementor-id=\"51073\" class=\"elementor elementor-51073 elementor-50381\" data-elementor-post-type=\"page\">\n\t\t\t\t<div class=\"elementor-element elementor-element-7c638f7 e-flex e-con-boxed e-con e-parent\" data-id=\"7c638f7\" data-element_type=\"container\">\n\t\t\t\t\t<div class=\"e-con-inner\">\n\t\t\t\t<div class=\"elementor-element elementor-element-d50f102 elementor-widget elementor-widget-heading\" data-id=\"d50f102\" data-element_type=\"widget\" data-widget_type=\"heading.default\">\n\t\t\t\t<div class=\"elementor-widget-container\">\n\t\t\t\t\t<h2 class=\"elementor-heading-title elementor-size-default\">Best Metal Project 2026<\/h2>\t\t\t\t<\/div>\n\t\t\t\t<\/div>\n\t\t\t\t<div class=\"elementor-element elementor-element-ed95c93 elementor-widget elementor-widget-text-editor\" data-id=\"ed95c93\" data-element_type=\"widget\" data-widget_type=\"text-editor.default\">\n\t\t\t\t<div class=\"elementor-widget-container\">\n\t\t\t\t\t\t\t\t\t<p><strong>Best Metal Project 2026<\/strong> met \u00e0 l&rsquo;honneur les id\u00e9es innovantes et le savoir-faire technique dans le domaine du m\u00e9tal. Les \u00e9tudiants, artistes et professionnels sont invit\u00e9s \u00e0 soumettre leurs propres cr\u00e9ations m\u00e9talliques et \u00e0 pr\u00e9senter ainsi leur travail \u00e0 un large public issu du secteur.<\/p>\n<p>Une s\u00e9lection des candidatures sera pr\u00e9sent\u00e9e lors du salon sur <strong>un mur photo<\/strong> sp\u00e9cial, o\u00f9 les visiteurs pourront d\u00e9couvrir les diff\u00e9rents projets et voter pour leur favori. Les participants auront \u00e9galement la possibilit\u00e9 d&rsquo;<strong>exposer eux-m\u00eames leur travail sur le salon.<\/strong><\/p>\n<p>La candidature qui recueillera le plus grand nombre de votes sera r\u00e9compens\u00e9e par <a href=\"https:\/\/esab.com\/be\/eur_nl\/products-solutions\/product\/ppe-safety\/head-and-face\/sentinel-a70-pro\/\">un casque de soudage Sentinel\u2122 A70 PRO d&rsquo;ESAB<\/a> et b\u00e9n\u00e9ficiera en outre d&rsquo;une visibilit\u00e9 accrue lors du salon Welding Week \u2013 Metal \u2013 Subcontracting.<\/p>\n\t\t\t\t\t\t\t\t<\/div>\n\t\t\t\t<\/div>\n\t\t\t\t<div class=\"elementor-element elementor-element-d4c33ac elementor-widget elementor-widget-image\" data-id=\"d4c33ac\" data-element_type=\"widget\" data-widget_type=\"image.default\">\n\t\t\t\t<div class=\"elementor-widget-container\">\n\t\t\t\t\t\t\t\t\t\t\t\t\t\t\t\t<a href=\"https:\/\/esab.com\/be\/eur_nl\/products-solutions\/product\/ppe-safety\/head-and-face\/sentinel-a70-pro\/\">\n\t\t\t\t\t\t\t<img fetchpriority=\"high\" decoding=\"async\" width=\"750\" height=\"283\" src=\"https:\/\/easyfairsassets.com\/sites\/277\/2026\/04\/eb4ba153-5649-43a7-b178-851e4082367a.png\" class=\"attachment-large size-large wp-image-51398\" alt=\"\" srcset=\"https:\/\/easyfairsassets.com\/sites\/277\/2026\/04\/eb4ba153-5649-43a7-b178-851e4082367a.png 750w, https:\/\/easyfairsassets.com\/sites\/277\/2026\/04\/eb4ba153-5649-43a7-b178-851e4082367a-300x113.png 300w\" sizes=\"(max-width: 750px) 100vw, 750px\" \/>\t\t\t\t\t\t\t\t<\/a>\n\t\t\t\t\t\t\t\t\t\t\t\t\t\t\t<\/div>\n\t\t\t\t<\/div>\n\t\t<div class=\"elementor-element elementor-element-0e18672 e-con-full e-flex e-con e-child\" data-id=\"0e18672\" data-element_type=\"container\">\n\t\t\t\t<div class=\"elementor-element elementor-element-b87924c elementor-align-center elementor-widget elementor-widget-dynamic-button\" data-id=\"b87924c\" data-element_type=\"widget\" data-widget_type=\"dynamic-button.default\">\n\t\t\t\t<div class=\"elementor-widget-container\">\n\t\t\t\t\t        <div class=\"elementor-button-wrapper\">\n            <a href=\"https:\/\/eu.mar.medallia.com\/?e=100011537&#038;d=l&#038;h=E9864CB7BC598F1&#038;l=fr\" target=\"_blank\" class=\"elementor-button-link elementor-button elementor-size-lg elementor-animation-grow\" role=\"button\">\n                        <span class=\"elementor-button-content-wrapper\">\n\t\t\t                <span class=\"elementor-button-icon elementor-align-icon-right\">\n\t\t\t\t<i aria-hidden=\"true\" class=\"fas fa-arrow-right\"><\/i>\t\t\t<\/span>\n            \t\t\t<span class=\"elementor-button-text\">Enregistrez votre projet<\/span>\n\t\t<\/span>\n                    <\/a>\n        <\/div>\n        \t\t\t\t<\/div>\n\t\t\t\t<\/div>\n\t\t\t\t<div class=\"elementor-element elementor-element-e750d3f elementor-align-center elementor-widget elementor-widget-dynamic-button\" data-id=\"e750d3f\" data-element_type=\"widget\" data-widget_type=\"dynamic-button.default\">\n\t\t\t\t<div class=\"elementor-widget-container\">\n\t\t\t\t\t        <div class=\"elementor-button-wrapper\">\n            <a class=\"elementor-button elementor-size-lg\" role=\"button\">\n                        <span class=\"elementor-button-content-wrapper\">\n\t\t\t                <span class=\"elementor-button-icon elementor-align-icon-right\">\n\t\t\t\t<i aria-hidden=\"true\" class=\"fas fa-arrow-right\"><\/i>\t\t\t<\/span>\n            \t\t\t<span class=\"elementor-button-text\">Vote<\/span>\n\t\t<\/span>\n                    <\/a>\n        <\/div>\n        \t\t\t\t<\/div>\n\t\t\t\t<\/div>\n\t\t\t\t<\/div>\n\t\t\t\t\t<\/div>\n\t\t\t\t<\/div>\n\t\t<div class=\"elementor-element elementor-element-e58cb78 e-flex e-con-boxed e-con e-parent\" data-id=\"e58cb78\" data-element_type=\"container\">\n\t\t\t\t\t<div class=\"e-con-inner\">\n\t\t<div class=\"elementor-element elementor-element-c7c7728 e-con-full e-flex e-con e-child\" data-id=\"c7c7728\" data-element_type=\"container\">\n\t\t<div class=\"elementor-element elementor-element-a1fc817 e-con-full e-flex e-con e-child\" data-id=\"a1fc817\" data-element_type=\"container\">\n\t\t\t\t<\/div>\n\t\t<div class=\"elementor-element elementor-element-ccb9c3e e-con-full e-flex e-con e-child\" data-id=\"ccb9c3e\" data-element_type=\"container\" data-settings=\"{&quot;background_background&quot;:&quot;classic&quot;}\">\n\t\t\t\t<div class=\"elementor-element elementor-element-3b6b6a6 elementor-widget elementor-widget-heading\" data-id=\"3b6b6a6\" data-element_type=\"widget\" data-widget_type=\"heading.default\">\n\t\t\t\t<div class=\"elementor-widget-container\">\n\t\t\t\t\t<h2 class=\"elementor-heading-title elementor-size-default\">Art<\/h2>\t\t\t\t<\/div>\n\t\t\t\t<\/div>\n\t\t\t\t<div class=\"elementor-element elementor-element-54f1cd4 elementor-widget elementor-widget-text-editor\" data-id=\"54f1cd4\" data-element_type=\"widget\" data-widget_type=\"text-editor.default\">\n\t\t\t\t<div class=\"elementor-widget-container\">\n\t\t\t\t\t\t\t\t\t<p>Le m\u00e9tal comme moyen d&rsquo;expression artistique. Dans cette cat\u00e9gorie, les artistes ont toute latitude pour exprimer leur vision, leur cr\u00e9ativit\u00e9 et leur savoir-faire \u00e0 travers des cr\u00e9ations m\u00e9talliques uniques.<\/p>\n\t\t\t\t\t\t\t\t<\/div>\n\t\t\t\t<\/div>\n\t\t\t\t<div class=\"elementor-element elementor-element-fe870cf elementor-widget elementor-widget-dynamic-button\" data-id=\"fe870cf\" data-element_type=\"widget\" data-widget_type=\"dynamic-button.default\">\n\t\t\t\t<div class=\"elementor-widget-container\">\n\t\t\t\t\t        <div class=\"elementor-button-wrapper\">\n            <a href=\"https:\/\/www.advanced-manufacturing.be\/nl\/best-welding-contest-2026-deelnemers\/\" target=\"_blank\" class=\"elementor-button-link elementor-button elementor-size-sm elementor-animation-grow\" role=\"button\">\n                        <span class=\"elementor-button-content-wrapper\">\n\t\t\t                <span class=\"elementor-button-icon elementor-align-icon-right\">\n\t\t\t\t<i aria-hidden=\"true\" class=\"fas fa-arrow-right\"><\/i>\t\t\t<\/span>\n            \t\t\t<span class=\"elementor-button-text\">D\u00e9couvrez les projets ici<\/span>\n\t\t<\/span>\n                    <\/a>\n        <\/div>\n        \t\t\t\t<\/div>\n\t\t\t\t<\/div>\n\t\t\t\t<\/div>\n\t\t\t\t<\/div>\n\t\t<div class=\"elementor-element elementor-element-8c2591b e-con-full e-flex e-con e-child\" data-id=\"8c2591b\" data-element_type=\"container\">\n\t\t<div class=\"elementor-element elementor-element-5383e67 e-con-full e-flex e-con e-child\" data-id=\"5383e67\" data-element_type=\"container\">\n\t\t\t\t<\/div>\n\t\t<div class=\"elementor-element elementor-element-055dca5 e-con-full e-flex e-con e-child\" data-id=\"055dca5\" data-element_type=\"container\" data-settings=\"{&quot;background_background&quot;:&quot;classic&quot;}\">\n\t\t\t\t<div class=\"elementor-element elementor-element-6d85ee9 elementor-widget elementor-widget-heading\" data-id=\"6d85ee9\" data-element_type=\"widget\" data-widget_type=\"heading.default\">\n\t\t\t\t<div class=\"elementor-widget-container\">\n\t\t\t\t\t<h2 class=\"elementor-heading-title elementor-size-default\">Industriel<\/h2>\t\t\t\t<\/div>\n\t\t\t\t<\/div>\n\t\t\t\t<div class=\"elementor-element elementor-element-2722417 elementor-widget elementor-widget-text-editor\" data-id=\"2722417\" data-element_type=\"widget\" data-widget_type=\"text-editor.default\">\n\t\t\t\t<div class=\"elementor-widget-container\">\n\t\t\t\t\t\t\t\t\t<p>Le savoir-faire pratique est ici au c\u0153ur de l&rsquo;attention. Des professionnels du secteur pr\u00e9sentent des projets qui se distinguent par leur technique, leur innovation et leur finition.<\/p>\n\t\t\t\t\t\t\t\t<\/div>\n\t\t\t\t<\/div>\n\t\t\t\t<div class=\"elementor-element elementor-element-c17c6fe elementor-widget elementor-widget-dynamic-button\" data-id=\"c17c6fe\" data-element_type=\"widget\" data-widget_type=\"dynamic-button.default\">\n\t\t\t\t<div class=\"elementor-widget-container\">\n\t\t\t\t\t        <div class=\"elementor-button-wrapper\">\n            <a href=\"https:\/\/www.advanced-manufacturing.be\/nl\/best-welding-contest-2026-deelnemers\/\" target=\"_blank\" class=\"elementor-button-link elementor-button elementor-size-sm elementor-animation-grow\" role=\"button\">\n                        <span class=\"elementor-button-content-wrapper\">\n\t\t\t                <span class=\"elementor-button-icon elementor-align-icon-right\">\n\t\t\t\t<i aria-hidden=\"true\" class=\"fas fa-arrow-right\"><\/i>\t\t\t<\/span>\n            \t\t\t<span class=\"elementor-button-text\">D\u00e9couvrez les projets ici<\/span>\n\t\t<\/span>\n                    <\/a>\n        <\/div>\n        \t\t\t\t<\/div>\n\t\t\t\t<\/div>\n\t\t\t\t<\/div>\n\t\t\t\t<\/div>\n\t\t<div class=\"elementor-element elementor-element-5481089 e-con-full e-flex e-con e-child\" data-id=\"5481089\" data-element_type=\"container\">\n\t\t<div class=\"elementor-element elementor-element-f967450 e-con-full e-flex e-con e-child\" data-id=\"f967450\" data-element_type=\"container\">\n\t\t\t\t<\/div>\n\t\t<div class=\"elementor-element elementor-element-053c654 e-con-full e-flex e-con e-child\" data-id=\"053c654\" data-element_type=\"container\" data-settings=\"{&quot;background_background&quot;:&quot;classic&quot;}\">\n\t\t\t\t<div class=\"elementor-element elementor-element-11c9240 elementor-widget elementor-widget-heading\" data-id=\"11c9240\" data-element_type=\"widget\" data-widget_type=\"heading.default\">\n\t\t\t\t<div class=\"elementor-widget-container\">\n\t\t\t\t\t<h2 class=\"elementor-heading-title elementor-size-default\">\u00c9tudiant<\/h2>\t\t\t\t<\/div>\n\t\t\t\t<\/div>\n\t\t\t\t<div class=\"elementor-element elementor-element-5b82219 elementor-widget elementor-widget-text-editor\" data-id=\"5b82219\" data-element_type=\"widget\" data-widget_type=\"text-editor.default\">\n\t\t\t\t<div class=\"elementor-widget-container\">\n\t\t\t\t\t\t\t\t\t<p>Les jeunes talents d\u00e9montrent leur cr\u00e9ativit\u00e9 et leurs comp\u00e9tences techniques dans le domaine du m\u00e9tal. Cette cat\u00e9gorie offre aux \u00e9tudiants l&rsquo;occasion de pr\u00e9senter leurs projets \u00e0 des professionnels du secteur.<\/p>\n\t\t\t\t\t\t\t\t<\/div>\n\t\t\t\t<\/div>\n\t\t\t\t<div class=\"elementor-element elementor-element-0956f17 elementor-widget elementor-widget-dynamic-button\" data-id=\"0956f17\" data-element_type=\"widget\" data-widget_type=\"dynamic-button.default\">\n\t\t\t\t<div class=\"elementor-widget-container\">\n\t\t\t\t\t        <div class=\"elementor-button-wrapper\">\n            <a href=\"https:\/\/www.advanced-manufacturing.be\/nl\/best-welding-contest-2026-deelnemers\/\" target=\"_blank\" class=\"elementor-button-link elementor-button elementor-size-sm elementor-animation-grow\" role=\"button\">\n                        <span class=\"elementor-button-content-wrapper\">\n\t\t\t                <span class=\"elementor-button-icon elementor-align-icon-right\">\n\t\t\t\t<i aria-hidden=\"true\" class=\"fas fa-arrow-right\"><\/i>\t\t\t<\/span>\n            \t\t\t<span class=\"elementor-button-text\">D\u00e9couvrez les projets ici<\/span>\n\t\t<\/span>\n                    <\/a>\n        <\/div>\n        \t\t\t\t<\/div>\n\t\t\t\t<\/div>\n\t\t\t\t<\/div>\n\t\t\t\t<\/div>\n\t\t\t\t\t<\/div>\n\t\t\t\t<\/div>\n\t\t<div class=\"elementor-element elementor-element-8e04fa0 e-flex e-con-boxed e-con e-parent\" data-id=\"8e04fa0\" data-element_type=\"container\">\n\t\t\t\t\t<div class=\"e-con-inner\">\n\t\t<div class=\"elementor-element elementor-element-6a48a7d e-con-full e-flex e-con e-child\" data-id=\"6a48a7d\" data-element_type=\"container\">\n\t\t\t\t<div class=\"elementor-element elementor-element-232f7a2 elementor-align-center elementor-widget elementor-widget-dynamic-button\" data-id=\"232f7a2\" data-element_type=\"widget\" data-widget_type=\"dynamic-button.default\">\n\t\t\t\t<div class=\"elementor-widget-container\">\n\t\t\t\t\t        <div class=\"elementor-button-wrapper\">\n            <a href=\"https:\/\/eu.mar.medallia.com\/?e=100011537&#038;d=l&#038;h=E9864CB7BC598F1&#038;l=fr\" target=\"_blank\" class=\"elementor-button-link elementor-button elementor-size-lg elementor-animation-grow\" role=\"button\">\n                        <span class=\"elementor-button-content-wrapper\">\n\t\t\t                <span class=\"elementor-button-icon elementor-align-icon-right\">\n\t\t\t\t<i aria-hidden=\"true\" class=\"fas fa-arrow-right\"><\/i>\t\t\t<\/span>\n            \t\t\t<span class=\"elementor-button-text\">Enregistrez votre projet<\/span>\n\t\t<\/span>\n                    <\/a>\n        <\/div>\n        \t\t\t\t<\/div>\n\t\t\t\t<\/div>\n\t\t\t\t<div class=\"elementor-element elementor-element-f3d9f57 elementor-align-center elementor-widget elementor-widget-dynamic-button\" data-id=\"f3d9f57\" data-element_type=\"widget\" data-widget_type=\"dynamic-button.default\">\n\t\t\t\t<div class=\"elementor-widget-container\">\n\t\t\t\t\t        <div class=\"elementor-button-wrapper\">\n            <a class=\"elementor-button elementor-size-lg\" role=\"button\">\n                        <span class=\"elementor-button-content-wrapper\">\n\t\t\t                <span class=\"elementor-button-icon elementor-align-icon-right\">\n\t\t\t\t<i aria-hidden=\"true\" class=\"fas fa-arrow-right\"><\/i>\t\t\t<\/span>\n            \t\t\t<span class=\"elementor-button-text\">Vote<\/span>\n\t\t<\/span>\n                    <\/a>\n        <\/div>\n        \t\t\t\t<\/div>\n\t\t\t\t<\/div>\n\t\t\t\t<\/div>\n\t\t\t\t\t<\/div>\n\t\t\t\t<\/div>\n\t\t\t\t<\/div>\n\t\t","protected":false},"excerpt":{"rendered":"<p>Best Metal Project 2026 Best Metal Project 2026 met \u00e0 l&rsquo;honneur les id\u00e9es innovantes et le savoir-faire technique dans le domaine du m\u00e9tal. Les \u00e9tudiants, artistes et professionnels sont invit\u00e9s \u00e0 soumettre leurs propres cr\u00e9ations m\u00e9talliques et \u00e0 pr\u00e9senter ainsi leur travail \u00e0 un large public issu du secteur. Une s\u00e9lection des candidatures sera pr\u00e9sent\u00e9e [&hellip;]<\/p>\n","protected":false},"author":949,"featured_media":0,"parent":1981,"menu_order":0,"comment_status":"closed","ping_status":"closed","template":"","meta":{"_seopress_robots_primary_cat":"","_seopress_titles_title":"","_seopress_titles_desc":"","_seopress_robots_index":"","footnotes":""},"class_list":["post-51073","page","type-page","status-publish","hentry"],"_links":{"self":[{"href":"https:\/\/www.advanced-manufacturing.be\/fr\/wp-json\/wp\/v2\/pages\/51073","targetHints":{"allow":["GET"]}}],"collection":[{"href":"https:\/\/www.advanced-manufacturing.be\/fr\/wp-json\/wp\/v2\/pages"}],"about":[{"href":"https:\/\/www.advanced-manufacturing.be\/fr\/wp-json\/wp\/v2\/types\/page"}],"author":[{"embeddable":true,"href":"https:\/\/www.advanced-manufacturing.be\/fr\/wp-json\/wp\/v2\/users\/949"}],"replies":[{"embeddable":true,"href":"https:\/\/www.advanced-manufacturing.be\/fr\/wp-json\/wp\/v2\/comments?post=51073"}],"version-history":[{"count":4,"href":"https:\/\/www.advanced-manufacturing.be\/fr\/wp-json\/wp\/v2\/pages\/51073\/revisions"}],"predecessor-version":[{"id":51402,"href":"https:\/\/www.advanced-manufacturing.be\/fr\/wp-json\/wp\/v2\/pages\/51073\/revisions\/51402"}],"up":[{"embeddable":true,"href":"https:\/\/www.advanced-manufacturing.be\/fr\/wp-json\/wp\/v2\/pages\/1981"}],"wp:attachment":[{"href":"https:\/\/www.advanced-manufacturing.be\/fr\/wp-json\/wp\/v2\/media?parent=51073"}],"curies":[{"name":"wp","href":"https:\/\/api.w.org\/{rel}","templated":true}]}}