{"id":48592,"date":"2025-12-03T11:39:06","date_gmt":"2025-12-03T11:39:06","guid":{"rendered":"https:\/\/www.advanced-manufacturing.be\/smart-badge-vs-visit-connect\/"},"modified":"2025-12-03T12:39:53","modified_gmt":"2025-12-03T12:39:53","slug":"smart-badge-vs-visit-connect","status":"publish","type":"page","link":"https:\/\/www.advanced-manufacturing.be\/fr\/smart-badge-vs-visit-connect\/","title":{"rendered":"Smart Badge vs. Visit Connect"},"content":{"rendered":"\t\t<div data-elementor-type=\"wp-page\" data-elementor-id=\"48592\" class=\"elementor elementor-48592 elementor-48547\" data-elementor-post-type=\"page\">\n\t\t\t\t<div class=\"elementor-element elementor-element-696ddd9 e-flex e-con-boxed e-con e-parent\" data-id=\"696ddd9\" data-element_type=\"container\" data-settings=\"{&quot;background_background&quot;:&quot;classic&quot;,&quot;background_motion_fx_motion_fx_scrolling&quot;:&quot;yes&quot;,&quot;background_motion_fx_devices&quot;:[&quot;desktop&quot;,&quot;laptop&quot;,&quot;tablet&quot;,&quot;mobile&quot;]}\">\n\t\t\t\t\t<div class=\"e-con-inner\">\n\t\t\t\t<div class=\"elementor-element elementor-element-0bc8e8b elementor-widget elementor-widget-heading\" data-id=\"0bc8e8b\" data-element_type=\"widget\" data-widget_type=\"heading.default\">\n\t\t\t\t<div class=\"elementor-widget-container\">\n\t\t\t\t\t<h2 class=\"elementor-heading-title elementor-size-default\">Suivi efficace des prospects avec Smart Badge &amp; Visit Connect App<\/h2>\t\t\t\t<\/div>\n\t\t\t\t<\/div>\n\t\t\t\t\t<\/div>\n\t\t\t\t<\/div>\n\t\t<div class=\"elementor-element elementor-element-41111d8 e-flex e-con-boxed e-con e-parent\" data-id=\"41111d8\" data-element_type=\"container\" data-settings=\"{&quot;background_background&quot;:&quot;classic&quot;}\">\n\t\t\t\t\t<div class=\"e-con-inner\">\n\t\t\t\t<div class=\"elementor-element elementor-element-94245cc elementor-widget elementor-widget-heading\" data-id=\"94245cc\" data-element_type=\"widget\" data-widget_type=\"heading.default\">\n\t\t\t\t<div class=\"elementor-widget-container\">\n\t\t\t\t\t<h2 class=\"elementor-heading-title elementor-size-default\">Smart Badge vs. Visit Connect<\/h2>\t\t\t\t<\/div>\n\t\t\t\t<\/div>\n\t\t\t\t<div class=\"elementor-element elementor-element-3336b3c elementor-widget elementor-widget-text-editor\" data-id=\"3336b3c\" data-element_type=\"widget\" data-widget_type=\"text-editor.default\">\n\t\t\t\t<div class=\"elementor-widget-container\">\n\t\t\t\t\t\t\t\t\t<p><strong>Deux outils, un seul objectif : \u00e9tablir et suivre des connexions pr\u00e9cieuses.<\/strong><\/p>\n<p>Pendant Pumps &amp; Valves, vous collectez facilement des prospects de valeur \u2013 sans outils complexes ni travail manuel. Utilisez intelligemment \u00e0 la fois le Smart Badge et l\u2019application Visit Connect pour maximiser votre participation au salon.<\/p>\n\t\t\t\t\t\t\t\t<\/div>\n\t\t\t\t<\/div>\n\t\t<div class=\"elementor-element elementor-element-da819c9 e-con-full e-flex e-con e-child\" data-id=\"da819c9\" data-element_type=\"container\">\n\t\t<div class=\"elementor-element elementor-element-7b97c1d e-grid e-con-full e-con e-child\" data-id=\"7b97c1d\" data-element_type=\"container\">\n\t\t<div class=\"elementor-element elementor-element-178a08e e-con-full e-flex e-con e-child\" data-id=\"178a08e\" data-element_type=\"container\" data-settings=\"{&quot;background_background&quot;:&quot;classic&quot;}\">\n\t\t\t\t<div class=\"elementor-element elementor-element-5a7860e elementor-widget elementor-widget-heading\" data-id=\"5a7860e\" data-element_type=\"widget\" data-widget_type=\"heading.default\">\n\t\t\t\t<div class=\"elementor-widget-container\">\n\t\t\t\t\t<h3 class=\"elementor-heading-title elementor-size-default\">Smart Badge (Touch &amp; Collect)<\/h3>\t\t\t\t<\/div>\n\t\t\t\t<\/div>\n\t\t\t\t<div class=\"elementor-element elementor-element-334c837 elementor-widget elementor-widget-text-editor\" data-id=\"334c837\" data-element_type=\"widget\" data-widget_type=\"text-editor.default\">\n\t\t\t\t<div class=\"elementor-widget-container\">\n\t\t\t\t\t\t\t\t\t<ul>\n<li>\u00c0 l\u2019initiative du\u00a0<strong>visiteur<\/strong><\/li>\n<li><strong>Tous les exposants<\/strong>\u00a0peuvent diffuser leurs informations via le lecteur (informations t\u00e9l\u00e9charg\u00e9es sur My Easyfairs).<\/li>\n<li><strong>Aucun \u00e9change n\u00e9cessair<\/strong>e avec le visiteur : installez simplement le lecteur sur votre stand et ils recevront automatiquement vos informations.<\/li>\n<li><strong>Les exposants<\/strong>\u00a0re\u00e7oivent une liste de visiteurs avec les donn\u00e9es issues de l\u2019enregistrement, d\u00e8s qu\u2019ils ont \u00e9t\u00e9 scann\u00e9s sur votre stand.<\/li>\n<li><strong>Pr\u00e9paration<\/strong>\u00a0: mettez autant d\u2019informations que possible sur My Easyfairs. Le lecteur vous sera livr\u00e9 sur votre stand lors du montage.<\/li>\n<\/ul>\n\t\t\t\t\t\t\t\t<\/div>\n\t\t\t\t<\/div>\n\t\t\t\t<div class=\"elementor-element elementor-element-a91f90b elementor-widget elementor-widget-video\" data-id=\"a91f90b\" data-element_type=\"widget\" data-settings=\"{&quot;youtube_url&quot;:&quot;https:\\\/\\\/www.youtube.com\\\/watch?v=ikKCfzrS3nQ&quot;,&quot;video_type&quot;:&quot;youtube&quot;,&quot;controls&quot;:&quot;yes&quot;}\" data-widget_type=\"video.default\">\n\t\t\t\t<div class=\"elementor-widget-container\">\n\t\t\t\t\t\t\t<div class=\"elementor-wrapper elementor-open-inline\">\n\t\t\t<div class=\"elementor-video\"><\/div>\t\t<\/div>\n\t\t\t\t\t\t<\/div>\n\t\t\t\t<\/div>\n\t\t\t\t<\/div>\n\t\t<div class=\"elementor-element elementor-element-12f99ae e-con-full e-flex e-con e-child\" data-id=\"12f99ae\" data-element_type=\"container\" data-settings=\"{&quot;background_background&quot;:&quot;classic&quot;}\">\n\t\t\t\t<div class=\"elementor-element elementor-element-4f6628a elementor-widget elementor-widget-heading\" data-id=\"4f6628a\" data-element_type=\"widget\" data-widget_type=\"heading.default\">\n\t\t\t\t<div class=\"elementor-widget-container\">\n\t\t\t\t\t<h3 class=\"elementor-heading-title elementor-size-default\">Visit Connect App<\/h3>\t\t\t\t<\/div>\n\t\t\t\t<\/div>\n\t\t\t\t<div class=\"elementor-element elementor-element-4f70bbb elementor-widget elementor-widget-text-editor\" data-id=\"4f70bbb\" data-element_type=\"widget\" data-widget_type=\"text-editor.default\">\n\t\t\t\t<div class=\"elementor-widget-container\">\n\t\t\t\t\t\t\t\t\t<ul>\n<li><strong>\u00c0 l\u2019initiative de l\u2019exposant<\/strong>: Cette application est disponible pour tous les exposants.<\/li>\n<li>Vous pouvez installer l\u2019application sur\u00a0<strong>tous<\/strong>\u00a0vos appareils.<\/li>\n<li>Q<strong>ualifiez vos leads en posant des questions<\/strong>\u00a0et en prenant des notes dans l\u2019application. Rassemblez toutes les informations en un seul endroit.<\/li>\n<li><strong>Suivi des lead<\/strong>s : contactez le visiteur apr\u00e8s le salon.<\/li>\n<li><strong>Pr\u00e9paration<\/strong>\u00a0: chaque visiteur re\u00e7oit\u00a0<strong>\u00e0 l\u2019entr\u00e9e du salon un badge avec code QR.<\/strong><\/li>\n<\/ul>\n\t\t\t\t\t\t\t\t<\/div>\n\t\t\t\t<\/div>\n\t\t\t\t<div class=\"elementor-element elementor-element-f6d1d8c elementor-widget elementor-widget-video\" data-id=\"f6d1d8c\" data-element_type=\"widget\" data-settings=\"{&quot;video_type&quot;:&quot;hosted&quot;,&quot;controls&quot;:&quot;yes&quot;}\" data-widget_type=\"video.default\">\n\t\t\t\t<div class=\"elementor-widget-container\">\n\t\t\t\t\t\t\t<div class=\"e-hosted-video elementor-wrapper elementor-open-inline\">\n\t\t\t\t\t<video class=\"elementor-video\" src=\"https:\/\/easyfairsassets.com\/sites\/277\/2025\/12\/how-to-use-vc-for-staff-ihxwtqmy_dtB3IPUQ.mp4\" controls=\"\" preload=\"metadata\" controlsList=\"nodownload\"><\/video>\n\t\t\t\t<\/div>\n\t\t\t\t\t\t<\/div>\n\t\t\t\t<\/div>\n\t\t\t\t<\/div>\n\t\t\t\t<\/div>\n\t\t\t\t<\/div>\n\t\t\t\t\t<\/div>\n\t\t\t\t<\/div>\n\t\t<div class=\"elementor-element elementor-element-71f1940 e-flex e-con-boxed e-con e-parent\" data-id=\"71f1940\" data-element_type=\"container\" data-settings=\"{&quot;background_background&quot;:&quot;classic&quot;}\">\n\t\t\t\t\t<div class=\"e-con-inner\">\n\t\t<div class=\"elementor-element elementor-element-72b19e1 e-con-full e-flex e-con e-child\" data-id=\"72b19e1\" data-element_type=\"container\" data-settings=\"{&quot;background_background&quot;:&quot;classic&quot;}\">\n\t\t\t\t<div class=\"elementor-element elementor-element-e1410e9 elementor-widget elementor-widget-heading\" data-id=\"e1410e9\" data-element_type=\"widget\" data-widget_type=\"heading.default\">\n\t\t\t\t<div class=\"elementor-widget-container\">\n\t\t\t\t\t<h3 class=\"elementor-heading-title elementor-size-default\">Quelle est la diff\u00e9rence entre Smart Badge et Visit Connect App ?<\/h3>\t\t\t\t<\/div>\n\t\t\t\t<\/div>\n\t\t<div class=\"elementor-element elementor-element-02dd263 e-grid e-con-full e-con e-child\" data-id=\"02dd263\" data-element_type=\"container\" data-settings=\"{&quot;background_background&quot;:&quot;classic&quot;}\">\n\t\t\t\t<div class=\"elementor-element elementor-element-efa9530 elementor-widget elementor-widget-text-editor\" data-id=\"efa9530\" data-element_type=\"widget\" data-widget_type=\"text-editor.default\">\n\t\t\t\t<div class=\"elementor-widget-container\">\n\t\t\t\t\t\t\t\t\t<div class=\"elementor-element elementor-element-46fabe4 elementor-widget elementor-widget-heading\" data-id=\"46fabe4\" data-element_type=\"widget\" data-widget_type=\"heading.default\">\n<div class=\"elementor-widget-container\">\n<h3 class=\"elementor-heading-title elementor-size-default elementor-inline-editing pen\" contenteditable=\"true\" data-elementor-setting-key=\"title\" data-pen-placeholder=\"Type Here...\"><\/h3>\n<\/div>\n<p><\/div>\n<p><\/p>\n<div class=\"elementor-element elementor-element-02a1dcf premium-table-dir-ltr elementor-widget elementor-widget-premium-tables-addon\" data-id=\"02a1dcf\" data-element_type=\"widget\" data-widget_type=\"premium-tables-addon.default\">\n<div class=\"elementor-widget-container\">\n<div class=\"premium-table-wrap\">\n<table class=\"premium-table\" data-settings=\"{&quot;sort&quot;:false,&quot;usNumbers&quot;:false,&quot;sortMob&quot;:false,&quot;search&quot;:false,&quot;records&quot;:false,&quot;dataType&quot;:&quot;custom&quot;,&quot;csvFile&quot;:null,&quot;firstRow&quot;:null,&quot;separator&quot;:null,&quot;pagination&quot;:&quot;&quot;,&quot;rows&quot;:0}\">\n<thead class=\"premium-table-head\">\n<tr class=\"premium-table-row\">\n<th class=\"premium-table-cell elementor-repeater-item-a9cc7ed\">Fonctionnalit\u00e9<\/th>\n<th class=\"premium-table-cell elementor-repeater-item-b6e3d63\"><span class=\"premium-table-text\">Smart Badge<\/span><\/th>\n<th class=\"premium-table-cell elementor-repeater-item-baf6154\"><span class=\"premium-table-text\">Visit Connect App<\/span><\/th>\n<\/tr>\n<\/thead>\n<tbody class=\"premium-table-body\">\n<tr class=\"premium-table-row elementor-repeater-item-a537c15\">\n<td class=\"premium-table-cell elementor-repeater-item-e5e221f\">Interaction requise ?<\/td>\n<td class=\"premium-table-cell elementor-repeater-item-876f878\">Non \u2013 fonctionne enti\u00e8rement automatiquement<\/td>\n<td class=\"premium-table-cell elementor-repeater-item-bf765db\">Oui \u2013 scan requis + possibilit\u00e9 d\u2019\u00e9change<\/td>\n<\/tr>\n<tr class=\"premium-table-row elementor-repeater-item-f155059\">\n<td class=\"premium-table-cell elementor-repeater-item-ca79c6d\">Ce que re\u00e7oit le visiteur ?<\/td>\n<td class=\"premium-table-cell elementor-repeater-item-505cae6\">Vos informations d\u2019entreprise par e-mail (bas\u00e9es sur les donn\u00e9es dans My Easyfairs)<\/td>\n<td class=\"premium-table-cell elementor-repeater-item-c0c2840\"><span class=\"premium-table-text\">\/<\/span><\/td>\n<\/tr>\n<tr class=\"premium-table-row elementor-repeater-item-b9fb964\">\n<td class=\"premium-table-cell elementor-repeater-item-fc6b6d4\">Ce que re\u00e7oit l\u2019exposant ?<\/td>\n<td class=\"premium-table-cell elementor-repeater-item-8d085dd\">Liste des visiteurs avec coordonn\u00e9es de ceux qui ont scann\u00e9<\/td>\n<td class=\"premium-table-cell elementor-repeater-item-78e5fe0\">Donn\u00e9es compl\u00e8tes des leads avec notes, tags, r\u00e9ponses, etc.<\/td>\n<\/tr>\n<tr class=\"premium-table-row elementor-repeater-item-3056711\">\n<td class=\"premium-table-cell elementor-repeater-item-183dd28\">Utilisation au salon<\/td>\n<td class=\"premium-table-cell elementor-repeater-item-ddea743\">Lecteur sur le stand, pr\u00eat \u00e0 l\u2019emploi<\/td>\n<td class=\"premium-table-cell elementor-repeater-item-868bd30\">Scanner les badges visiteurs avec votre propre appareil (smartphone\/tablette)<\/td>\n<\/tr>\n<tr class=\"premium-table-row elementor-repeater-item-71afb49\">\n<td class=\"premium-table-cell elementor-repeater-item-5d022bb\">Pr\u00e9paration<\/td>\n<td class=\"premium-table-cell elementor-repeater-item-00e9f98\">Compl\u00e9ter le profil dans My Easyfairs<\/td>\n<td class=\"premium-table-cell elementor-repeater-item-185e240\">Activer la licence + installer l\u2019application<\/td>\n<\/tr>\n<tr class=\"premium-table-row elementor-repeater-item-41332ee\">\n<td class=\"premium-table-cell elementor-repeater-item-97e15f6\">Disponible pour ?<\/td>\n<td class=\"premium-table-cell elementor-repeater-item-9a8a494\">Tous les exposants<\/td>\n<td class=\"premium-table-cell elementor-repeater-item-3777a34\">Tous les exposants<\/td>\n<\/tr>\n<tr class=\"premium-table-row elementor-repeater-item-41540c8\">\n<td class=\"premium-table-cell elementor-repeater-item-301af33\">Apr\u00e8s le salon<\/td>\n<td class=\"premium-table-cell elementor-repeater-item-d70672f\">T\u00e9l\u00e9charger les leads via My Easyfairs<\/td>\n<td class=\"premium-table-cell elementor-repeater-item-6843b71\"><span class=\"premium-table-text\">Exporter ou suivre les leads via Visit Connect<br \/>\n<\/span><\/td>\n<\/tr>\n<\/tbody>\n<\/table>\n<\/div>\n<p><\/div>\n<p><\/div>\n\t\t\t\t\t\t\t\t<\/div>\n\t\t\t\t<\/div>\n\t\t\t\t<\/div>\n\t\t\t\t<\/div>\n\t\t\t\t\t<\/div>\n\t\t\t\t<\/div>\n\t\t<div class=\"elementor-element elementor-element-3513418 e-flex e-con-boxed e-con e-parent\" data-id=\"3513418\" data-element_type=\"container\" data-settings=\"{&quot;background_background&quot;:&quot;classic&quot;}\">\n\t\t\t\t\t<div class=\"e-con-inner\">\n\t\t<div class=\"elementor-element elementor-element-facaed4 e-con-full e-flex e-con e-child\" data-id=\"facaed4\" data-element_type=\"container\">\n\t\t\t\t<\/div>\n\t\t\t\t\t<\/div>\n\t\t\t\t<\/div>\n\t\t<div class=\"elementor-element elementor-element-525cf36 e-flex e-con-boxed e-con e-parent\" data-id=\"525cf36\" data-element_type=\"container\" data-settings=\"{&quot;background_background&quot;:&quot;classic&quot;}\">\n\t\t\t\t\t<div class=\"e-con-inner\">\n\t\t<div class=\"elementor-element elementor-element-52c5cd9 e-con-full e-flex e-con e-child\" data-id=\"52c5cd9\" data-element_type=\"container\" data-settings=\"{&quot;background_background&quot;:&quot;classic&quot;}\">\n\t\t\t\t<div class=\"elementor-element elementor-element-484c049 elementor-widget elementor-widget-heading\" data-id=\"484c049\" data-element_type=\"widget\" data-widget_type=\"heading.default\">\n\t\t\t\t<div class=\"elementor-widget-container\">\n\t\t\t\t\t<h4 class=\"elementor-heading-title elementor-size-default\">Avez-vous encore des questions ou souhaitez-vous plus d\u2019informations ? Notre \u00e9quipe est pr\u00eate \u00e0 vous aider.<\/h4>\t\t\t\t<\/div>\n\t\t\t\t<\/div>\n\t\t\t\t<div class=\"elementor-element elementor-element-dff9e24 elementor-widget elementor-widget-button\" data-id=\"dff9e24\" data-element_type=\"widget\" data-widget_type=\"button.default\">\n\t\t\t\t<div class=\"elementor-widget-container\">\n\t\t\t\t\t\t\t\t\t<div class=\"elementor-button-wrapper\">\n\t\t\t\t\t<a class=\"elementor-button elementor-button-link elementor-size-sm\" href=\"https:\/\/www.advanced-manufacturing.be\/fr\/contact\/\">\n\t\t\t\t\t\t<span class=\"elementor-button-content-wrapper\">\n\t\t\t\t\t\t\t\t\t<span class=\"elementor-button-text\">Questions ?<\/span>\n\t\t\t\t\t<\/span>\n\t\t\t\t\t<\/a>\n\t\t\t\t<\/div>\n\t\t\t\t\t\t\t\t<\/div>\n\t\t\t\t<\/div>\n\t\t\t\t<\/div>\n\t\t\t\t\t<\/div>\n\t\t\t\t<\/div>\n\t\t\t\t<\/div>\n\t\t","protected":false},"excerpt":{"rendered":"<p>Suivi efficace des prospects avec Smart Badge &amp; Visit Connect App Smart Badge vs. Visit Connect Deux outils, un seul objectif : \u00e9tablir et suivre des connexions pr\u00e9cieuses. Pendant Pumps &amp; Valves, vous collectez facilement des prospects de valeur \u2013 sans outils complexes ni travail manuel. Utilisez intelligemment \u00e0 la fois le Smart Badge et [&hellip;]<\/p>\n","protected":false},"author":949,"featured_media":0,"parent":0,"menu_order":0,"comment_status":"closed","ping_status":"closed","template":"","meta":{"_seopress_robots_primary_cat":"","_seopress_titles_title":"","_seopress_titles_desc":"","_seopress_robots_index":"","footnotes":""},"class_list":["post-48592","page","type-page","status-publish","hentry"],"_links":{"self":[{"href":"https:\/\/www.advanced-manufacturing.be\/fr\/wp-json\/wp\/v2\/pages\/48592","targetHints":{"allow":["GET"]}}],"collection":[{"href":"https:\/\/www.advanced-manufacturing.be\/fr\/wp-json\/wp\/v2\/pages"}],"about":[{"href":"https:\/\/www.advanced-manufacturing.be\/fr\/wp-json\/wp\/v2\/types\/page"}],"author":[{"embeddable":true,"href":"https:\/\/www.advanced-manufacturing.be\/fr\/wp-json\/wp\/v2\/users\/949"}],"replies":[{"embeddable":true,"href":"https:\/\/www.advanced-manufacturing.be\/fr\/wp-json\/wp\/v2\/comments?post=48592"}],"version-history":[{"count":1,"href":"https:\/\/www.advanced-manufacturing.be\/fr\/wp-json\/wp\/v2\/pages\/48592\/revisions"}],"predecessor-version":[{"id":48593,"href":"https:\/\/www.advanced-manufacturing.be\/fr\/wp-json\/wp\/v2\/pages\/48592\/revisions\/48593"}],"wp:attachment":[{"href":"https:\/\/www.advanced-manufacturing.be\/fr\/wp-json\/wp\/v2\/media?parent=48592"}],"curies":[{"name":"wp","href":"https:\/\/api.w.org\/{rel}","templated":true}]}}