{"id":48523,"date":"2025-11-27T11:06:34","date_gmt":"2025-11-27T11:06:34","guid":{"rendered":"https:\/\/www.advanced-manufacturing.be\/easyfairs-belgium-app\/"},"modified":"2025-12-31T09:15:28","modified_gmt":"2025-12-31T09:15:28","slug":"easyfairs-belgium-app","status":"publish","type":"page","link":"https:\/\/www.advanced-manufacturing.be\/fr\/easyfairs-belgium-app\/","title":{"rendered":"Easyfairs Belgium app"},"content":{"rendered":"\t\t<div data-elementor-type=\"wp-page\" data-elementor-id=\"48523\" class=\"elementor elementor-48523 elementor-48333\" data-elementor-post-type=\"page\">\n\t\t\t\t<div class=\"elementor-element elementor-element-92f06a5 e-flex e-con-boxed e-con e-parent\" data-id=\"92f06a5\" data-element_type=\"container\" data-settings=\"{&quot;background_background&quot;:&quot;classic&quot;,&quot;background_motion_fx_motion_fx_scrolling&quot;:&quot;yes&quot;,&quot;background_motion_fx_devices&quot;:[&quot;desktop&quot;,&quot;laptop&quot;,&quot;tablet&quot;,&quot;mobile&quot;]}\">\n\t\t\t\t\t<div class=\"e-con-inner\">\n\t\t\t\t<div class=\"elementor-element elementor-element-dcd2b17 elementor-widget elementor-widget-heading\" data-id=\"dcd2b17\" data-element_type=\"widget\" data-widget_type=\"heading.default\">\n\t\t\t\t<div class=\"elementor-widget-container\">\n\t\t\t\t\t<h3 class=\"elementor-heading-title elementor-size-default\">L\u2019application Easyfairs Belgium est votre assistant intelligent pour une exp\u00e9rience optimale du salon. De la planification de votre agenda \u00e0 la d\u00e9couverte de nouveaux exposants et innovations, l\u2019application vous offre tout ce dont vous avez besoin pour tirer le meilleur parti de l\u2019\u00e9v\u00e9nement. Restez inform\u00e9 gr\u00e2ce aux notifications en temps r\u00e9el et saisissez des opportunit\u00e9s que vous auriez pu manquer autrement.<\/h3>\t\t\t\t<\/div>\n\t\t\t\t<\/div>\n\t\t\t\t\t<\/div>\n\t\t\t\t<\/div>\n\t\t<div class=\"elementor-element elementor-element-189ee7d e-flex e-con-boxed e-con e-parent\" data-id=\"189ee7d\" data-element_type=\"container\" data-settings=\"{&quot;background_background&quot;:&quot;classic&quot;}\">\n\t\t\t\t\t<div class=\"e-con-inner\">\n\t\t\t\t<div class=\"elementor-element elementor-element-47b1fe4 elementor-widget elementor-widget-heading\" data-id=\"47b1fe4\" data-element_type=\"widget\" data-widget_type=\"heading.default\">\n\t\t\t\t<div class=\"elementor-widget-container\">\n\t\t\t\t\t<h2 class=\"elementor-heading-title elementor-size-default\">Easyfairs Belgium app<\/h2>\t\t\t\t<\/div>\n\t\t\t\t<\/div>\n\t\t\t\t<div class=\"elementor-element elementor-element-c672feb elementor-widget elementor-widget-text-editor\" data-id=\"c672feb\" data-element_type=\"widget\" data-widget_type=\"text-editor.default\">\n\t\t\t\t<div class=\"elementor-widget-container\">\n\t\t\t\t\t\t\t\t\t<p data-start=\"84\" data-end=\"552\">L\u2019application vous offre\u00a0<strong>un ensemble complet de fonctionnalit\u00e9s<\/strong>\u00a0pour\u00a0<strong>enrichir votre exp\u00e9rience \u2014 avant, pendant et apr\u00e8s l\u2019\u00e9v\u00e9nement<\/strong>\u00a0! D\u00e9couvrez facilement\u00a0<strong>de nouveaux exposants, recevez des mises \u00e0 jour en temps r\u00e9el, naviguez rapidement sur le salon et restez toujours inform\u00e9 des activit\u00e9s importantes.<\/strong>\u00a0Avec l\u2019application, vous tirerez le meilleur parti de votre visite et ne manquerez aucune opportunit\u00e9 de r\u00e9seauter ou de d\u00e9couvrir des solutions innovantes.<\/p>\n<p>&nbsp;<\/p>\n<p data-start=\"554\" data-end=\"979\" data-is-last-node=\"\" data-is-only-node=\"\">Gr\u00e2ce \u00e0 l\u2019application, vous \u00eates toujours bien pr\u00e9par\u00e9 et pouvez\u00a0<strong>r\u00e9agir de mani\u00e8re flexible<\/strong>\u00a0aux nouvelles opportunit\u00e9s. Que vous souhaitiez trouver rapidement un stand sp\u00e9cifique, exprimer votre int\u00e9r\u00eat pour une session ou rester inform\u00e9 des \u00e9v\u00e9nements \u00e0 venir, l\u2019application vous fournit tout ce dont vous avez besoin pour optimiser votre visite.\u00a0<strong>Rendez votre exp\u00e9rience plus efficace et assurez-vous de ne rien manquer.<\/strong><\/p>\n\t\t\t\t\t\t\t\t<\/div>\n\t\t\t\t<\/div>\n\t\t\t\t\t<\/div>\n\t\t\t\t<\/div>\n\t\t<div class=\"elementor-element elementor-element-f0e6560 e-flex e-con-boxed e-con e-parent\" data-id=\"f0e6560\" data-element_type=\"container\" data-settings=\"{&quot;background_background&quot;:&quot;classic&quot;}\">\n\t\t\t\t\t<div class=\"e-con-inner\">\n\t\t<div class=\"elementor-element elementor-element-0957da5 e-con-full e-flex e-con e-child\" data-id=\"0957da5\" data-element_type=\"container\" data-settings=\"{&quot;background_background&quot;:&quot;classic&quot;}\">\n\t\t\t\t<div class=\"elementor-element elementor-element-7540f54 elementor-view-default elementor-widget elementor-widget-icon\" data-id=\"7540f54\" data-element_type=\"widget\" data-widget_type=\"icon.default\">\n\t\t\t\t<div class=\"elementor-widget-container\">\n\t\t\t\t\t\t\t<div class=\"elementor-icon-wrapper\">\n\t\t\t<div class=\"elementor-icon\">\n\t\t\t<i aria-hidden=\"true\" class=\"fas fa-rocket\"><\/i>\t\t\t<\/div>\n\t\t<\/div>\n\t\t\t\t\t\t<\/div>\n\t\t\t\t<\/div>\n\t\t<div class=\"elementor-element elementor-element-e2ddeb4 e-con-full e-flex e-con e-child\" data-id=\"e2ddeb4\" data-element_type=\"container\">\n\t\t\t\t<div class=\"elementor-element elementor-element-24d7c40 elementor-widget elementor-widget-heading\" data-id=\"24d7c40\" data-element_type=\"widget\" data-widget_type=\"heading.default\">\n\t\t\t\t<div class=\"elementor-widget-container\">\n\t\t\t\t\t<h2 class=\"elementor-heading-title elementor-size-default\">Faites le premier pas et commencez d\u00e8s maintenant \u00e0 planifier votre visite<\/h2>\t\t\t\t<\/div>\n\t\t\t\t<\/div>\n\t\t\t\t<div class=\"elementor-element elementor-element-ef798e8 elementor-widget elementor-widget-text-editor\" data-id=\"ef798e8\" data-element_type=\"widget\" data-widget_type=\"text-editor.default\">\n\t\t\t\t<div class=\"elementor-widget-container\">\n\t\t\t\t\t\t\t\t\t<p>Planifier votre visite \u00e0 Advanced Manufacturing est la cl\u00e9 d\u2019une exp\u00e9rience r\u00e9ussie. Avec la nouvelle application, pr\u00e9parer votre journ\u00e9e au salon, saisir les opportunit\u00e9s et tirer le meilleur parti de l\u2019\u00e9v\u00e9nement devient facile !<\/p>\n\t\t\t\t\t\t\t\t<\/div>\n\t\t\t\t<\/div>\n\t\t\t\t<\/div>\n\t\t\t\t<\/div>\n\t\t\t\t\t<\/div>\n\t\t\t\t<\/div>\n\t\t<div class=\"elementor-element elementor-element-3a2cbc0 e-flex e-con-boxed e-con e-parent\" data-id=\"3a2cbc0\" data-element_type=\"container\" data-settings=\"{&quot;background_background&quot;:&quot;classic&quot;}\">\n\t\t\t\t\t<div class=\"e-con-inner\">\n\t\t<div class=\"elementor-element elementor-element-ac3077f e-con-full e-flex e-con e-child\" data-id=\"ac3077f\" data-element_type=\"container\" data-settings=\"{&quot;background_background&quot;:&quot;classic&quot;}\">\n\t\t<div class=\"elementor-element elementor-element-4338945 e-con-full e-flex e-con e-child\" data-id=\"4338945\" data-element_type=\"container\">\n\t\t\t\t<div class=\"elementor-element elementor-element-93cf6c2 elementor-widget elementor-widget-heading\" data-id=\"93cf6c2\" data-element_type=\"widget\" data-widget_type=\"heading.default\">\n\t\t\t\t<div class=\"elementor-widget-container\">\n\t\t\t\t\t<h2 class=\"elementor-heading-title elementor-size-default\">Recevez des recommandations personnalis\u00e9es<\/h2>\t\t\t\t<\/div>\n\t\t\t\t<\/div>\n\t\t\t\t<div class=\"elementor-element elementor-element-205c59e elementor-widget elementor-widget-text-editor\" data-id=\"205c59e\" data-element_type=\"widget\" data-widget_type=\"text-editor.default\">\n\t\t\t\t<div class=\"elementor-widget-container\">\n\t\t\t\t\t\t\t\t\t<p>Recevez des suggestions personnalis\u00e9es des meilleures personnes \u00e0 rencontrer. Gr\u00e2ce \u00e0 des algorithmes intelligents, vos pr\u00e9f\u00e9rences sont analys\u00e9es et les connexions les plus pr\u00e9cieuses vous sont propos\u00e9es.<\/p>\n\t\t\t\t\t\t\t\t<\/div>\n\t\t\t\t<\/div>\n\t\t\t\t<\/div>\n\t\t\t\t<div class=\"elementor-element elementor-element-c6e93ca elementor-view-default elementor-widget elementor-widget-icon\" data-id=\"c6e93ca\" data-element_type=\"widget\" data-widget_type=\"icon.default\">\n\t\t\t\t<div class=\"elementor-widget-container\">\n\t\t\t\t\t\t\t<div class=\"elementor-icon-wrapper\">\n\t\t\t<div class=\"elementor-icon\">\n\t\t\t<i aria-hidden=\"true\" class=\"fas fa-handshake\"><\/i>\t\t\t<\/div>\n\t\t<\/div>\n\t\t\t\t\t\t<\/div>\n\t\t\t\t<\/div>\n\t\t\t\t<\/div>\n\t\t\t\t\t<\/div>\n\t\t\t\t<\/div>\n\t\t<div class=\"elementor-element elementor-element-1c5bbbf e-flex e-con-boxed e-con e-parent\" data-id=\"1c5bbbf\" data-element_type=\"container\" data-settings=\"{&quot;background_background&quot;:&quot;classic&quot;}\">\n\t\t\t\t\t<div class=\"e-con-inner\">\n\t\t<div class=\"elementor-element elementor-element-7ff6ff6 e-con-full e-flex e-con e-child\" data-id=\"7ff6ff6\" data-element_type=\"container\" data-settings=\"{&quot;background_background&quot;:&quot;classic&quot;}\">\n\t\t\t\t<div class=\"elementor-element elementor-element-905f17e elementor-view-default elementor-widget elementor-widget-icon\" data-id=\"905f17e\" data-element_type=\"widget\" data-widget_type=\"icon.default\">\n\t\t\t\t<div class=\"elementor-widget-container\">\n\t\t\t\t\t\t\t<div class=\"elementor-icon-wrapper\">\n\t\t\t<div class=\"elementor-icon\">\n\t\t\t<i aria-hidden=\"true\" class=\"far fa-calendar-check\"><\/i>\t\t\t<\/div>\n\t\t<\/div>\n\t\t\t\t\t\t<\/div>\n\t\t\t\t<\/div>\n\t\t<div class=\"elementor-element elementor-element-f916ea2 e-con-full e-flex e-con e-child\" data-id=\"f916ea2\" data-element_type=\"container\">\n\t\t\t\t<div class=\"elementor-element elementor-element-951cd7f elementor-widget elementor-widget-heading\" data-id=\"951cd7f\" data-element_type=\"widget\" data-widget_type=\"heading.default\">\n\t\t\t\t<div class=\"elementor-widget-container\">\n\t\t\t\t\t<h2 class=\"elementor-heading-title elementor-size-default\">Cr\u00e9ez votre programme id\u00e9al !<\/h2>\t\t\t\t<\/div>\n\t\t\t\t<\/div>\n\t\t\t\t<div class=\"elementor-element elementor-element-a1ad079 elementor-widget elementor-widget-text-editor\" data-id=\"a1ad079\" data-element_type=\"widget\" data-widget_type=\"text-editor.default\">\n\t\t\t\t<div class=\"elementor-widget-container\">\n\t\t\t\t\t\t\t\t\t<p>Restez toujours \u00e0 jour et ne manquez plus jamais une session importante ! Explorez le programme des s\u00e9minaires, d\u00e9couvrez plus en d\u00e9tail les intervenants et les sujets, et ajoutez facilement les sessions que vous souhaitez suivre \u00e0 votre agenda personnel.<\/p>\n\t\t\t\t\t\t\t\t<\/div>\n\t\t\t\t<\/div>\n\t\t\t\t<\/div>\n\t\t\t\t<\/div>\n\t\t\t\t\t<\/div>\n\t\t\t\t<\/div>\n\t\t<div class=\"elementor-element elementor-element-3944259 e-flex e-con-boxed e-con e-parent\" data-id=\"3944259\" data-element_type=\"container\" data-settings=\"{&quot;background_background&quot;:&quot;classic&quot;}\">\n\t\t\t\t\t<div class=\"e-con-inner\">\n\t\t<div class=\"elementor-element elementor-element-5f9b9a4 e-con-full e-flex e-con e-child\" data-id=\"5f9b9a4\" data-element_type=\"container\" data-settings=\"{&quot;background_background&quot;:&quot;classic&quot;}\">\n\t\t<div class=\"elementor-element elementor-element-2520851 e-con-full e-flex e-con e-child\" data-id=\"2520851\" data-element_type=\"container\">\n\t\t\t\t<div class=\"elementor-element elementor-element-e316481 elementor-widget elementor-widget-heading\" data-id=\"e316481\" data-element_type=\"widget\" data-widget_type=\"heading.default\">\n\t\t\t\t<div class=\"elementor-widget-container\">\n\t\t\t\t\t<h3 class=\"elementor-heading-title elementor-size-default\">Avantages de l\u2019application Easyfairs Belgium<\/h3>\t\t\t\t<\/div>\n\t\t\t\t<\/div>\n\t\t\t\t<div class=\"elementor-element elementor-element-8ef554b elementor-widget elementor-widget-text-editor\" data-id=\"8ef554b\" data-element_type=\"widget\" data-widget_type=\"text-editor.default\">\n\t\t\t\t<div class=\"elementor-widget-container\">\n\t\t\t\t\t\t\t\t\t<ol>\n<li data-start=\"157\" data-end=\"269\">\n<p data-start=\"160\" data-end=\"269\"><b>R\u00e9seautage efficace :<\/b> Identifiez facilement les coll\u00e8gues et sp\u00e9cialistes correspondant \u00e0 vos besoins et planifiez vos rendez-vous de mani\u00e8re cibl\u00e9e.<\/p>\n<\/li>\n<li data-start=\"271\" data-end=\"383\">\n<p data-start=\"274\" data-end=\"383\"><b>Exp\u00e9rience sur mesure : <\/b>Recevez des suggestions parfaitement adapt\u00e9es \u00e0 vos pr\u00e9f\u00e9rences et exigences professionnelles.<\/p>\n<\/li>\n<li data-start=\"385\" data-end=\"493\">\n<p data-start=\"388\" data-end=\"493\"><b>Rester organis\u00e9 : <\/b>G\u00e9rez votre agenda, vos rendez-vous et vos ateliers de mani\u00e8re claire et centralis\u00e9e.<\/p>\n<\/li>\n<li data-start=\"495\" data-end=\"624\">\n<p class=\"\" data-start=\"498\" data-end=\"624\"><b>Toujours inform\u00e9 :<\/b>Recevez des notifications et mises \u00e0 jour en temps r\u00e9el sur l\u2019\u00e9v\u00e9nement, pour ne manquer aucun moment essentiel.<\/p>\n<\/li>\n<\/ol>\n<p><\/p>\n<div><\/div>\n<p><\/p>\n<div><\/div>\n<p><\/p>\n<div><\/div>\n<p><\/p>\n<div><\/div>\n\t\t\t\t\t\t\t\t<\/div>\n\t\t\t\t<\/div>\n\t\t\t\t<\/div>\n\t\t\t\t<\/div>\n\t\t<div class=\"elementor-element elementor-element-7ac1bbd e-con-full e-flex e-con e-child\" data-id=\"7ac1bbd\" data-element_type=\"container\" data-settings=\"{&quot;background_background&quot;:&quot;classic&quot;}\">\n\t\t<div class=\"elementor-element elementor-element-e04de90 e-con-full e-flex e-con e-child\" data-id=\"e04de90\" data-element_type=\"container\">\n\t\t\t\t<div class=\"elementor-element elementor-element-5f339f8 elementor-widget elementor-widget-heading\" data-id=\"5f339f8\" data-element_type=\"widget\" data-widget_type=\"heading.default\">\n\t\t\t\t<div class=\"elementor-widget-container\">\n\t\t\t\t\t<h3 class=\"elementor-heading-title elementor-size-default\">Comment \u00e7a fonctionne ?<\/h3>\t\t\t\t<\/div>\n\t\t\t\t<\/div>\n\t\t\t\t<div class=\"elementor-element elementor-element-ed8f14a elementor-widget elementor-widget-text-editor\" data-id=\"ed8f14a\" data-element_type=\"widget\" data-widget_type=\"text-editor.default\">\n\t\t\t\t<div class=\"elementor-widget-container\">\n\t\t\t\t\t\t\t\t\t<ol>\n<li class=\"\" data-start=\"157\" data-end=\"269\">\n<p class=\"\" data-start=\"160\" data-end=\"269\"><strong>Inscrivez-vous \u00e0 Advanced Manufacturing<\/strong>\u00a0: Inscrivez-vous \u00e0 l\u2019\u00e9v\u00e9nement et recevez un e-mail de confirmation contenant un lien pour activer votre compte dans l\u2019application.<\/p>\n<\/li>\n<li class=\"\" data-start=\"271\" data-end=\"383\">\n<p class=\"\" data-start=\"274\" data-end=\"383\"><strong>T\u00e9l\u00e9chargez l\u2019application Easyfairs Belgium<\/strong> : L\u2019application est disponible sur Android et iOS. Utilisez le lien de t\u00e9l\u00e9chargement dans l\u2019e-mail de confirmation ou scannez le QR code pour l\u2019installer.<\/p>\n<\/li>\n<li class=\"\" data-start=\"385\" data-end=\"493\">\n<p class=\"\" data-start=\"388\" data-end=\"493\"><strong>Configurez votre profil<\/strong> : Remplissez votre profil avec vos centres d\u2019int\u00e9r\u00eat, les informations de votre entreprise et vos objectifs pour l\u2019\u00e9v\u00e9nement.<\/p>\n<\/li>\n<li class=\"\" data-start=\"495\" data-end=\"624\">\n<p class=\"\" data-start=\"498\" data-end=\"624\"><strong>Recevez des recommandations personnalis\u00e9es<\/strong> : L\u2019application analyse vos pr\u00e9f\u00e9rences et vous propose des exposants, s\u00e9minaires et opportunit\u00e9s de r\u00e9seautage pertinents.<\/p>\n<\/li>\n<li class=\"\" data-start=\"626\" data-end=\"730\">\n<p class=\"\" data-start=\"629\" data-end=\"730\"><strong>Planifiez et profitez<\/strong> : Utilisez l\u2019application pour organiser vos rendez-vous, g\u00e9rer votre agenda et tirer le meilleur parti de votre exp\u00e9rience Advanced Manufacturing.<\/p>\n<\/li>\n<\/ol>\n\t\t\t\t\t\t\t\t<\/div>\n\t\t\t\t<\/div>\n\t\t\t\t<\/div>\n\t\t\t\t<\/div>\n\t\t\t\t\t<\/div>\n\t\t\t\t<\/div>\n\t\t<div class=\"elementor-element elementor-element-9ff3c17 e-flex e-con-boxed e-con e-parent\" data-id=\"9ff3c17\" data-element_type=\"container\" data-settings=\"{&quot;background_background&quot;:&quot;classic&quot;}\">\n\t\t\t\t\t<div class=\"e-con-inner\">\n\t\t<div class=\"elementor-element elementor-element-478f65b e-con-full e-flex e-con e-child\" data-id=\"478f65b\" data-element_type=\"container\" data-settings=\"{&quot;background_background&quot;:&quot;classic&quot;}\">\n\t\t\t\t<div class=\"elementor-element elementor-element-a3b0f0f elementor-widget elementor-widget-heading\" data-id=\"a3b0f0f\" data-element_type=\"widget\" data-widget_type=\"heading.default\">\n\t\t\t\t<div class=\"elementor-widget-container\">\n\t\t\t\t\t<h2 class=\"elementor-heading-title elementor-size-default\">Tirez le meilleur parti de votre visite \u00e0 Advanced Manufacturing !<\/h2>\t\t\t\t<\/div>\n\t\t\t\t<\/div>\n\t\t\t\t<div class=\"elementor-element elementor-element-a5b30a8 elementor-widget elementor-widget-text-editor\" data-id=\"a5b30a8\" data-element_type=\"widget\" data-widget_type=\"text-editor.default\">\n\t\t\t\t<div class=\"elementor-widget-container\">\n\t\t\t\t\t\t\t\t\t<p>Optimisez votre visite au salon, cr\u00e9ez de nouvelles connexions et restez inform\u00e9 de tout ce que Advanced Manufacturing a \u00e0 offrir.<\/p>\n\t\t\t\t\t\t\t\t<\/div>\n\t\t\t\t<\/div>\n\t\t\t\t<div class=\"elementor-element elementor-element-771d1ae elementor-align-center elementor-widget elementor-widget-button\" data-id=\"771d1ae\" data-element_type=\"widget\" data-widget_type=\"button.default\">\n\t\t\t\t<div class=\"elementor-widget-container\">\n\t\t\t\t\t\t\t\t\t<div class=\"elementor-button-wrapper\">\n\t\t\t\t\t<a class=\"elementor-button elementor-button-link elementor-size-sm\" href=\"https:\/\/apps.apple.com\/nl\/app\/easyfairs-belgium\/id6680193572\">\n\t\t\t\t\t\t<span class=\"elementor-button-content-wrapper\">\n\t\t\t\t\t\t\t\t\t<span class=\"elementor-button-text\">Apple App Store <\/span>\n\t\t\t\t\t<\/span>\n\t\t\t\t\t<\/a>\n\t\t\t\t<\/div>\n\t\t\t\t\t\t\t\t<\/div>\n\t\t\t\t<\/div>\n\t\t\t\t<div class=\"elementor-element elementor-element-b1519ec elementor-align-center elementor-widget elementor-widget-button\" data-id=\"b1519ec\" data-element_type=\"widget\" data-widget_type=\"button.default\">\n\t\t\t\t<div class=\"elementor-widget-container\">\n\t\t\t\t\t\t\t\t\t<div class=\"elementor-button-wrapper\">\n\t\t\t\t\t<a class=\"elementor-button elementor-button-link elementor-size-sm\" href=\"https:\/\/play.google.com\/store\/apps\/details?id=events.grip.efbe1047&#038;hl=en\">\n\t\t\t\t\t\t<span class=\"elementor-button-content-wrapper\">\n\t\t\t\t\t\t\t\t\t<span class=\"elementor-button-text\">Google Play Store<\/span>\n\t\t\t\t\t<\/span>\n\t\t\t\t\t<\/a>\n\t\t\t\t<\/div>\n\t\t\t\t\t\t\t\t<\/div>\n\t\t\t\t<\/div>\n\t\t\t\t<\/div>\n\t\t\t\t\t<\/div>\n\t\t\t\t<\/div>\n\t\t\t\t<\/div>\n\t\t","protected":false},"excerpt":{"rendered":"<p>L\u2019application Easyfairs Belgium est votre assistant intelligent pour une exp\u00e9rience optimale du salon. De la planification de votre agenda \u00e0 la d\u00e9couverte de nouveaux exposants et innovations, l\u2019application vous offre tout ce dont vous avez besoin pour tirer le meilleur parti de l\u2019\u00e9v\u00e9nement. Restez inform\u00e9 gr\u00e2ce aux notifications en temps r\u00e9el et saisissez des opportunit\u00e9s [&hellip;]<\/p>\n","protected":false},"author":949,"featured_media":0,"parent":0,"menu_order":0,"comment_status":"closed","ping_status":"closed","template":"","meta":{"_seopress_robots_primary_cat":"","_seopress_titles_title":"","_seopress_titles_desc":"","_seopress_robots_index":"","footnotes":""},"class_list":["post-48523","page","type-page","status-publish","hentry"],"_links":{"self":[{"href":"https:\/\/www.advanced-manufacturing.be\/fr\/wp-json\/wp\/v2\/pages\/48523","targetHints":{"allow":["GET"]}}],"collection":[{"href":"https:\/\/www.advanced-manufacturing.be\/fr\/wp-json\/wp\/v2\/pages"}],"about":[{"href":"https:\/\/www.advanced-manufacturing.be\/fr\/wp-json\/wp\/v2\/types\/page"}],"author":[{"embeddable":true,"href":"https:\/\/www.advanced-manufacturing.be\/fr\/wp-json\/wp\/v2\/users\/949"}],"replies":[{"embeddable":true,"href":"https:\/\/www.advanced-manufacturing.be\/fr\/wp-json\/wp\/v2\/comments?post=48523"}],"version-history":[{"count":4,"href":"https:\/\/www.advanced-manufacturing.be\/fr\/wp-json\/wp\/v2\/pages\/48523\/revisions"}],"predecessor-version":[{"id":48886,"href":"https:\/\/www.advanced-manufacturing.be\/fr\/wp-json\/wp\/v2\/pages\/48523\/revisions\/48886"}],"wp:attachment":[{"href":"https:\/\/www.advanced-manufacturing.be\/fr\/wp-json\/wp\/v2\/media?parent=48523"}],"curies":[{"name":"wp","href":"https:\/\/api.w.org\/{rel}","templated":true}]}}