{"id":48516,"date":"2025-11-28T10:23:55","date_gmt":"2025-11-28T10:23:55","guid":{"rendered":"https:\/\/www.advanced-manufacturing.be\/application-easyfairs-belgium-pour-les-exposants\/"},"modified":"2026-01-02T08:43:32","modified_gmt":"2026-01-02T08:43:32","slug":"application-easyfairs-belgium-pour-les-exposants","status":"publish","type":"page","link":"https:\/\/www.advanced-manufacturing.be\/fr\/application-easyfairs-belgium-pour-les-exposants\/","title":{"rendered":"Application Easyfairs Belgium pour les exposants"},"content":{"rendered":"\t\t<div data-elementor-type=\"wp-page\" data-elementor-id=\"48516\" class=\"elementor elementor-48516 elementor-48385\" data-elementor-post-type=\"page\">\n\t\t\t\t<div class=\"elementor-element elementor-element-c1a66ac e-flex e-con-boxed e-con e-parent\" data-id=\"c1a66ac\" data-element_type=\"container\" data-settings=\"{&quot;background_background&quot;:&quot;classic&quot;,&quot;background_motion_fx_motion_fx_scrolling&quot;:&quot;yes&quot;,&quot;background_motion_fx_devices&quot;:[&quot;desktop&quot;,&quot;laptop&quot;,&quot;tablet&quot;,&quot;mobile&quot;]}\">\n\t\t\t\t\t<div class=\"e-con-inner\">\n\t\t\t\t<div class=\"elementor-element elementor-element-0db5b41 elementor-widget elementor-widget-heading\" data-id=\"0db5b41\" data-element_type=\"widget\" data-widget_type=\"heading.default\">\n\t\t\t\t<div class=\"elementor-widget-container\">\n\t\t\t\t\t<h2 class=\"elementor-heading-title elementor-size-default\">Optimisez votre participation au salon avec l'application Easyfairs Belgium<\/h2>\t\t\t\t<\/div>\n\t\t\t\t<\/div>\n\t\t\t\t<div class=\"elementor-element elementor-element-790ec75 elementor-widget elementor-widget-text-editor\" data-id=\"790ec75\" data-element_type=\"widget\" data-widget_type=\"text-editor.default\">\n\t\t\t\t<div class=\"elementor-widget-container\">\n\t\t\t\t\t\t\t\t\t<p>D\u00e9couvrez la toute nouvelle application Easyfairs Belgium : l\u2019outil ultime pour tirer le meilleur parti de votre participation au salon. Connectez-vous, planifiez des rendez-vous et restez en t\u00eate aupr\u00e8s de vos clients et prospects \u2013 le tout via une seule application pratique.<\/p>\n<p>Que vous soyez un exposant exp\u00e9riment\u00e9 ou que vous participiez pour la premi\u00e8re fois, l&rsquo;application Easyfairs Belgium vous garantit une exp\u00e9rience de salon professionnelle, personnelle et efficace.<\/p>\n\t\t\t\t\t\t\t\t<\/div>\n\t\t\t\t<\/div>\n\t\t\t\t\t<\/div>\n\t\t\t\t<\/div>\n\t\t<div class=\"elementor-element elementor-element-4051364 e-flex e-con-boxed e-con e-parent\" data-id=\"4051364\" data-element_type=\"container\" data-settings=\"{&quot;background_background&quot;:&quot;classic&quot;}\">\n\t\t\t\t\t<div class=\"e-con-inner\">\n\t\t<div class=\"elementor-element elementor-element-119302a e-grid e-con-full e-con e-child\" data-id=\"119302a\" data-element_type=\"container\">\n\t\t<div class=\"elementor-element elementor-element-15c1e48 e-con-full e-flex e-con e-child\" data-id=\"15c1e48\" data-element_type=\"container\">\n\t\t\t\t<div class=\"elementor-element elementor-element-fcda8df elementor-widget elementor-widget-heading\" data-id=\"fcda8df\" data-element_type=\"widget\" data-widget_type=\"heading.default\">\n\t\t\t\t<div class=\"elementor-widget-container\">\n\t\t\t\t\t<h2 class=\"elementor-heading-title elementor-size-default\">L'application Easyfairs Belgium<\/h2>\t\t\t\t<\/div>\n\t\t\t\t<\/div>\n\t\t\t\t<div class=\"elementor-element elementor-element-1e4befe elementor-widget elementor-widget-text-editor\" data-id=\"1e4befe\" data-element_type=\"widget\" data-widget_type=\"text-editor.default\">\n\t\t\t\t<div class=\"elementor-widget-container\">\n\t\t\t\t\t\t\t\t\t<p><strong>L\u2019application Easyfairs Belgium<\/strong>\u00a0fait bien plus que simplement g\u00e9rer votre planning. C\u2019est votre\u00a0<strong>assistant personnel<\/strong>\u00a0qui vous accompagne depuis la pr\u00e9paration de votre participation jusqu\u2019\u00e0 longtemps apr\u00e8s la fin de l\u2019\u00e9v\u00e9nement. En associant le profil de votre entreprise \u00e0 l\u2019application via\u00a0<strong>My Easyfairs,<\/strong>\u00a0vos donn\u00e9es sont automatiquement renseign\u00e9es. Il ne vous reste plus qu\u2019\u00e0\u00a0<strong>planifier votre agenda<\/strong>\u00a0et \u00e0 inviter les membres de votre \u00e9quipe, afin que les visiteurs puissent vous contacter \u00e0 l\u2019avance et prendre rendez-vous.<\/p>\n<p>L\u2019application propose des recommandations\u00a0<strong>personnalis\u00e9es en fonction de vos int\u00e9r\u00eats et de vos objectifs professionnels.<\/strong>\u00a0Elle vous sugg\u00e8re ainsi automatiquement des visiteurs pertinents avec lesquels vous \u00eates assur\u00e9 de nouer des relations fructueuses. De plus, vous pouvez\u00a0<strong>facilement communiquer<\/strong>, prendre des rendez-vous et adapter votre pr\u00e9sence \u00e0 vos propres besoins et objectifs.<\/p>\n\t\t\t\t\t\t\t\t<\/div>\n\t\t\t\t<\/div>\n\t\t\t\t<\/div>\n\t\t<div class=\"elementor-element elementor-element-4c73e15 e-con-full e-flex e-con e-child\" data-id=\"4c73e15\" data-element_type=\"container\" data-settings=\"{&quot;background_background&quot;:&quot;slideshow&quot;,&quot;background_slideshow_gallery&quot;:[],&quot;background_slideshow_loop&quot;:&quot;yes&quot;,&quot;background_slideshow_slide_duration&quot;:5000,&quot;background_slideshow_slide_transition&quot;:&quot;fade&quot;,&quot;background_slideshow_transition_duration&quot;:500}\">\n\t\t<div class=\"elementor-element elementor-element-80f2aeb e-con-full e-flex e-con e-child\" data-id=\"80f2aeb\" data-element_type=\"container\" data-settings=\"{&quot;background_background&quot;:&quot;slideshow&quot;,&quot;background_slideshow_gallery&quot;:[{&quot;id&quot;:48373,&quot;url&quot;:&quot;https:\\\/\\\/www.advanced-manufacturing.be\\\/wp-content\\\/uploads\\\/sites\\\/277\\\/2025\\\/11\\\/LOWRES-3D2A2097.jpg&quot;}],&quot;background_slideshow_loop&quot;:&quot;yes&quot;,&quot;background_slideshow_slide_duration&quot;:5000,&quot;background_slideshow_slide_transition&quot;:&quot;fade&quot;,&quot;background_slideshow_transition_duration&quot;:500}\">\n\t\t\t\t<\/div>\n\t\t\t\t<\/div>\n\t\t\t\t<\/div>\n\t\t\t\t\t<\/div>\n\t\t\t\t<\/div>\n\t\t<div class=\"elementor-element elementor-element-6496f10 e-flex e-con-boxed e-con e-parent\" data-id=\"6496f10\" data-element_type=\"container\" data-settings=\"{&quot;background_background&quot;:&quot;classic&quot;}\">\n\t\t\t\t\t<div class=\"e-con-inner\">\n\t\t<div class=\"elementor-element elementor-element-c5b9102 e-grid e-con-full e-con e-child\" data-id=\"c5b9102\" data-element_type=\"container\">\n\t\t<div class=\"elementor-element elementor-element-f5b9010 e-con-full e-flex e-con e-child\" data-id=\"f5b9010\" data-element_type=\"container\" data-settings=\"{&quot;background_background&quot;:&quot;classic&quot;}\">\n\t\t<div class=\"elementor-element elementor-element-1fcfc71 e-grid e-con-full e-con e-child\" data-id=\"1fcfc71\" data-element_type=\"container\">\n\t\t\t\t<div class=\"elementor-element elementor-element-99c32d2 elementor-widget elementor-widget-heading\" data-id=\"99c32d2\" data-element_type=\"widget\" data-widget_type=\"heading.default\">\n\t\t\t\t<div class=\"elementor-widget-container\">\n\t\t\t\t\t<h2 class=\"elementor-heading-title elementor-size-default\">Faites le premier pas et commencez \u00e0 planifier votre visite<\/h2>\t\t\t\t<\/div>\n\t\t\t\t<\/div>\n\t\t\t\t<div class=\"elementor-element elementor-element-417afd8 elementor-view-default elementor-widget elementor-widget-icon\" data-id=\"417afd8\" data-element_type=\"widget\" data-widget_type=\"icon.default\">\n\t\t\t\t<div class=\"elementor-widget-container\">\n\t\t\t\t\t\t\t<div class=\"elementor-icon-wrapper\">\n\t\t\t<div class=\"elementor-icon\">\n\t\t\t<i aria-hidden=\"true\" class=\"fas fa-rocket\"><\/i>\t\t\t<\/div>\n\t\t<\/div>\n\t\t\t\t\t\t<\/div>\n\t\t\t\t<\/div>\n\t\t\t\t<div class=\"elementor-element elementor-element-e359205 elementor-widget elementor-widget-text-editor\" data-id=\"e359205\" data-element_type=\"widget\" data-widget_type=\"text-editor.default\">\n\t\t\t\t<div class=\"elementor-widget-container\">\n\t\t\t\t\t\t\t\t\t<p>Planifier votre visite \u00e0 Advanced Manufacturing est la cl\u00e9 d\u2019une exp\u00e9rience r\u00e9ussie. Avec la nouvelle application, il devient facile de pr\u00e9parer enti\u00e8rement votre journ\u00e9e au salon, de saisir les opportunit\u00e9s et de tirer le meilleur parti de l\u2019\u00e9v\u00e9nement !<\/p>\n\t\t\t\t\t\t\t\t<\/div>\n\t\t\t\t<\/div>\n\t\t\t\t<\/div>\n\t\t\t\t<\/div>\n\t\t<div class=\"elementor-element elementor-element-66dc042 e-con-full e-flex e-con e-child\" data-id=\"66dc042\" data-element_type=\"container\" data-settings=\"{&quot;background_background&quot;:&quot;classic&quot;}\">\n\t\t<div class=\"elementor-element elementor-element-3b90210 e-grid e-con-full e-con e-child\" data-id=\"3b90210\" data-element_type=\"container\">\n\t\t\t\t<div class=\"elementor-element elementor-element-0892f57 elementor-widget elementor-widget-heading\" data-id=\"0892f57\" data-element_type=\"widget\" data-widget_type=\"heading.default\">\n\t\t\t\t<div class=\"elementor-widget-container\">\n\t\t\t\t\t<h2 class=\"elementor-heading-title elementor-size-default\">Obtenez des recommandations personnalis\u00e9es<\/h2>\t\t\t\t<\/div>\n\t\t\t\t<\/div>\n\t\t\t\t<div class=\"elementor-element elementor-element-ff92859 elementor-view-default elementor-widget elementor-widget-icon\" data-id=\"ff92859\" data-element_type=\"widget\" data-widget_type=\"icon.default\">\n\t\t\t\t<div class=\"elementor-widget-container\">\n\t\t\t\t\t\t\t<div class=\"elementor-icon-wrapper\">\n\t\t\t<div class=\"elementor-icon\">\n\t\t\t<i aria-hidden=\"true\" class=\"fas fa-handshake\"><\/i>\t\t\t<\/div>\n\t\t<\/div>\n\t\t\t\t\t\t<\/div>\n\t\t\t\t<\/div>\n\t\t\t\t<div class=\"elementor-element elementor-element-9902d4a elementor-widget elementor-widget-text-editor\" data-id=\"9902d4a\" data-element_type=\"widget\" data-widget_type=\"text-editor.default\">\n\t\t\t\t<div class=\"elementor-widget-container\">\n\t\t\t\t\t\t\t\t\t<p>Recevez des suggestions personnalis\u00e9es sur les meilleures personnes \u00e0 rencontrer. Gr\u00e2ce \u00e0 des algorithmes intelligents, vos pr\u00e9f\u00e9rences sont analys\u00e9es et les connexions les plus pr\u00e9cieuses sont s\u00e9lectionn\u00e9es pour vous.<\/p>\n\t\t\t\t\t\t\t\t<\/div>\n\t\t\t\t<\/div>\n\t\t\t\t<\/div>\n\t\t\t\t<\/div>\n\t\t<div class=\"elementor-element elementor-element-a3c42d0 e-con-full e-flex e-con e-child\" data-id=\"a3c42d0\" data-element_type=\"container\" data-settings=\"{&quot;background_background&quot;:&quot;classic&quot;}\">\n\t\t<div class=\"elementor-element elementor-element-3148940 e-grid e-con-full e-con e-child\" data-id=\"3148940\" data-element_type=\"container\">\n\t\t\t\t<div class=\"elementor-element elementor-element-3ad35f5 elementor-widget elementor-widget-heading\" data-id=\"3ad35f5\" data-element_type=\"widget\" data-widget_type=\"heading.default\">\n\t\t\t\t<div class=\"elementor-widget-container\">\n\t\t\t\t\t<h2 class=\"elementor-heading-title elementor-size-default\">Cr\u00e9ez votre programme id\u00e9al !<\/h2>\t\t\t\t<\/div>\n\t\t\t\t<\/div>\n\t\t\t\t<div class=\"elementor-element elementor-element-8387851 elementor-view-default elementor-widget elementor-widget-icon\" data-id=\"8387851\" data-element_type=\"widget\" data-widget_type=\"icon.default\">\n\t\t\t\t<div class=\"elementor-widget-container\">\n\t\t\t\t\t\t\t<div class=\"elementor-icon-wrapper\">\n\t\t\t<div class=\"elementor-icon\">\n\t\t\t<i aria-hidden=\"true\" class=\"far fa-calendar-check\"><\/i>\t\t\t<\/div>\n\t\t<\/div>\n\t\t\t\t\t\t<\/div>\n\t\t\t\t<\/div>\n\t\t\t\t<div class=\"elementor-element elementor-element-87d6207 elementor-widget elementor-widget-text-editor\" data-id=\"87d6207\" data-element_type=\"widget\" data-widget_type=\"text-editor.default\">\n\t\t\t\t<div class=\"elementor-widget-container\">\n\t\t\t\t\t\t\t\t\t<p>Restez toujours \u00e0 jour et ne manquez plus jamais une session importante ! Explorez le programme des s\u00e9minaires, d\u00e9couvrez plus en d\u00e9tail les intervenants et les sujets, et ajoutez facilement les sessions auxquelles vous souhaitez assister \u00e0 votre agenda personnel.<\/p>\n\t\t\t\t\t\t\t\t<\/div>\n\t\t\t\t<\/div>\n\t\t\t\t<\/div>\n\t\t\t\t<\/div>\n\t\t\t\t<\/div>\n\t\t\t\t\t<\/div>\n\t\t\t\t<\/div>\n\t\t<div class=\"elementor-element elementor-element-2de6a1b e-flex e-con-boxed e-con e-parent\" data-id=\"2de6a1b\" data-element_type=\"container\" data-settings=\"{&quot;background_background&quot;:&quot;classic&quot;}\">\n\t\t\t\t\t<div class=\"e-con-inner\">\n\t\t<div class=\"elementor-element elementor-element-9d165f4 e-con-full e-flex e-con e-child\" data-id=\"9d165f4\" data-element_type=\"container\">\n\t\t\t\t<div class=\"elementor-element elementor-element-96b7836 elementor-widget elementor-widget-heading\" data-id=\"96b7836\" data-element_type=\"widget\" data-widget_type=\"heading.default\">\n\t\t\t\t<div class=\"elementor-widget-container\">\n\t\t\t\t\t<h2 class=\"elementor-heading-title elementor-size-default\">Avantages de l'application Easyfairs Belgium<\/h2>\t\t\t\t<\/div>\n\t\t\t\t<\/div>\n\t\t<div class=\"elementor-element elementor-element-1467436 e-con-full e-flex e-con e-child\" data-id=\"1467436\" data-element_type=\"container\">\n\t\t\t\t<div class=\"elementor-element elementor-element-6992821 elementor-widget elementor-widget-text-editor\" data-id=\"6992821\" data-element_type=\"widget\" data-widget_type=\"text-editor.default\">\n\t\t\t\t<div class=\"elementor-widget-container\">\n\t\t\t\t\t\t\t\t\t<table class=\"min-w-full aligncenter\" data-start=\"2452\" data-end=\"3020\">\n<thead data-start=\"2452\" data-end=\"2546\">\n<tr data-start=\"2452\" data-end=\"2546\">\n<th data-start=\"2452\" data-end=\"2474\">\ud83d\udcc8 Boost r\u00e9seau<\/th>\n<th data-start=\"2474\" data-end=\"2546\">Augmentez la visibilit\u00e9 de votre entreprise et rencontrez les bonnes personnes<\/th>\n<\/tr>\n<\/thead>\n<tbody data-start=\"2644\" data-end=\"3020\">\n<tr data-start=\"2644\" data-end=\"2738\">\n<td class=\"max-w-[calc(var(--thread-content-max-width)*2\/3)]\" data-start=\"2644\" data-end=\"2670\">\ud83d\udcc5<strong> Planificateur de rendez-vous<\/strong><\/td>\n<td class=\"max-w-[calc(var(--thread-content-max-width)*2\/3)] min-w-[calc(var(--thread-content-max-width)\/3)]\" data-start=\"2670\" data-end=\"2738\">Les visiteurs peuvent r\u00e9server des r\u00e9unions \u00e0 l&rsquo;avance, ce qui permet de gagner du temps<\/td>\n<\/tr>\n<tr data-start=\"2739\" data-end=\"2835\">\n<td class=\"max-w-[calc(var(--thread-content-max-width)*2\/3)]\" data-start=\"2739\" data-end=\"2768\">\ud83d\udcac <strong>Communication rapide<\/strong><\/td>\n<td class=\"max-w-[calc(var(--thread-content-max-width)*2\/3)] min-w-[calc(var(--thread-content-max-width)\/3)]\" data-start=\"2768\" data-end=\"2835\">Discutez avec des contacts int\u00e9ress\u00e9s avant, pendant et apr\u00e8s le salon<\/td>\n<\/tr>\n<tr data-start=\"2836\" data-end=\"2929\">\n<td class=\"max-w-[calc(var(--thread-content-max-width)*2\/3)]\" data-start=\"2836\" data-end=\"2872\"><strong>\ud83e\udded Recommandations personnalis\u00e9es<\/strong><\/td>\n<td class=\"max-w-[calc(var(--thread-content-max-width)*2\/3)] min-w-[calc(var(--thread-content-max-width)\/3)]\" data-start=\"2872\" data-end=\"2929\">Recevez des suggestions adapt\u00e9es \u00e0 votre profil et \u00e0 vos centres d\u2019int\u00e9r\u00eat<\/td>\n<\/tr>\n<tr data-start=\"2930\" data-end=\"3020\">\n<td class=\"max-w-[calc(var(--thread-content-max-width)*2\/3)]\" data-start=\"2930\" data-end=\"2963\">\ud83d\udd10<strong> Int\u00e9gration My Easyfairs<\/strong><\/td>\n<td class=\"max-w-[calc(var(--thread-content-max-width)*2\/3)] min-w-[calc(var(--thread-content-max-width)\/3)]\" data-start=\"2963\" data-end=\"3020\">Toutes les informations sont reli\u00e9es et disponibles au m\u00eame endroit<\/td>\n<\/tr>\n<\/tbody>\n<\/table>\n\t\t\t\t\t\t\t\t<\/div>\n\t\t\t\t<\/div>\n\t\t\t\t<\/div>\n\t\t\t\t<\/div>\n\t\t\t\t\t<\/div>\n\t\t\t\t<\/div>\n\t\t<div class=\"elementor-element elementor-element-d2f0ab5 e-flex e-con-boxed e-con e-parent\" data-id=\"d2f0ab5\" data-element_type=\"container\" data-settings=\"{&quot;background_background&quot;:&quot;classic&quot;}\">\n\t\t\t\t\t<div class=\"e-con-inner\">\n\t\t<div class=\"elementor-element elementor-element-958eb1f e-con-full e-flex e-con e-child\" data-id=\"958eb1f\" data-element_type=\"container\" data-settings=\"{&quot;background_background&quot;:&quot;classic&quot;,&quot;shape_divider_bottom&quot;:&quot;opacity-tilt&quot;}\">\n\t\t\t\t<div class=\"elementor-shape elementor-shape-bottom\" aria-hidden=\"true\" data-negative=\"false\">\n\t\t\t<svg xmlns=\"http:\/\/www.w3.org\/2000\/svg\" viewBox=\"0 0 2600 131.1\" preserveAspectRatio=\"none\">\n\t<path class=\"elementor-shape-fill\" d=\"M0 0L2600 0 2600 69.1 0 0z\"\/>\n\t<path class=\"elementor-shape-fill\" style=\"opacity:0.5\" d=\"M0 0L2600 0 2600 69.1 0 69.1z\"\/>\n\t<path class=\"elementor-shape-fill\" style=\"opacity:0.25\" d=\"M2600 0L0 0 0 130.1 2600 69.1z\"\/>\n<\/svg>\t\t<\/div>\n\t\t<div class=\"elementor-element elementor-element-6456ce4 e-flex e-con-boxed e-con e-child\" data-id=\"6456ce4\" data-element_type=\"container\" data-settings=\"{&quot;background_background&quot;:&quot;classic&quot;}\">\n\t\t\t\t\t<div class=\"e-con-inner\">\n\t\t<div class=\"elementor-element elementor-element-4cb1491 e-flex e-con-boxed e-con e-child\" data-id=\"4cb1491\" data-element_type=\"container\" data-settings=\"{&quot;background_background&quot;:&quot;classic&quot;}\">\n\t\t\t\t\t<div class=\"e-con-inner\">\n\t\t\t\t\t<\/div>\n\t\t\t\t<\/div>\n\t\t<div class=\"elementor-element elementor-element-2590281 e-flex e-con-boxed e-con e-child\" data-id=\"2590281\" data-element_type=\"container\">\n\t\t\t\t\t<div class=\"e-con-inner\">\n\t\t\t\t<div class=\"elementor-element elementor-element-12703cf elementor-widget elementor-widget-heading\" data-id=\"12703cf\" data-element_type=\"widget\" data-widget_type=\"heading.default\">\n\t\t\t\t<div class=\"elementor-widget-container\">\n\t\t\t\t\t<h2 class=\"elementor-heading-title elementor-size-default\">Comment \u00e7a fonctionne ?<\/h2>\t\t\t\t<\/div>\n\t\t\t\t<\/div>\n\t\t\t\t<div class=\"elementor-element elementor-element-4eba1cf elementor-widget elementor-widget-text-editor\" data-id=\"4eba1cf\" data-element_type=\"widget\" data-widget_type=\"text-editor.default\">\n\t\t\t\t<div class=\"elementor-widget-container\">\n\t\t\t\t\t\t\t\t\t<ol>\n<li data-start=\"101\" data-end=\"284\"><strong data-start=\"101\" data-end=\"128\">Inscrivez votre \u00e9quipe de stand<\/strong><br data-start=\"128\" data-end=\"131\" \/>Une fois votre personnel de stand inscrit, il recevra automatiquement une invitation par e-mail pour cr\u00e9er son compte personnel dans l&rsquo;application Easyfairs Belgium.<\/li>\n<li data-start=\"289\" data-end=\"488\"><strong data-start=\"289\" data-end=\"311\">Configurez votre profil<\/strong><br data-start=\"311\" data-end=\"314\" \/>Remplissez votre profil utilisateur et indiquez vos centres d\u2019int\u00e9r\u00eat ainsi que ce que vous recherchez lors de l\u2019\u00e9v\u00e9nement. Vous recevrez ainsi des connexions pertinentes et des recommandations personnalis\u00e9es.<\/li>\n<li data-start=\"493\" data-end=\"692\"><strong data-start=\"493\" data-end=\"512\">T\u00e9l\u00e9chargez l\u2019application<\/strong><br data-start=\"512\" data-end=\"515\" \/>Installez l&rsquo;application sur votre appareil et commencez imm\u00e9diatement \u00e0 planifier des rendez-vous, \u00e0 \u00e9tablir des connexions et \u00e0 g\u00e9rer votre participation au salon o\u00f9 et quand vous le souhaitez.<\/li>\n<\/ol>\n\t\t\t\t\t\t\t\t<\/div>\n\t\t\t\t<\/div>\n\t\t\t\t\t<\/div>\n\t\t\t\t<\/div>\n\t\t\t\t\t<\/div>\n\t\t\t\t<\/div>\n\t\t\t\t<\/div>\n\t\t\t\t\t<\/div>\n\t\t\t\t<\/div>\n\t\t<div class=\"elementor-element elementor-element-e84e39a e-flex e-con-boxed e-con e-parent\" data-id=\"e84e39a\" data-element_type=\"container\" data-settings=\"{&quot;background_background&quot;:&quot;classic&quot;}\">\n\t\t\t\t\t<div class=\"e-con-inner\">\n\t\t<div class=\"elementor-element elementor-element-b04b838 e-con-full e-flex e-con e-child\" data-id=\"b04b838\" data-element_type=\"container\" data-settings=\"{&quot;background_background&quot;:&quot;classic&quot;}\">\n\t\t\t\t<div class=\"elementor-element elementor-element-6f5b45f elementor-widget elementor-widget-heading\" data-id=\"6f5b45f\" data-element_type=\"widget\" data-widget_type=\"heading.default\">\n\t\t\t\t<div class=\"elementor-widget-container\">\n\t\t\t\t\t<h2 class=\"elementor-heading-title elementor-size-default\">Tirez le meilleur parti de votre participation !<\/h2>\t\t\t\t<\/div>\n\t\t\t\t<\/div>\n\t\t\t\t<div class=\"elementor-element elementor-element-e24a2c1 elementor-widget elementor-widget-text-editor\" data-id=\"e24a2c1\" data-element_type=\"widget\" data-widget_type=\"text-editor.default\">\n\t\t\t\t<div class=\"elementor-widget-container\">\n\t\t\t\t\t\t\t\t\t<p>L&rsquo;application Easyfairs Belgium est bien plus qu\u2019un simple outil de planification. C\u2019est votre assistant personnel, con\u00e7u pour vous offrir une exp\u00e9rience riche et fluide depuis le moment o\u00f9 vous d\u00e9cidez de nous rendre visite jusqu\u2019au moment de votre d\u00e9part.<\/p>\n<p>Optimisez votre visite au salon, cr\u00e9ez de nouvelles connexions et restez inform\u00e9 de tout ce que Advanced Manufacturing a \u00e0 offrir.<\/p>\n\t\t\t\t\t\t\t\t<\/div>\n\t\t\t\t<\/div>\n\t\t\t\t<div class=\"elementor-element elementor-element-f5e4a0f elementor-align-center elementor-widget elementor-widget-button\" data-id=\"f5e4a0f\" data-element_type=\"widget\" data-widget_type=\"button.default\">\n\t\t\t\t<div class=\"elementor-widget-container\">\n\t\t\t\t\t\t\t\t\t<div class=\"elementor-button-wrapper\">\n\t\t\t\t\t<a class=\"elementor-button elementor-button-link elementor-size-sm\" href=\"https:\/\/apps.apple.com\/nl\/app\/easyfairs-belgium\/id6680193572\">\n\t\t\t\t\t\t<span class=\"elementor-button-content-wrapper\">\n\t\t\t\t\t\t\t\t\t<span class=\"elementor-button-text\">Apple App Store <\/span>\n\t\t\t\t\t<\/span>\n\t\t\t\t\t<\/a>\n\t\t\t\t<\/div>\n\t\t\t\t\t\t\t\t<\/div>\n\t\t\t\t<\/div>\n\t\t\t\t<div class=\"elementor-element elementor-element-7f452cd elementor-align-center elementor-widget elementor-widget-button\" data-id=\"7f452cd\" data-element_type=\"widget\" data-widget_type=\"button.default\">\n\t\t\t\t<div class=\"elementor-widget-container\">\n\t\t\t\t\t\t\t\t\t<div class=\"elementor-button-wrapper\">\n\t\t\t\t\t<a class=\"elementor-button elementor-button-link elementor-size-sm\" href=\"https:\/\/play.google.com\/store\/apps\/details?id=events.grip.efbe1047&#038;hl=en\">\n\t\t\t\t\t\t<span class=\"elementor-button-content-wrapper\">\n\t\t\t\t\t\t\t\t\t<span class=\"elementor-button-text\">Google Play Store<\/span>\n\t\t\t\t\t<\/span>\n\t\t\t\t\t<\/a>\n\t\t\t\t<\/div>\n\t\t\t\t\t\t\t\t<\/div>\n\t\t\t\t<\/div>\n\t\t\t\t<\/div>\n\t\t\t\t\t<\/div>\n\t\t\t\t<\/div>\n\t\t\t\t<\/div>\n\t\t","protected":false},"excerpt":{"rendered":"<p>Optimisez votre participation au salon avec l&rsquo;application Easyfairs Belgium D\u00e9couvrez la toute nouvelle application Easyfairs Belgium : l\u2019outil ultime pour tirer le meilleur parti de votre participation au salon. Connectez-vous, planifiez des rendez-vous et restez en t\u00eate aupr\u00e8s de vos clients et prospects \u2013 le tout via une seule application pratique. Que vous soyez un [&hellip;]<\/p>\n","protected":false},"author":949,"featured_media":0,"parent":0,"menu_order":0,"comment_status":"closed","ping_status":"closed","template":"","meta":{"_seopress_robots_primary_cat":"","_seopress_titles_title":"","_seopress_titles_desc":"","_seopress_robots_index":"","footnotes":""},"class_list":["post-48516","page","type-page","status-publish","hentry"],"_links":{"self":[{"href":"https:\/\/www.advanced-manufacturing.be\/fr\/wp-json\/wp\/v2\/pages\/48516","targetHints":{"allow":["GET"]}}],"collection":[{"href":"https:\/\/www.advanced-manufacturing.be\/fr\/wp-json\/wp\/v2\/pages"}],"about":[{"href":"https:\/\/www.advanced-manufacturing.be\/fr\/wp-json\/wp\/v2\/types\/page"}],"author":[{"embeddable":true,"href":"https:\/\/www.advanced-manufacturing.be\/fr\/wp-json\/wp\/v2\/users\/949"}],"replies":[{"embeddable":true,"href":"https:\/\/www.advanced-manufacturing.be\/fr\/wp-json\/wp\/v2\/comments?post=48516"}],"version-history":[{"count":2,"href":"https:\/\/www.advanced-manufacturing.be\/fr\/wp-json\/wp\/v2\/pages\/48516\/revisions"}],"predecessor-version":[{"id":48947,"href":"https:\/\/www.advanced-manufacturing.be\/fr\/wp-json\/wp\/v2\/pages\/48516\/revisions\/48947"}],"wp:attachment":[{"href":"https:\/\/www.advanced-manufacturing.be\/fr\/wp-json\/wp\/v2\/media?parent=48516"}],"curies":[{"name":"wp","href":"https:\/\/api.w.org\/{rel}","templated":true}]}}