{"id":1991,"date":"2022-12-27T12:59:24","date_gmt":"2022-12-27T12:59:24","guid":{"rendered":"https:\/\/www.advanced-manufacturing.be\/programme\/"},"modified":"2026-04-20T08:45:20","modified_gmt":"2026-04-20T08:45:20","slug":"programme","status":"publish","type":"page","link":"https:\/\/www.advanced-manufacturing.be\/fr\/programme\/","title":{"rendered":"Exp\u00e9rience"},"content":{"rendered":"\t\t<div data-elementor-type=\"wp-page\" data-elementor-id=\"1991\" class=\"elementor elementor-1991 elementor-172\" data-elementor-post-type=\"page\">\n\t\t\t\t<div class=\"elementor-element elementor-element-e408446 e-flex e-con-boxed e-con e-parent\" data-id=\"e408446\" data-element_type=\"container\" data-settings=\"{&quot;background_background&quot;:&quot;classic&quot;,&quot;background_motion_fx_motion_fx_scrolling&quot;:&quot;yes&quot;,&quot;background_motion_fx_devices&quot;:[&quot;desktop&quot;,&quot;laptop&quot;,&quot;tablet&quot;,&quot;mobile&quot;]}\">\n\t\t\t\t\t<div class=\"e-con-inner\">\n\t\t\t\t<div class=\"elementor-element elementor-element-9d805a9 elementor-widget elementor-widget-dynamic-button\" data-id=\"9d805a9\" data-element_type=\"widget\" data-widget_type=\"dynamic-button.default\">\n\t\t\t\t<div class=\"elementor-widget-container\">\n\t\t\t\t\t        <div class=\"elementor-button-wrapper\">\n            <a href=\"https:\/\/register.visitcloud.com\/survey\/0kgeq9znbyzmg\" target=\"_blank\" class=\"elementor-button-link elementor-button elementor-size-sm elementor-animation-grow\" role=\"button\">\n                        <span class=\"elementor-button-content-wrapper\">\n\t\t\t\t\t\t<span class=\"elementor-button-text\">Inscrivez-vous ici<\/span>\n\t\t<\/span>\n                    <\/a>\n        <\/div>\n        \t\t\t\t<\/div>\n\t\t\t\t<\/div>\n\t\t\t\t\t<\/div>\n\t\t\t\t<\/div>\n\t\t<div class=\"elementor-element elementor-element-47cf3ab e-flex e-con-boxed e-con e-parent\" data-id=\"47cf3ab\" data-element_type=\"container\" data-settings=\"{&quot;background_background&quot;:&quot;classic&quot;}\">\n\t\t\t\t\t<div class=\"e-con-inner\">\n\t\t<div class=\"elementor-element elementor-element-f831a50 e-con-full e-flex e-con e-child\" data-id=\"f831a50\" data-element_type=\"container\" data-settings=\"{&quot;background_background&quot;:&quot;classic&quot;}\">\n\t\t\t\t<div class=\"elementor-element elementor-element-0784abb elementor-widget elementor-widget-heading\" data-id=\"0784abb\" data-element_type=\"widget\" data-widget_type=\"heading.default\">\n\t\t\t\t<div class=\"elementor-widget-container\">\n\t\t\t\t\t<h2 class=\"elementor-heading-title elementor-size-default\">Best Metal Project<\/h2>\t\t\t\t<\/div>\n\t\t\t\t<\/div>\n\t\t\t\t<div class=\"elementor-element elementor-element-d43cbe7 elementor-widget elementor-widget-text-editor\" data-id=\"d43cbe7\" data-element_type=\"widget\" data-widget_type=\"text-editor.default\">\n\t\t\t\t<div class=\"elementor-widget-container\">\n\t\t\t\t\t\t\t\t\t<p>Venez admirer le savoir-faire cr\u00e9atif ou participez vous-m\u00eame au concours !<\/p>\n\t\t\t\t\t\t\t\t<\/div>\n\t\t\t\t<\/div>\n\t\t\t\t<div class=\"elementor-element elementor-element-ca913fe elementor-mobile-align-center elementor-widget elementor-widget-button\" data-id=\"ca913fe\" data-element_type=\"widget\" data-widget_type=\"button.default\">\n\t\t\t\t<div class=\"elementor-widget-container\">\n\t\t\t\t\t\t\t\t\t<div class=\"elementor-button-wrapper\">\n\t\t\t\t\t<a class=\"elementor-button elementor-button-link elementor-size-sm\" href=\"https:\/\/www.advanced-manufacturing.be\/fr\/participer\/best-metal-project-2026\/\">\n\t\t\t\t\t\t<span class=\"elementor-button-content-wrapper\">\n\t\t\t\t\t\t\t\t\t<span class=\"elementor-button-text\">D\u00e9couvrez le concours<\/span>\n\t\t\t\t\t<\/span>\n\t\t\t\t\t<\/a>\n\t\t\t\t<\/div>\n\t\t\t\t\t\t\t\t<\/div>\n\t\t\t\t<\/div>\n\t\t\t\t<\/div>\n\t\t<div class=\"elementor-element elementor-element-f9e7ec5 e-con-full e-flex e-con e-child\" data-id=\"f9e7ec5\" data-element_type=\"container\" data-settings=\"{&quot;background_background&quot;:&quot;classic&quot;}\">\n\t\t\t\t<\/div>\n\t\t\t\t\t<\/div>\n\t\t\t\t<\/div>\n\t\t<div class=\"elementor-element elementor-element-a77aca9 e-flex e-con-boxed e-con e-parent\" data-id=\"a77aca9\" data-element_type=\"container\" data-settings=\"{&quot;background_background&quot;:&quot;classic&quot;}\">\n\t\t\t\t\t<div class=\"e-con-inner\">\n\t\t<div class=\"elementor-element elementor-element-fe750cb e-con-full e-flex e-con e-child\" data-id=\"fe750cb\" data-element_type=\"container\" data-settings=\"{&quot;background_background&quot;:&quot;classic&quot;}\">\n\t\t\t\t<\/div>\n\t\t<div class=\"elementor-element elementor-element-c76dba2 e-con-full e-flex e-con e-child\" data-id=\"c76dba2\" data-element_type=\"container\" data-settings=\"{&quot;background_background&quot;:&quot;classic&quot;}\">\n\t\t\t\t<div class=\"elementor-element elementor-element-1f5f331 elementor-widget elementor-widget-heading\" data-id=\"1f5f331\" data-element_type=\"widget\" data-widget_type=\"heading.default\">\n\t\t\t\t<div class=\"elementor-widget-container\">\n\t\t\t\t\t<h2 class=\"elementor-heading-title elementor-size-default\">La D\u00e9fense<\/h2>\t\t\t\t<\/div>\n\t\t\t\t<\/div>\n\t\t\t\t<div class=\"elementor-element elementor-element-c6eaea3 elementor-widget elementor-widget-text-editor\" data-id=\"c6eaea3\" data-element_type=\"widget\" data-widget_type=\"text-editor.default\">\n\t\t\t\t<div class=\"elementor-widget-container\">\n\t\t\t\t\t\t\t\t\t<p>Comment un soudeur travaille-t-il en premi\u00e8re ligne ? D\u00e9couvrez comment <strong>la technique et l\u2019aventure<\/strong> se rejoignent au sein de la D\u00e9fense ! Rencontrez des coll\u00e8gues techniques et des recruteurs, posez toutes vos questions et d\u00e9couvrez comment le soudage et d\u2019autres travaux techniques contribuent \u00e0 des missions passionnantes. Qui sait, votre prochain d\u00e9fi commence peut-\u00eatre ici !<\/p>\n\t\t\t\t\t\t\t\t<\/div>\n\t\t\t\t<\/div>\n\t\t\t\t<div class=\"elementor-element elementor-element-7b5ac9d elementor-widget elementor-widget-image\" data-id=\"7b5ac9d\" data-element_type=\"widget\" data-widget_type=\"image.default\">\n\t\t\t\t<div class=\"elementor-widget-container\">\n\t\t\t\t\t\t\t\t\t\t\t\t\t\t\t<img decoding=\"async\" src=\"https:\/\/easyfairsassets.com\/sites\/277\/elementor\/thumbs\/def2-rckcszg1wabuiisdxzvi8evn43tz3esg8uxiz9wx60.jpg\" title=\"def2\" alt=\"def2\" loading=\"lazy\" \/>\t\t\t\t\t\t\t\t\t\t\t\t\t\t\t<\/div>\n\t\t\t\t<\/div>\n\t\t\t\t<\/div>\n\t\t\t\t\t<\/div>\n\t\t\t\t<\/div>\n\t\t<div class=\"elementor-element elementor-element-ab2a9d9 e-flex e-con-boxed e-con e-parent\" data-id=\"ab2a9d9\" data-element_type=\"container\" data-settings=\"{&quot;background_background&quot;:&quot;classic&quot;}\">\n\t\t\t\t\t<div class=\"e-con-inner\">\n\t\t<div class=\"elementor-element elementor-element-2d33ff2 e-con-full e-flex e-con e-child\" data-id=\"2d33ff2\" data-element_type=\"container\" data-settings=\"{&quot;background_background&quot;:&quot;classic&quot;}\">\n\t\t\t\t<div class=\"elementor-element elementor-element-5137dde elementor-widget elementor-widget-heading\" data-id=\"5137dde\" data-element_type=\"widget\" data-widget_type=\"heading.default\">\n\t\t\t\t<div class=\"elementor-widget-container\">\n\t\t\t\t\t<h2 class=\"elementor-heading-title elementor-size-default\">Journ\u00e9e du soudage BIL\/VCL<\/h2>\t\t\t\t<\/div>\n\t\t\t\t<\/div>\n\t\t\t\t<div class=\"elementor-element elementor-element-f2bfceb elementor-widget elementor-widget-text-editor\" data-id=\"f2bfceb\" data-element_type=\"widget\" data-widget_type=\"text-editor.default\">\n\t\t\t\t<div class=\"elementor-widget-container\">\n\t\t\t\t\t\t\t\t\t<p>Les journ\u00e9es du soudage BIL\/VCL proposent des <strong>sessions pratiques<\/strong> sur la formation, les normes de soudage et l&rsquo;assurance qualit\u00e9. Au programme : apprentissage tout au long de la vie pour les soudeurs, mises \u00e0 jour des normes, contr\u00f4le qualit\u00e9, analyse des dommages et masterclasses approfondies sur la certification, les param\u00e8tres de soudage et la corrosion.<strong> Les sessions sont gratuites.<\/strong><\/p>\n\t\t\t\t\t\t\t\t<\/div>\n\t\t\t\t<\/div>\n\t\t\t\t<div class=\"elementor-element elementor-element-dc6dd58 elementor-mobile-align-center elementor-widget elementor-widget-button\" data-id=\"dc6dd58\" data-element_type=\"widget\" data-widget_type=\"button.default\">\n\t\t\t\t<div class=\"elementor-widget-container\">\n\t\t\t\t\t\t\t\t\t<div class=\"elementor-button-wrapper\">\n\t\t\t\t\t<a class=\"elementor-button elementor-button-link elementor-size-sm\" href=\"https:\/\/www.advanced-manufacturing.be\/fr\/programme-de-seminaires-gratuits\/\">\n\t\t\t\t\t\t<span class=\"elementor-button-content-wrapper\">\n\t\t\t\t\t\t\t\t\t<span class=\"elementor-button-text\">Consultez le programme<\/span>\n\t\t\t\t\t<\/span>\n\t\t\t\t\t<\/a>\n\t\t\t\t<\/div>\n\t\t\t\t\t\t\t\t<\/div>\n\t\t\t\t<\/div>\n\t\t<div class=\"elementor-element elementor-element-3e9d72a e-con-full e-flex e-con e-child\" data-id=\"3e9d72a\" data-element_type=\"container\">\n\t\t\t\t<div class=\"elementor-element elementor-element-446466f elementor-widget__width-initial elementor-widget elementor-widget-image\" data-id=\"446466f\" data-element_type=\"widget\" data-widget_type=\"image.default\">\n\t\t\t\t<div class=\"elementor-widget-container\">\n\t\t\t\t\t\t\t\t\t\t\t\t\t\t\t<img decoding=\"async\" src=\"https:\/\/easyfairsassets.com\/sites\/277\/elementor\/thumbs\/bil-logo-qllre3nahgjf5bh97qpbcsnuxfvwi76dn1jaid9kh4.png\" title=\"bil logo\" alt=\"bil logo\" loading=\"lazy\" \/>\t\t\t\t\t\t\t\t\t\t\t\t\t\t\t<\/div>\n\t\t\t\t<\/div>\n\t\t\t\t<div class=\"elementor-element elementor-element-0b89232 elementor-widget elementor-widget-image\" data-id=\"0b89232\" data-element_type=\"widget\" data-widget_type=\"image.default\">\n\t\t\t\t<div class=\"elementor-widget-container\">\n\t\t\t\t\t\t\t\t\t\t\t\t\t\t\t<img fetchpriority=\"high\" decoding=\"async\" width=\"500\" height=\"113\" src=\"https:\/\/easyfairsassets.com\/sites\/277\/2026\/01\/vcl_logo.png\" class=\"attachment-medium_large size-medium_large wp-image-50390\" alt=\"\" srcset=\"https:\/\/easyfairsassets.com\/sites\/277\/2026\/01\/vcl_logo.png 500w, https:\/\/easyfairsassets.com\/sites\/277\/2026\/01\/vcl_logo-300x68.png 300w\" sizes=\"(max-width: 500px) 100vw, 500px\" \/>\t\t\t\t\t\t\t\t\t\t\t\t\t\t\t<\/div>\n\t\t\t\t<\/div>\n\t\t\t\t<\/div>\n\t\t\t\t<\/div>\n\t\t<div class=\"elementor-element elementor-element-131bdf9 e-con-full e-flex e-con e-child\" data-id=\"131bdf9\" data-element_type=\"container\" data-settings=\"{&quot;background_background&quot;:&quot;classic&quot;}\">\n\t\t\t\t<\/div>\n\t\t\t\t\t<\/div>\n\t\t\t\t<\/div>\n\t\t<div class=\"elementor-element elementor-element-8bef09c e-flex e-con-boxed e-con e-parent\" data-id=\"8bef09c\" data-element_type=\"container\" data-settings=\"{&quot;background_background&quot;:&quot;classic&quot;}\">\n\t\t\t\t\t<div class=\"e-con-inner\">\n\t\t<div class=\"elementor-element elementor-element-1b4325b e-con-full e-flex e-con e-child\" data-id=\"1b4325b\" data-element_type=\"container\" data-settings=\"{&quot;background_background&quot;:&quot;classic&quot;}\">\n\t\t\t\t<\/div>\n\t\t<div class=\"elementor-element elementor-element-7f5b33d e-con-full e-flex e-con e-child\" data-id=\"7f5b33d\" data-element_type=\"container\" data-settings=\"{&quot;background_background&quot;:&quot;classic&quot;}\">\n\t\t\t\t<div class=\"elementor-element elementor-element-6f4f1e1 elementor-widget elementor-widget-heading\" data-id=\"6f4f1e1\" data-element_type=\"widget\" data-widget_type=\"heading.default\">\n\t\t\t\t<div class=\"elementor-widget-container\">\n\t\t\t\t\t<h2 class=\"elementor-heading-title elementor-size-default\">Steel Warriors by Belmetal<\/h2>\t\t\t\t<\/div>\n\t\t\t\t<\/div>\n\t\t\t\t<div class=\"elementor-element elementor-element-d12b528 elementor-widget elementor-widget-text-editor\" data-id=\"d12b528\" data-element_type=\"widget\" data-widget_type=\"text-editor.default\">\n\t\t\t\t<div class=\"elementor-widget-container\">\n\t\t\t\t\t\t\t\t\t<p>D\u00e9couvrez les <strong>\u0153uvres d&rsquo;art en m\u00e9tal des \u00e9tudiants<\/strong> \u00e0 Steel Warriors, le d\u00e9fi de Belmetal en mati\u00e8re de travail des m\u00e9taux et de soudage. Les \u00e9coles de toute la Belgique sont invit\u00e9es \u00e0 participer \u00e0 un concours visant \u00e0 cr\u00e9er la structure en acier la plus brillante qui int\u00e8gre tous les aspects du travail des m\u00e9taux.<\/p>\n\t\t\t\t\t\t\t\t<\/div>\n\t\t\t\t<\/div>\n\t\t\t\t<div class=\"elementor-element elementor-element-149e0cc elementor-widget elementor-widget-image\" data-id=\"149e0cc\" data-element_type=\"widget\" data-widget_type=\"image.default\">\n\t\t\t\t<div class=\"elementor-widget-container\">\n\t\t\t\t\t\t\t\t\t\t\t\t\t\t\t<img decoding=\"async\" src=\"https:\/\/easyfairsassets.com\/sites\/277\/elementor\/thumbs\/steelwarrios-qllr8yh1v8qcp0sxc7tbw6apfyp9mwiba0o7uw7bwg.jpg\" title=\"Steel Warriors logo OK\" alt=\"Steel Warriors logo OK\" loading=\"lazy\" \/>\t\t\t\t\t\t\t\t\t\t\t\t\t\t\t<\/div>\n\t\t\t\t<\/div>\n\t\t\t\t<\/div>\n\t\t\t\t\t<\/div>\n\t\t\t\t<\/div>\n\t\t<div class=\"elementor-element elementor-element-63a289c e-flex e-con-boxed e-con e-parent\" data-id=\"63a289c\" data-element_type=\"container\" data-settings=\"{&quot;background_background&quot;:&quot;classic&quot;}\">\n\t\t\t\t\t<div class=\"e-con-inner\">\n\t\t<div class=\"elementor-element elementor-element-3a5eb1a e-con-full e-flex e-con e-child\" data-id=\"3a5eb1a\" data-element_type=\"container\" data-settings=\"{&quot;background_background&quot;:&quot;classic&quot;}\">\n\t\t\t\t<div class=\"elementor-element elementor-element-fae8809 elementor-widget elementor-widget-heading\" data-id=\"fae8809\" data-element_type=\"widget\" data-widget_type=\"heading.default\">\n\t\t\t\t<div class=\"elementor-widget-container\">\n\t\t\t\t\t<h2 class=\"elementor-heading-title elementor-size-default\">Championnat de Belgique Virtual Welding<\/h2>\t\t\t\t<\/div>\n\t\t\t\t<\/div>\n\t\t\t\t<div class=\"elementor-element elementor-element-7af017d elementor-widget elementor-widget-text-editor\" data-id=\"7af017d\" data-element_type=\"widget\" data-widget_type=\"text-editor.default\">\n\t\t\t\t<div class=\"elementor-widget-container\">\n\t\t\t\t\t\t\t\t\t<p>Venez tenter votre chance \u00e0 nos <strong>championnats belges de soudure virtuelle<\/strong> ! Plongez dans un <strong>environnement virtuel<\/strong> o\u00f9 vous pourrez d\u00e9montrer vos comp\u00e9tences. Que vous soyez novice en soudage ou professionnel exp\u00e9riment\u00e9, le BK Virtual Welding accueille des participants de tous niveaux.<\/p>\n\t\t\t\t\t\t\t\t<\/div>\n\t\t\t\t<\/div>\n\t\t\t\t<\/div>\n\t\t<div class=\"elementor-element elementor-element-270522f e-con-full e-flex e-con e-child\" data-id=\"270522f\" data-element_type=\"container\" data-settings=\"{&quot;background_background&quot;:&quot;classic&quot;}\">\n\t\t\t\t<\/div>\n\t\t\t\t\t<\/div>\n\t\t\t\t<\/div>\n\t\t<div class=\"elementor-element elementor-element-50f8df1 e-flex e-con-boxed e-con e-parent\" data-id=\"50f8df1\" data-element_type=\"container\" data-settings=\"{&quot;background_background&quot;:&quot;classic&quot;}\">\n\t\t\t\t\t<div class=\"e-con-inner\">\n\t\t<div class=\"elementor-element elementor-element-8ef19ec e-con-full e-flex e-con e-child\" data-id=\"8ef19ec\" data-element_type=\"container\" data-settings=\"{&quot;background_background&quot;:&quot;classic&quot;}\">\n\t\t\t\t<\/div>\n\t\t<div class=\"elementor-element elementor-element-3c4f89c e-con-full e-flex e-con e-child\" data-id=\"3c4f89c\" data-element_type=\"container\" data-settings=\"{&quot;background_background&quot;:&quot;classic&quot;}\">\n\t\t\t\t<div class=\"elementor-element elementor-element-ec0ad4b elementor-widget elementor-widget-heading\" data-id=\"ec0ad4b\" data-element_type=\"widget\" data-widget_type=\"heading.default\">\n\t\t\t\t<div class=\"elementor-widget-container\">\n\t\t\t\t\t<h2 class=\"elementor-heading-title elementor-size-default\">Metal Night - Nocturne<\/h2>\t\t\t\t<\/div>\n\t\t\t\t<\/div>\n\t\t\t\t<div class=\"elementor-element elementor-element-caafca3 elementor-widget elementor-widget-text-editor\" data-id=\"caafca3\" data-element_type=\"widget\" data-widget_type=\"text-editor.default\">\n\t\t\t\t<div class=\"elementor-widget-container\">\n\t\t\t\t\t\t\t\t\t<p>Terminez en beaut\u00e9 lors de la <strong>Metal Night<\/strong> avec un concert live spectaculaire, de d\u00e9licieux en-cas et un verre !<\/p>\n\t\t\t\t\t\t\t\t<\/div>\n\t\t\t\t<\/div>\n\t\t\t\t<\/div>\n\t\t\t\t\t<\/div>\n\t\t\t\t<\/div>\n\t\t<div class=\"elementor-element elementor-element-4e15e20 e-flex e-con-boxed e-con e-parent\" data-id=\"4e15e20\" data-element_type=\"container\" data-settings=\"{&quot;background_background&quot;:&quot;classic&quot;}\">\n\t\t\t\t\t<div class=\"e-con-inner\">\n\t\t<div class=\"elementor-element elementor-element-471252c e-con-full e-flex e-con e-child\" data-id=\"471252c\" data-element_type=\"container\" data-settings=\"{&quot;background_background&quot;:&quot;classic&quot;}\">\n\t\t\t\t<div class=\"elementor-element elementor-element-ed87a59 elementor-widget elementor-widget-heading\" data-id=\"ed87a59\" data-element_type=\"widget\" data-widget_type=\"heading.default\">\n\t\t\t\t<div class=\"elementor-widget-container\">\n\t\t\t\t\t<h2 class=\"elementor-heading-title elementor-size-default\">Wall of Flame<\/h2>\t\t\t\t<\/div>\n\t\t\t\t<\/div>\n\t\t\t\t<div class=\"elementor-element elementor-element-eb96a32 elementor-widget elementor-widget-text-editor\" data-id=\"eb96a32\" data-element_type=\"widget\" data-widget_type=\"text-editor.default\">\n\t\t\t\t<div class=\"elementor-widget-container\">\n\t\t\t\t\t\t\t\t\t<p>Lisez votre <strong>propre message<\/strong> sur le \u00ab Wall of Flame \u00bb de <strong>VCL<\/strong><\/p>\n\t\t\t\t\t\t\t\t<\/div>\n\t\t\t\t<\/div>\n\t\t\t\t<\/div>\n\t\t<div class=\"elementor-element elementor-element-08a4841 e-con-full e-flex e-con e-child\" data-id=\"08a4841\" data-element_type=\"container\" data-settings=\"{&quot;background_background&quot;:&quot;classic&quot;}\">\n\t\t\t\t<\/div>\n\t\t\t\t\t<\/div>\n\t\t\t\t<\/div>\n\t\t<div class=\"elementor-element elementor-element-c1afb0e e-flex e-con-boxed e-con e-parent\" data-id=\"c1afb0e\" data-element_type=\"container\" data-settings=\"{&quot;background_background&quot;:&quot;classic&quot;}\">\n\t\t\t\t\t<div class=\"e-con-inner\">\n\t\t<div class=\"elementor-element elementor-element-15b9672 e-con-full e-flex e-con e-child\" data-id=\"15b9672\" data-element_type=\"container\" data-settings=\"{&quot;background_background&quot;:&quot;classic&quot;}\">\n\t\t\t\t<\/div>\n\t\t<div class=\"elementor-element elementor-element-905a02f e-con-full e-flex e-con e-child\" data-id=\"905a02f\" data-element_type=\"container\" data-settings=\"{&quot;background_background&quot;:&quot;classic&quot;}\">\n\t\t\t\t<div class=\"elementor-element elementor-element-41ff356 elementor-widget elementor-widget-heading\" data-id=\"41ff356\" data-element_type=\"widget\" data-widget_type=\"heading.default\">\n\t\t\t\t<div class=\"elementor-widget-container\">\n\t\t\t\t\t<h2 class=\"elementor-heading-title elementor-size-default\">Skyebase - Demo<\/h2>\t\t\t\t<\/div>\n\t\t\t\t<\/div>\n\t\t\t\t<div class=\"elementor-element elementor-element-828e955 elementor-widget elementor-widget-text-editor\" data-id=\"828e955\" data-element_type=\"widget\" data-widget_type=\"text-editor.default\">\n\t\t\t\t<div class=\"elementor-widget-container\">\n\t\t\t\t\t\t\t\t\t<p>Skyebase aide les entreprises industrielles \u00e0 inspecter et \u00e0 g\u00e9rer leurs actifs gr\u00e2ce \u00e0 <strong>des inspections par drone et par robot<\/strong>, associ\u00e9es \u00e0 des technologies de donn\u00e9es de pointe. En num\u00e9risant et en automatisant les processus d&rsquo;inspection, Skyebase fournit des donn\u00e9es visuelles pr\u00e9cises, des informations exploitables et des analyses de tendances objectives.<\/p>\n<p>Gr\u00e2ce au <strong>traitement d&rsquo;images assist\u00e9 par l&rsquo;IA et \u00e0 des plateformes d&rsquo;inspection num\u00e9riques<\/strong> telles qu&rsquo;iSPECT, les d\u00e9fauts sont d\u00e9tect\u00e9s, compar\u00e9s et suivis plus rapidement dans le temps. Il en r\u00e9sulte des inspections plus s\u00fbres, une efficacit\u00e9 accrue et des d\u00e9cisions de maintenance mieux fond\u00e9es, notamment pour les installations industrielles, les infrastructures et les environnements logistiques.<\/p>\n\t\t\t\t\t\t\t\t<\/div>\n\t\t\t\t<\/div>\n\t\t\t\t<div class=\"elementor-element elementor-element-20a68ad elementor-widget elementor-widget-image\" data-id=\"20a68ad\" data-element_type=\"widget\" data-widget_type=\"image.default\">\n\t\t\t\t<div class=\"elementor-widget-container\">\n\t\t\t\t\t\t\t\t\t\t\t\t\t\t\t<img decoding=\"async\" width=\"800\" height=\"165\" src=\"https:\/\/easyfairsassets.com\/sites\/277\/2026\/04\/Skyebase_primair_RGB-1024x211.png\" class=\"attachment-large size-large wp-image-51555\" alt=\"\" srcset=\"https:\/\/easyfairsassets.com\/sites\/277\/2026\/04\/Skyebase_primair_RGB-1024x211.png 1024w, https:\/\/easyfairsassets.com\/sites\/277\/2026\/04\/Skyebase_primair_RGB-300x62.png 300w, https:\/\/easyfairsassets.com\/sites\/277\/2026\/04\/Skyebase_primair_RGB-768x159.png 768w, https:\/\/easyfairsassets.com\/sites\/277\/2026\/04\/Skyebase_primair_RGB-1536x317.png 1536w, https:\/\/easyfairsassets.com\/sites\/277\/2026\/04\/Skyebase_primair_RGB.png 1831w\" sizes=\"(max-width: 800px) 100vw, 800px\" \/>\t\t\t\t\t\t\t\t\t\t\t\t\t\t\t<\/div>\n\t\t\t\t<\/div>\n\t\t\t\t<\/div>\n\t\t\t\t\t<\/div>\n\t\t\t\t<\/div>\n\t\t\t\t<\/div>\n\t\t","protected":false},"excerpt":{"rendered":"<p>Inscrivez-vous ici Best Metal Project Venez admirer le savoir-faire cr\u00e9atif ou participez vous-m\u00eame au concours ! D\u00e9couvrez le concours La D\u00e9fense Comment un soudeur travaille-t-il en premi\u00e8re ligne ? D\u00e9couvrez comment la technique et l\u2019aventure se rejoignent au sein de la D\u00e9fense ! Rencontrez des coll\u00e8gues techniques et des recruteurs, posez toutes vos questions et [&hellip;]<\/p>\n","protected":false},"author":933,"featured_media":0,"parent":0,"menu_order":14,"comment_status":"closed","ping_status":"closed","template":"","meta":{"_seopress_robots_primary_cat":"","_seopress_titles_title":"Programme | Advanced Manufacturing","_seopress_titles_desc":"D\u00e9couvrez notre programme complet sur l'industrie manufacturi\u00e8re de pointe.","_seopress_robots_index":"","footnotes":""},"class_list":["post-1991","page","type-page","status-publish","hentry"],"_links":{"self":[{"href":"https:\/\/www.advanced-manufacturing.be\/fr\/wp-json\/wp\/v2\/pages\/1991","targetHints":{"allow":["GET"]}}],"collection":[{"href":"https:\/\/www.advanced-manufacturing.be\/fr\/wp-json\/wp\/v2\/pages"}],"about":[{"href":"https:\/\/www.advanced-manufacturing.be\/fr\/wp-json\/wp\/v2\/types\/page"}],"author":[{"embeddable":true,"href":"https:\/\/www.advanced-manufacturing.be\/fr\/wp-json\/wp\/v2\/users\/933"}],"replies":[{"embeddable":true,"href":"https:\/\/www.advanced-manufacturing.be\/fr\/wp-json\/wp\/v2\/comments?post=1991"}],"version-history":[{"count":5,"href":"https:\/\/www.advanced-manufacturing.be\/fr\/wp-json\/wp\/v2\/pages\/1991\/revisions"}],"predecessor-version":[{"id":51559,"href":"https:\/\/www.advanced-manufacturing.be\/fr\/wp-json\/wp\/v2\/pages\/1991\/revisions\/51559"}],"wp:attachment":[{"href":"https:\/\/www.advanced-manufacturing.be\/fr\/wp-json\/wp\/v2\/media?parent=1991"}],"curies":[{"name":"wp","href":"https:\/\/api.w.org\/{rel}","templated":true}]}}