{"id":1983,"date":"2023-01-06T10:13:47","date_gmt":"2023-01-06T10:13:47","guid":{"rendered":"https:\/\/www.advanced-manufacturing.be\/profil-des-exposants\/"},"modified":"2025-11-21T13:09:19","modified_gmt":"2025-11-21T13:09:19","slug":"profil-des-exposants","status":"publish","type":"page","link":"https:\/\/www.advanced-manufacturing.be\/fr\/profil-des-exposants\/","title":{"rendered":"Profil des exposants"},"content":{"rendered":"\t\t<div data-elementor-type=\"wp-page\" data-elementor-id=\"1983\" class=\"elementor elementor-1983 elementor-1551\" data-elementor-post-type=\"page\">\n\t\t\t\t<div class=\"elementor-element elementor-element-4c31226 e-flex e-con-boxed e-con e-parent\" data-id=\"4c31226\" data-element_type=\"container\" data-settings=\"{&quot;background_background&quot;:&quot;classic&quot;,&quot;background_motion_fx_motion_fx_scrolling&quot;:&quot;yes&quot;,&quot;background_motion_fx_devices&quot;:[&quot;desktop&quot;,&quot;laptop&quot;,&quot;tablet&quot;,&quot;mobile&quot;]}\">\n\t\t\t\t\t<div class=\"e-con-inner\">\n\t\t\t\t<div class=\"elementor-element elementor-element-0d530c4 elementor-widget elementor-widget-heading\" data-id=\"0d530c4\" data-element_type=\"widget\" data-widget_type=\"heading.default\">\n\t\t\t\t<div class=\"elementor-widget-container\">\n\t\t\t\t\t<h2 class=\"elementor-heading-title elementor-size-default\">Voir le profil avec lequel vous participez<\/h2>\t\t\t\t<\/div>\n\t\t\t\t<\/div>\n\t\t\t\t<div class=\"elementor-element elementor-element-9af15ec elementor-widget elementor-widget-dynamic-button\" data-id=\"9af15ec\" data-element_type=\"widget\" data-widget_type=\"dynamic-button.default\">\n\t\t\t\t<div class=\"elementor-widget-container\">\n\t\t\t\t\t        <div class=\"elementor-button-wrapper\">\n            <a href=\"mailto:\/\/severine.ehlinger@easyfairs.com\" target=\"_blank\" class=\"elementor-button-link elementor-button elementor-size-sm elementor-animation-grow\" role=\"button\">\n                        <span class=\"elementor-button-content-wrapper\">\n\t\t\t\t\t\t<span class=\"elementor-button-text\">Devenir exposant<\/span>\n\t\t<\/span>\n                    <\/a>\n        <\/div>\n        \t\t\t\t<\/div>\n\t\t\t\t<\/div>\n\t\t\t\t\t<\/div>\n\t\t\t\t<\/div>\n\t\t<div class=\"elementor-element elementor-element-2985dba e-flex e-con-boxed e-con e-parent\" data-id=\"2985dba\" data-element_type=\"container\">\n\t\t\t\t\t<div class=\"e-con-inner\">\n\t\t<div class=\"elementor-element elementor-element-825f6a0 e-con-full e-flex e-con e-child\" data-id=\"825f6a0\" data-element_type=\"container\" data-settings=\"{&quot;background_background&quot;:&quot;classic&quot;}\">\n\t\t<div class=\"elementor-element elementor-element-5cdf5fe e-con-full e-flex e-con e-child\" data-id=\"5cdf5fe\" data-element_type=\"container\" data-settings=\"{&quot;background_background&quot;:&quot;classic&quot;}\">\n\t\t\t\t<\/div>\n\t\t<div class=\"elementor-element elementor-element-8faa38a e-con-full e-flex e-con e-child\" data-id=\"8faa38a\" data-element_type=\"container\" data-settings=\"{&quot;background_background&quot;:&quot;classic&quot;}\">\n\t\t\t\t<div class=\"elementor-element elementor-element-5fae651 elementor-widget elementor-widget-heading\" data-id=\"5fae651\" data-element_type=\"widget\" data-widget_type=\"heading.default\">\n\t\t\t\t<div class=\"elementor-widget-container\">\n\t\t\t\t\t<h2 class=\"elementor-heading-title elementor-size-default\">Welding Week<\/h2>\t\t\t\t<\/div>\n\t\t\t\t<\/div>\n\t\t\t\t<div class=\"elementor-element elementor-element-c346cc1 elementor-widget elementor-widget-text-editor\" data-id=\"c346cc1\" data-element_type=\"widget\" data-widget_type=\"text-editor.default\">\n\t\t\t\t<div class=\"elementor-widget-container\">\n\t\t\t\t\t\t\t\t\t<p><strong>Souder, assembler ou d\u00e9couper le m\u00e9tal et\/ou les plastiques est votre m\u00e9tier ? Alors, une visite \u00e0 Welding Week s\u2019impose!<\/strong><\/p>\n\t\t\t\t\t\t\t\t<\/div>\n\t\t\t\t<\/div>\n\t\t\t\t<div class=\"elementor-element elementor-element-faaa756 custom-list elementor-widget elementor-widget-text-editor\" data-id=\"faaa756\" data-element_type=\"widget\" data-widget_type=\"text-editor.default\">\n\t\t\t\t<div class=\"elementor-widget-container\">\n\t\t\t\t\t\t\t\t\t<ul>\n<li>Installations et mat\u00e9riel pour le soudage de m\u00e9taux et proc\u00e9d\u00e9s de rechargement<\/li>\n<li>Installations et mat\u00e9riel pour le soudage de plastiques<\/li>\n<li>Installations et mat\u00e9riel pour le brasage<\/li>\n<li>Installations et mat\u00e9riel pour la d\u00e9coupe et l\u2019enl\u00e8vement de rigidit\u00e9s<\/li>\n<li>Installations et \u00e9quipements pour le traitement thermique<\/li>\n<li>Robots industriels<\/li>\n<li>Traitement des donn\u00e9es, syst\u00e8mes de commande et de r\u00e9gulation<\/li>\n<li>Appareils de mesure et capteurs<\/li>\n<li>Accessoires g\u00e9n\u00e9raux<\/li>\n<li>Mat\u00e9riaux d\u2019apport pour le soudage<\/li>\n<li>Mat\u00e9riaux d\u2019apport, consommables et auxiliaires<\/li>\n<li>Gaz et \u00e9quipements pour gaz<\/li>\n<li>Mat\u00e9riaux pour l\u2019assemblage et le collage<\/li>\n<li>M\u00e9thodes pour le traitement de surfaces (pr\u00e9- et post-traitement)<\/li>\n<li>S\u00e9curit\u00e9 et hygi\u00e8ne<\/li>\n<li>Tests\/essais destructifs et non destructifs<\/li>\n<li>Services<\/li>\n<\/ul>\n\t\t\t\t\t\t\t\t<\/div>\n\t\t\t\t<\/div>\n\t\t\t\t<\/div>\n\t\t\t\t<\/div>\n\t\t<div class=\"elementor-element elementor-element-f5cf383 e-con-full e-flex e-con e-child\" data-id=\"f5cf383\" data-element_type=\"container\" data-settings=\"{&quot;background_background&quot;:&quot;classic&quot;}\">\n\t\t<div class=\"elementor-element elementor-element-d0c9e38 e-con-full e-transform e-flex e-con e-child\" data-id=\"d0c9e38\" data-element_type=\"container\" data-settings=\"{&quot;background_background&quot;:&quot;classic&quot;,&quot;_transform_translateX_effect&quot;:{&quot;unit&quot;:&quot;px&quot;,&quot;size&quot;:&quot;&quot;,&quot;sizes&quot;:[]},&quot;_transform_translateX_effect_laptop&quot;:{&quot;unit&quot;:&quot;px&quot;,&quot;size&quot;:&quot;&quot;,&quot;sizes&quot;:[]},&quot;_transform_translateX_effect_tablet&quot;:{&quot;unit&quot;:&quot;px&quot;,&quot;size&quot;:&quot;&quot;,&quot;sizes&quot;:[]},&quot;_transform_translateX_effect_mobile&quot;:{&quot;unit&quot;:&quot;px&quot;,&quot;size&quot;:&quot;&quot;,&quot;sizes&quot;:[]},&quot;_transform_translateY_effect&quot;:{&quot;unit&quot;:&quot;px&quot;,&quot;size&quot;:&quot;&quot;,&quot;sizes&quot;:[]},&quot;_transform_translateY_effect_laptop&quot;:{&quot;unit&quot;:&quot;px&quot;,&quot;size&quot;:&quot;&quot;,&quot;sizes&quot;:[]},&quot;_transform_translateY_effect_tablet&quot;:{&quot;unit&quot;:&quot;px&quot;,&quot;size&quot;:&quot;&quot;,&quot;sizes&quot;:[]},&quot;_transform_translateY_effect_mobile&quot;:{&quot;unit&quot;:&quot;px&quot;,&quot;size&quot;:&quot;&quot;,&quot;sizes&quot;:[]}}\">\n\t\t\t\t<\/div>\n\t\t<div class=\"elementor-element elementor-element-660f048 e-con-full e-flex e-con e-child\" data-id=\"660f048\" data-element_type=\"container\" data-settings=\"{&quot;background_background&quot;:&quot;classic&quot;}\">\n\t\t\t\t<div class=\"elementor-element elementor-element-6798e7a elementor-widget elementor-widget-heading\" data-id=\"6798e7a\" data-element_type=\"widget\" data-widget_type=\"heading.default\">\n\t\t\t\t<div class=\"elementor-widget-container\">\n\t\t\t\t\t<h2 class=\"elementor-heading-title elementor-size-default\">Metal<\/h2>\t\t\t\t<\/div>\n\t\t\t\t<\/div>\n\t\t\t\t<div class=\"elementor-element elementor-element-8521e4d elementor-widget elementor-widget-text-editor\" data-id=\"8521e4d\" data-element_type=\"widget\" data-widget_type=\"text-editor.default\">\n\t\t\t\t<div class=\"elementor-widget-container\">\n\t\t\t\t\t\t\t\t\t<p><strong>Au salon Metal, vous rencontrez des fabricants, des importateurs, des fournisseurs et des grossistes en techniques de production industrielle. Les exposants sont actifs dans les divers segments du secteur du m\u00e9tal.<\/strong><\/p>\n\t\t\t\t\t\t\t\t<\/div>\n\t\t\t\t<\/div>\n\t\t\t\t<div class=\"elementor-element elementor-element-384c36c elementor-widget__width-inherit elementor-widget elementor-widget-text-editor\" data-id=\"384c36c\" data-element_type=\"widget\" data-widget_type=\"text-editor.default\">\n\t\t\t\t<div class=\"elementor-widget-container\">\n\t\t\t\t\t\t\t\t\t<ul>\n<li>Machines d\u2019usinage<\/li>\n<li>Machines de t\u00f4lerie<\/li>\n<li>Machines de tuberie<\/li>\n<li>Imprimantes 3D M\u00e9tal<\/li>\n<li>Machines de finition de surface<\/li>\n<li>Machines de nettoyage<\/li>\n<li>Machines de traitement du fil<\/li>\n<li>Outillages\/outils industriels<\/li>\n<li>Automatisation industrielle<\/li>\n<li>Liquides industriels<\/li>\n<\/ul>\n\t\t\t\t\t\t\t\t<\/div>\n\t\t\t\t<\/div>\n\t\t\t\t<\/div>\n\t\t\t\t<\/div>\n\t\t<div class=\"elementor-element elementor-element-801bab7 e-con-full e-flex e-con e-child\" data-id=\"801bab7\" data-element_type=\"container\" data-settings=\"{&quot;background_background&quot;:&quot;classic&quot;}\">\n\t\t<div class=\"elementor-element elementor-element-dddbae3 e-con-full e-flex e-con e-child\" data-id=\"dddbae3\" data-element_type=\"container\" data-settings=\"{&quot;background_background&quot;:&quot;classic&quot;}\">\n\t\t\t\t<\/div>\n\t\t<div class=\"elementor-element elementor-element-972bff9 e-con-full e-flex e-con e-child\" data-id=\"972bff9\" data-element_type=\"container\" data-settings=\"{&quot;background_background&quot;:&quot;classic&quot;}\">\n\t\t\t\t<div class=\"elementor-element elementor-element-5494903 elementor-widget elementor-widget-heading\" data-id=\"5494903\" data-element_type=\"widget\" data-widget_type=\"heading.default\">\n\t\t\t\t<div class=\"elementor-widget-container\">\n\t\t\t\t\t<h2 class=\"elementor-heading-title elementor-size-default\">Subcontracting<\/h2>\t\t\t\t<\/div>\n\t\t\t\t<\/div>\n\t\t\t\t<div class=\"elementor-element elementor-element-1e0db4b elementor-widget elementor-widget-text-editor\" data-id=\"1e0db4b\" data-element_type=\"widget\" data-widget_type=\"text-editor.default\">\n\t\t\t\t<div class=\"elementor-widget-container\">\n\t\t\t\t\t\t\t\t\t<p><strong>Les sous-traitants industriels se r\u00e9unissent \u00e0 Subcontracting \u00e0 Antwerp Expo<\/strong><\/p>\n\t\t\t\t\t\t\t\t<\/div>\n\t\t\t\t<\/div>\n\t\t\t\t<div class=\"elementor-element elementor-element-11ce5b4 elementor-widget elementor-widget-text-editor\" data-id=\"11ce5b4\" data-element_type=\"widget\" data-widget_type=\"text-editor.default\">\n\t\t\t\t<div class=\"elementor-widget-container\">\n\t\t\t\t\t\t\t\t\t<ul>\n<li>Producteur de mati\u00e8res premi\u00e8res et de mat\u00e9riaux<\/li>\n<li>Services pour le travail du m\u00e9tal<\/li>\n<li>Services pour le travail des plastiques et du caoutchouc<\/li>\n<li>Traitement thermique et traitement de surface \u2013 focus sp\u00e9cial<\/li>\n<li>Fabrication de prototypes et faibles volumes<\/li>\n<li>M\u00e9tallurgie des poudres<\/li>\n<li>Services techniques d\u2019assemblage et soudage<\/li>\n<li>Composants microtechniques et assemblage<\/li>\n<li>Fabricants de composants et de produits semi-finis<\/li>\n<li>Ing\u00e9nierie et services industriels de sous-traitance<\/li>\n<li>Syst\u00e8mes de conception CAO &#8211; FAO<\/li>\n<li>Moulage et outillage<\/li>\n<li>Impression 3D<\/li>\n<\/ul>\n\t\t\t\t\t\t\t\t<\/div>\n\t\t\t\t<\/div>\n\t\t\t\t<\/div>\n\t\t\t\t<\/div>\n\t\t\t\t\t<\/div>\n\t\t\t\t<\/div>\n\t\t<div class=\"elementor-element elementor-element-9d3d0ec e-flex e-con-boxed e-con e-parent\" data-id=\"9d3d0ec\" data-element_type=\"container\">\n\t\t\t\t\t<div class=\"e-con-inner\">\n\t\t\t\t<div class=\"elementor-element elementor-element-cc32ce9 elementor-align-center elementor-widget elementor-widget-button\" data-id=\"cc32ce9\" data-element_type=\"widget\" data-widget_type=\"button.default\">\n\t\t\t\t<div class=\"elementor-widget-container\">\n\t\t\t\t\t\t\t\t\t<div class=\"elementor-button-wrapper\">\n\t\t\t\t\t<a class=\"elementor-button elementor-button-link elementor-size-sm\" href=\"https:\/\/easyfairsassets.com\/sites\/277\/2025\/11\/AM24_PSR_FINAL.pdf\" target=\"_blank\">\n\t\t\t\t\t\t<span class=\"elementor-button-content-wrapper\">\n\t\t\t\t\t\t\t\t\t<span class=\"elementor-button-text\">Download post show report 2024<\/span>\n\t\t\t\t\t<\/span>\n\t\t\t\t\t<\/a>\n\t\t\t\t<\/div>\n\t\t\t\t\t\t\t\t<\/div>\n\t\t\t\t<\/div>\n\t\t\t\t\t<\/div>\n\t\t\t\t<\/div>\n\t\t\t\t<\/div>\n\t\t","protected":false},"excerpt":{"rendered":"<p>Voir le profil avec lequel vous participez Devenir exposant Welding Week Souder, assembler ou d\u00e9couper le m\u00e9tal et\/ou les plastiques est votre m\u00e9tier ? Alors, une visite \u00e0 Welding Week s\u2019impose! Installations et mat\u00e9riel pour le soudage de m\u00e9taux et proc\u00e9d\u00e9s de rechargement Installations et mat\u00e9riel pour le soudage de plastiques Installations et mat\u00e9riel pour [&hellip;]<\/p>\n","protected":false},"author":39,"featured_media":0,"parent":0,"menu_order":12,"comment_status":"closed","ping_status":"closed","template":"","meta":{"_seopress_robots_primary_cat":"","_seopress_titles_title":"Profil des exposants | Advanced Manufacturing","_seopress_titles_desc":"D\u00e9couvrez avec quel profil vous participerez","_seopress_robots_index":"","footnotes":""},"class_list":["post-1983","page","type-page","status-publish","hentry"],"_links":{"self":[{"href":"https:\/\/www.advanced-manufacturing.be\/fr\/wp-json\/wp\/v2\/pages\/1983","targetHints":{"allow":["GET"]}}],"collection":[{"href":"https:\/\/www.advanced-manufacturing.be\/fr\/wp-json\/wp\/v2\/pages"}],"about":[{"href":"https:\/\/www.advanced-manufacturing.be\/fr\/wp-json\/wp\/v2\/types\/page"}],"author":[{"embeddable":true,"href":"https:\/\/www.advanced-manufacturing.be\/fr\/wp-json\/wp\/v2\/users\/39"}],"replies":[{"embeddable":true,"href":"https:\/\/www.advanced-manufacturing.be\/fr\/wp-json\/wp\/v2\/comments?post=1983"}],"version-history":[{"count":5,"href":"https:\/\/www.advanced-manufacturing.be\/fr\/wp-json\/wp\/v2\/pages\/1983\/revisions"}],"predecessor-version":[{"id":48222,"href":"https:\/\/www.advanced-manufacturing.be\/fr\/wp-json\/wp\/v2\/pages\/1983\/revisions\/48222"}],"wp:attachment":[{"href":"https:\/\/www.advanced-manufacturing.be\/fr\/wp-json\/wp\/v2\/media?parent=1983"}],"curies":[{"name":"wp","href":"https:\/\/api.w.org\/{rel}","templated":true}]}}