{"id":1981,"date":"2022-12-27T12:59:14","date_gmt":"2022-12-27T12:59:14","guid":{"rendered":"https:\/\/www.advanced-manufacturing.be\/participer\/"},"modified":"2026-02-10T10:30:50","modified_gmt":"2026-02-10T10:30:50","slug":"participer","status":"publish","type":"page","link":"https:\/\/www.advanced-manufacturing.be\/fr\/participer\/","title":{"rendered":"Participer"},"content":{"rendered":"\t\t<div data-elementor-type=\"wp-page\" data-elementor-id=\"1981\" class=\"elementor elementor-1981 elementor-169\" data-elementor-post-type=\"page\">\n\t\t\t\t<div class=\"elementor-element elementor-element-4c31226 e-flex e-con-boxed e-con e-parent\" data-id=\"4c31226\" data-element_type=\"container\" data-settings=\"{&quot;background_background&quot;:&quot;classic&quot;,&quot;background_motion_fx_motion_fx_scrolling&quot;:&quot;yes&quot;,&quot;background_motion_fx_devices&quot;:[&quot;desktop&quot;,&quot;laptop&quot;,&quot;tablet&quot;,&quot;mobile&quot;]}\">\n\t\t\t\t\t<div class=\"e-con-inner\">\n\t\t\t\t<div class=\"elementor-element elementor-element-adebd2d elementor-widget elementor-widget-heading\" data-id=\"adebd2d\" data-element_type=\"widget\" data-widget_type=\"heading.default\">\n\t\t\t\t<div class=\"elementor-widget-container\">\n\t\t\t\t\t<h2 class=\"elementor-heading-title elementor-size-default\">Advanced Manufacturing: Un lieu. Un ticket. Trois salons.<\/h2>\t\t\t\t<\/div>\n\t\t\t\t<\/div>\n\t\t\t\t<div class=\"elementor-element elementor-element-db26c5f elementor-widget elementor-widget-dynamic-button\" data-id=\"db26c5f\" data-element_type=\"widget\" data-widget_type=\"dynamic-button.default\">\n\t\t\t\t<div class=\"elementor-widget-container\">\n\t\t\t\t\t        <div class=\"elementor-button-wrapper\">\n            <a href=\"mailto:\/\/severine.ehlinger@easyfairs.com\" target=\"_blank\" class=\"elementor-button-link elementor-button elementor-size-sm elementor-animation-grow\" role=\"button\">\n                        <span class=\"elementor-button-content-wrapper\">\n\t\t\t\t\t\t<span class=\"elementor-button-text\">R\u00e9servez votre stand<\/span>\n\t\t<\/span>\n                    <\/a>\n        <\/div>\n        \t\t\t\t<\/div>\n\t\t\t\t<\/div>\n\t\t\t\t\t<\/div>\n\t\t\t\t<\/div>\n\t\t<div class=\"elementor-element elementor-element-4ddec22 e-flex e-con-boxed e-con e-parent\" data-id=\"4ddec22\" data-element_type=\"container\" data-settings=\"{&quot;background_background&quot;:&quot;classic&quot;}\">\n\t\t\t\t\t<div class=\"e-con-inner\">\n\t\t<div class=\"elementor-element elementor-element-fc18b0a e-con-full e-flex e-con e-child\" data-id=\"fc18b0a\" data-element_type=\"container\" data-settings=\"{&quot;background_background&quot;:&quot;classic&quot;,&quot;animation&quot;:&quot;none&quot;}\">\n\t\t\t\t<div class=\"elementor-element elementor-element-01882c3 elementor-widget elementor-widget-heading\" data-id=\"01882c3\" data-element_type=\"widget\" data-widget_type=\"heading.default\">\n\t\t\t\t<div class=\"elementor-widget-container\">\n\t\t\t\t\t<h2 class=\"elementor-heading-title elementor-size-default\">Qui participe ?<\/h2>\t\t\t\t<\/div>\n\t\t\t\t<\/div>\n\t\t\t\t<div class=\"elementor-element elementor-element-2449ab6 elementor-widget elementor-widget-button\" data-id=\"2449ab6\" data-element_type=\"widget\" data-widget_type=\"button.default\">\n\t\t\t\t<div class=\"elementor-widget-container\">\n\t\t\t\t\t\t\t\t\t<div class=\"elementor-button-wrapper\">\n\t\t\t\t\t<a class=\"elementor-button elementor-button-link elementor-size-sm elementor-animation-grow\" href=\"https:\/\/www.advanced-manufacturing.be\/fr\/profil-des-exposants\/\">\n\t\t\t\t\t\t<span class=\"elementor-button-content-wrapper\">\n\t\t\t\t\t\t\t\t\t<span class=\"elementor-button-text\">Profil des exposants<\/span>\n\t\t\t\t\t<\/span>\n\t\t\t\t\t<\/a>\n\t\t\t\t<\/div>\n\t\t\t\t\t\t\t\t<\/div>\n\t\t\t\t<\/div>\n\t\t\t\t<\/div>\n\t\t<div class=\"elementor-element elementor-element-961a8e4 e-con-full e-flex e-con e-child\" data-id=\"961a8e4\" data-element_type=\"container\" data-settings=\"{&quot;background_background&quot;:&quot;classic&quot;,&quot;animation&quot;:&quot;none&quot;}\">\n\t\t\t\t<div class=\"elementor-element elementor-element-95b1100 elementor-widget elementor-widget-heading\" data-id=\"95b1100\" data-element_type=\"widget\" data-widget_type=\"heading.default\">\n\t\t\t\t<div class=\"elementor-widget-container\">\n\t\t\t\t\t<h2 class=\"elementor-heading-title elementor-size-default\">Qui visite ?<\/h2>\t\t\t\t<\/div>\n\t\t\t\t<\/div>\n\t\t\t\t<div class=\"elementor-element elementor-element-74da90e elementor-widget elementor-widget-button\" data-id=\"74da90e\" data-element_type=\"widget\" data-widget_type=\"button.default\">\n\t\t\t\t<div class=\"elementor-widget-container\">\n\t\t\t\t\t\t\t\t\t<div class=\"elementor-button-wrapper\">\n\t\t\t\t\t<a class=\"elementor-button elementor-button-link elementor-size-sm elementor-animation-grow\" href=\"https:\/\/www.advanced-manufacturing.be\/fr\/profil-des-visiteurs\/\">\n\t\t\t\t\t\t<span class=\"elementor-button-content-wrapper\">\n\t\t\t\t\t\t\t\t\t<span class=\"elementor-button-text\">Profil des visiteurs<\/span>\n\t\t\t\t\t<\/span>\n\t\t\t\t\t<\/a>\n\t\t\t\t<\/div>\n\t\t\t\t\t\t\t\t<\/div>\n\t\t\t\t<\/div>\n\t\t\t\t<\/div>\n\t\t\t\t\t<\/div>\n\t\t\t\t<\/div>\n\t\t<div class=\"elementor-element elementor-element-1bdf0f6 e-flex e-con-boxed e-con e-parent\" data-id=\"1bdf0f6\" data-element_type=\"container\" data-settings=\"{&quot;background_background&quot;:&quot;classic&quot;}\">\n\t\t\t\t\t<div class=\"e-con-inner\">\n\t\t<div class=\"elementor-element elementor-element-87a82a7 e-con-full e-flex e-con e-child\" data-id=\"87a82a7\" data-element_type=\"container\" data-settings=\"{&quot;motion_fx_devices&quot;:[&quot;desktop&quot;,&quot;laptop&quot;,&quot;tablet&quot;],&quot;background_background&quot;:&quot;classic&quot;,&quot;motion_fx_motion_fx_scrolling&quot;:&quot;yes&quot;}\">\n\t\t<div class=\"elementor-element elementor-element-0eab630 e-con-full e-flex e-con e-child\" data-id=\"0eab630\" data-element_type=\"container\" data-settings=\"{&quot;background_background&quot;:&quot;classic&quot;}\">\n\t\t\t\t<div class=\"elementor-element elementor-element-8858aa0 elementor-widget elementor-widget-heading\" data-id=\"8858aa0\" data-element_type=\"widget\" data-widget_type=\"heading.default\">\n\t\t\t\t<div class=\"elementor-widget-container\">\n\t\t\t\t\t<h2 class=\"elementor-heading-title elementor-size-default\">'Welding Week : le rendez-vous incontournable pour l\u2019innovation et la collaboration.'<\/h2>\t\t\t\t<\/div>\n\t\t\t\t<\/div>\n\t\t\t\t<div class=\"elementor-element elementor-element-b4a9646 elementor-widget elementor-widget-text-editor\" data-id=\"b4a9646\" data-element_type=\"widget\" data-widget_type=\"text-editor.default\">\n\t\t\t\t<div class=\"elementor-widget-container\">\n\t\t\t\t\t\t\t\t\t<p>\u201cCes derni\u00e8res ann\u00e9es, il est devenu \u00e9vident que la proximit\u00e9 et la flexibilit\u00e9 prennent une importance croissante dans notre secteur. Welding Week est l\u2019endroit id\u00e9al pour rencontrer des partenaires locaux solides et d\u00e9couvrir ensemble comment rendre nos processus plus intelligents et plus efficaces. Nous aurons \u00e9galement l\u2019opportunit\u00e9 de pr\u00e9senter nos cellules robotis\u00e9es compactes \u2013 des innovations qui s\u2019amortissent en moins d\u2019un an. Pour nous, c\u2019est le moment privil\u00e9gi\u00e9 pour r\u00e9unir savoir-faire, technologie et inspiration.\u201d<\/p>\n<p>\u2014 Peter Pittomvils (CCO bij Valk Welding Group)<\/p>\n\t\t\t\t\t\t\t\t<\/div>\n\t\t\t\t<\/div>\n\t\t\t\t<\/div>\n\t\t<div class=\"elementor-element elementor-element-feba798 e-con-full e-flex e-con e-child\" data-id=\"feba798\" data-element_type=\"container\" data-settings=\"{&quot;background_background&quot;:&quot;classic&quot;}\">\n\t\t\t\t<div class=\"elementor-element elementor-element-baa0c5e elementor-widget elementor-widget-image\" data-id=\"baa0c5e\" data-element_type=\"widget\" data-widget_type=\"image.default\">\n\t\t\t\t<div class=\"elementor-widget-container\">\n\t\t\t\t\t\t\t\t\t\t\t\t\t\t\t<img decoding=\"async\" src=\"https:\/\/easyfairsassets.com\/sites\/277\/elementor\/thumbs\/1-1-rck2bjdgshnfpw1j5ljwimp2wmc5eq1yg1rr1tkuf4.png\" title=\"1\" alt=\"1\" loading=\"lazy\" \/>\t\t\t\t\t\t\t\t\t\t\t\t\t\t\t<\/div>\n\t\t\t\t<\/div>\n\t\t\t\t<\/div>\n\t\t\t\t<\/div>\n\t\t<div class=\"elementor-element elementor-element-bbe043f e-con-full e-flex e-con e-child\" data-id=\"bbe043f\" data-element_type=\"container\" data-settings=\"{&quot;motion_fx_devices&quot;:[&quot;desktop&quot;,&quot;laptop&quot;,&quot;tablet&quot;],&quot;background_background&quot;:&quot;classic&quot;,&quot;motion_fx_motion_fx_scrolling&quot;:&quot;yes&quot;}\">\n\t\t<div class=\"elementor-element elementor-element-34c28a6 e-con-full e-flex e-con e-child\" data-id=\"34c28a6\" data-element_type=\"container\" data-settings=\"{&quot;background_background&quot;:&quot;classic&quot;}\">\n\t\t\t\t<div class=\"elementor-element elementor-element-9c76cc2 elementor-widget elementor-widget-heading\" data-id=\"9c76cc2\" data-element_type=\"widget\" data-widget_type=\"heading.default\">\n\t\t\t\t<div class=\"elementor-widget-container\">\n\t\t\t\t\t<h2 class=\"elementor-heading-title elementor-size-default\"><strong>D\u00e9couvrez l\u2019innovation au Symposium de soudage BIL\/NIL et sur le salon<\/strong><\/h2>\t\t\t\t<\/div>\n\t\t\t\t<\/div>\n\t\t\t\t<div class=\"elementor-element elementor-element-0f05894 elementor-widget elementor-widget-text-editor\" data-id=\"0f05894\" data-element_type=\"widget\" data-widget_type=\"text-editor.default\">\n\t\t\t\t<div class=\"elementor-widget-container\">\n\t\t\t\t\t\t\t\t\t<style>\na {\n    text-decoration: none;\n    color: #464feb;\n}\ntr th, tr td {\n    border: 1px solid #e6e6e6;\n}\ntr th {\n    background-color: #f5f5f5;\n}\n<\/style>\n<p><\/p>\n<div>La combinaison de notre Symposium de soudage BIL \u2014 o\u00f9 les \u00e9volutions en mati\u00e8re de technologie de soudage et de normes seront largement abord\u00e9es \u2014 avec la possibilit\u00e9 de d\u00e9couvrir ensuite ces innovations directement sur le salon reste extr\u00eamement int\u00e9ressante.<\/div>\n<p>\u2014 Bart Verstraeten, BIL<\/p>\n\t\t\t\t\t\t\t\t<\/div>\n\t\t\t\t<\/div>\n\t\t\t\t<\/div>\n\t\t<div class=\"elementor-element elementor-element-b72e904 e-con-full e-flex e-con e-child\" data-id=\"b72e904\" data-element_type=\"container\" data-settings=\"{&quot;background_background&quot;:&quot;classic&quot;}\">\n\t\t\t\t<div class=\"elementor-element elementor-element-27289f3 elementor-widget elementor-widget-image\" data-id=\"27289f3\" data-element_type=\"widget\" data-widget_type=\"image.default\">\n\t\t\t\t<div class=\"elementor-widget-container\">\n\t\t\t\t\t\t\t\t\t\t\t\t\t\t\t<img decoding=\"async\" src=\"https:\/\/easyfairsassets.com\/sites\/277\/elementor\/thumbs\/2-1-rck2ett4pm5kcr9hy0qw8st5r64ecl44wbyxiop8n4.png\" title=\"2\" alt=\"2\" loading=\"lazy\" \/>\t\t\t\t\t\t\t\t\t\t\t\t\t\t\t<\/div>\n\t\t\t\t<\/div>\n\t\t\t\t<\/div>\n\t\t\t\t<\/div>\n\t\t\t\t\t<\/div>\n\t\t\t\t<\/div>\n\t\t\t\t<\/div>\n\t\t","protected":false},"excerpt":{"rendered":"<p>Advanced Manufacturing: Un lieu. Un ticket. Trois salons. R\u00e9servez votre stand Qui participe ? Profil des exposants Qui visite ? Profil des visiteurs &lsquo;Welding Week : le rendez-vous incontournable pour l\u2019innovation et la collaboration.&rsquo; \u201cCes derni\u00e8res ann\u00e9es, il est devenu \u00e9vident que la proximit\u00e9 et la flexibilit\u00e9 prennent une importance croissante dans notre secteur. Welding [&hellip;]<\/p>\n","protected":false},"author":933,"featured_media":0,"parent":0,"menu_order":12,"comment_status":"closed","ping_status":"closed","template":"","meta":{"_seopress_robots_primary_cat":"","_seopress_titles_title":"Participer | Advanced Manufacturing","_seopress_titles_desc":"Qui participe \u00e0 Advanced Manufacturing ? V\u00e9rifiez ici, visitez ou participez et atteignez le Benelux ! ","_seopress_robots_index":"","footnotes":""},"class_list":["post-1981","page","type-page","status-publish","hentry"],"_links":{"self":[{"href":"https:\/\/www.advanced-manufacturing.be\/fr\/wp-json\/wp\/v2\/pages\/1981","targetHints":{"allow":["GET"]}}],"collection":[{"href":"https:\/\/www.advanced-manufacturing.be\/fr\/wp-json\/wp\/v2\/pages"}],"about":[{"href":"https:\/\/www.advanced-manufacturing.be\/fr\/wp-json\/wp\/v2\/types\/page"}],"author":[{"embeddable":true,"href":"https:\/\/www.advanced-manufacturing.be\/fr\/wp-json\/wp\/v2\/users\/933"}],"replies":[{"embeddable":true,"href":"https:\/\/www.advanced-manufacturing.be\/fr\/wp-json\/wp\/v2\/comments?post=1981"}],"version-history":[{"count":5,"href":"https:\/\/www.advanced-manufacturing.be\/fr\/wp-json\/wp\/v2\/pages\/1981\/revisions"}],"predecessor-version":[{"id":50750,"href":"https:\/\/www.advanced-manufacturing.be\/fr\/wp-json\/wp\/v2\/pages\/1981\/revisions\/50750"}],"wp:attachment":[{"href":"https:\/\/www.advanced-manufacturing.be\/fr\/wp-json\/wp\/v2\/media?parent=1981"}],"curies":[{"name":"wp","href":"https:\/\/api.w.org\/{rel}","templated":true}]}}