{"id":1921,"date":"2022-12-27T12:55:23","date_gmt":"2022-12-27T12:55:23","guid":{"rendered":"https:\/\/www.advanced-manufacturing.be\/info-pratique\/"},"modified":"2026-04-03T11:16:48","modified_gmt":"2026-04-03T11:16:48","slug":"info-pratique","status":"publish","type":"page","link":"https:\/\/www.advanced-manufacturing.be\/fr\/info-pratique\/","title":{"rendered":"Info pratique"},"content":{"rendered":"\t\t<div data-elementor-type=\"wp-page\" data-elementor-id=\"1921\" class=\"elementor elementor-1921 elementor-154\" data-elementor-post-type=\"page\">\n\t\t\t\t<div class=\"elementor-element elementor-element-013816c e-flex e-con-boxed e-con e-parent\" data-id=\"013816c\" data-element_type=\"container\" data-settings=\"{&quot;background_background&quot;:&quot;classic&quot;,&quot;background_motion_fx_motion_fx_scrolling&quot;:&quot;yes&quot;,&quot;background_motion_fx_devices&quot;:[&quot;desktop&quot;,&quot;laptop&quot;,&quot;tablet&quot;,&quot;mobile&quot;]}\">\n\t\t\t\t\t<div class=\"e-con-inner\">\n\t\t\t\t\t<\/div>\n\t\t\t\t<\/div>\n\t\t\t\t<section class=\"elementor-section elementor-top-section elementor-element elementor-element-59a752f elementor-section-boxed elementor-section-height-default elementor-section-height-default\" data-id=\"59a752f\" data-element_type=\"section\">\n\t\t\t\t\t\t<div class=\"elementor-container elementor-column-gap-default\">\n\t\t\t\t\t<div class=\"elementor-column elementor-col-100 elementor-top-column elementor-element elementor-element-20c5a58\" data-id=\"20c5a58\" data-element_type=\"column\">\n\t\t\t<div class=\"elementor-widget-wrap elementor-element-populated\">\n\t\t\t\t\t\t<section class=\"elementor-section elementor-inner-section elementor-element elementor-element-5bb0567 elementor-section-boxed elementor-section-height-default elementor-section-height-default\" data-id=\"5bb0567\" data-element_type=\"section\">\n\t\t\t\t\t\t<div class=\"elementor-container elementor-column-gap-default\">\n\t\t\t\t\t<div class=\"elementor-column elementor-col-50 elementor-inner-column elementor-element elementor-element-9a85831 elementor-invisible\" data-id=\"9a85831\" data-element_type=\"column\" data-settings=\"{&quot;animation&quot;:&quot;fadeInRight&quot;,&quot;background_background&quot;:&quot;classic&quot;}\">\n\t\t\t<div class=\"elementor-widget-wrap elementor-element-populated\">\n\t\t\t\t\t\t<div class=\"elementor-element elementor-element-01e5d58 elementor-view-default elementor-widget elementor-widget-icon\" data-id=\"01e5d58\" data-element_type=\"widget\" data-widget_type=\"icon.default\">\n\t\t\t\t<div class=\"elementor-widget-container\">\n\t\t\t\t\t\t\t<div class=\"elementor-icon-wrapper\">\n\t\t\t<div class=\"elementor-icon\">\n\t\t\t<i aria-hidden=\"true\" class=\"fas fa-map-marker-alt\"><\/i>\t\t\t<\/div>\n\t\t<\/div>\n\t\t\t\t\t\t<\/div>\n\t\t\t\t<\/div>\n\t\t\t\t<div class=\"elementor-element elementor-element-1ea1a70 elementor-widget elementor-widget-text-editor\" data-id=\"1ea1a70\" data-element_type=\"widget\" data-widget_type=\"text-editor.default\">\n\t\t\t\t<div class=\"elementor-widget-container\">\n\t\t\t\t\t\t\t\t\t<h2 style=\"text-align: center;\">Antwerp Expo<\/h2>\n<p><\/p>\n<p style=\"text-align: center;\">Jan Van Rijswijcklaan 191<\/p>\n<p><\/p>\n<p style=\"text-align: center;\">2020 Anvers<\/p>\n\t\t\t\t\t\t\t\t<\/div>\n\t\t\t\t<\/div>\n\t\t\t\t<div class=\"elementor-element elementor-element-312dde5 elementor-align-center elementor-widget elementor-widget-button\" data-id=\"312dde5\" data-element_type=\"widget\" data-widget_type=\"button.default\">\n\t\t\t\t<div class=\"elementor-widget-container\">\n\t\t\t\t\t\t\t\t\t<div class=\"elementor-button-wrapper\">\n\t\t\t\t\t<a class=\"elementor-button elementor-button-link elementor-size-sm\" href=\"https:\/\/www.antwerpexpo.be\/fr\/accessibilite-et-stationnement\/\" target=\"_blank\">\n\t\t\t\t\t\t<span class=\"elementor-button-content-wrapper\">\n\t\t\t\t\t\t<span class=\"elementor-button-icon\">\n\t\t\t\t<i aria-hidden=\"true\" class=\"fas fa-long-arrow-alt-right\"><\/i>\t\t\t<\/span>\n\t\t\t\t\t\t\t\t\t<span class=\"elementor-button-text\">Accessibilit\u00e9<\/span>\n\t\t\t\t\t<\/span>\n\t\t\t\t\t<\/a>\n\t\t\t\t<\/div>\n\t\t\t\t\t\t\t\t<\/div>\n\t\t\t\t<\/div>\n\t\t\t\t\t<\/div>\n\t\t<\/div>\n\t\t\t\t<div class=\"elementor-column elementor-col-50 elementor-inner-column elementor-element elementor-element-7269f00 elementor-invisible\" data-id=\"7269f00\" data-element_type=\"column\" data-settings=\"{&quot;animation&quot;:&quot;fadeInRight&quot;,&quot;background_background&quot;:&quot;classic&quot;}\">\n\t\t\t<div class=\"elementor-widget-wrap elementor-element-populated\">\n\t\t\t\t\t\t<div class=\"elementor-element elementor-element-f2cc60e elementor-view-default elementor-widget elementor-widget-icon\" data-id=\"f2cc60e\" data-element_type=\"widget\" data-widget_type=\"icon.default\">\n\t\t\t\t<div class=\"elementor-widget-container\">\n\t\t\t\t\t\t\t<div class=\"elementor-icon-wrapper\">\n\t\t\t<div class=\"elementor-icon\">\n\t\t\t<i aria-hidden=\"true\" class=\"fas fa-clock\"><\/i>\t\t\t<\/div>\n\t\t<\/div>\n\t\t\t\t\t\t<\/div>\n\t\t\t\t<\/div>\n\t\t\t\t<div class=\"elementor-element elementor-element-6ba6f3d elementor-widget__width-initial elementor-widget elementor-widget-text-editor\" data-id=\"6ba6f3d\" data-element_type=\"widget\" data-widget_type=\"text-editor.default\">\n\t\t\t\t<div class=\"elementor-widget-container\">\n\t\t\t\t\t\t\t\t\t<h2 style=\"text-align: center;\">Heures d&rsquo;ouverture<\/h2>\n<p><\/p>\n<div>Mardi 19 mai : 10h00 \u2013 17h00<br data-start=\"49\" data-end=\"52\" \/>Mercredi 20 mai : 10h00 \u2013 20h00<\/div>\n<p><\/p>\n<div>Soir\u00e9e Metal \u00e0 partir de 17 h : boissons et musique<br data-start=\"83\" data-end=\"86\" \/>Jeudi 21 mai : 10h00 \u2013 17h00<\/div>\n\t\t\t\t\t\t\t\t<\/div>\n\t\t\t\t<\/div>\n\t\t\t\t\t<\/div>\n\t\t<\/div>\n\t\t\t\t\t<\/div>\n\t\t<\/section>\n\t\t\t\t\t<\/div>\n\t\t<\/div>\n\t\t\t\t\t<\/div>\n\t\t<\/section>\n\t\t<div class=\"elementor-element elementor-element-09be5c6 e-flex e-con-boxed e-con e-parent\" data-id=\"09be5c6\" data-element_type=\"container\">\n\t\t\t\t\t<div class=\"e-con-inner\">\n\t\t\t\t\t<\/div>\n\t\t\t\t<\/div>\n\t\t<div class=\"elementor-element elementor-element-dc8a58a e-flex e-con-boxed e-con e-parent\" data-id=\"dc8a58a\" data-element_type=\"container\">\n\t\t\t\t\t<div class=\"e-con-inner\">\n\t\t\t\t<div class=\"elementor-element elementor-element-8e878be elementor-widget elementor-widget-toggle\" data-id=\"8e878be\" data-element_type=\"widget\" data-widget_type=\"toggle.default\">\n\t\t\t\t<div class=\"elementor-widget-container\">\n\t\t\t\t\t\t\t<div class=\"elementor-toggle\">\n\t\t\t\t\t\t\t<div class=\"elementor-toggle-item\">\n\t\t\t\t\t<div id=\"elementor-tab-title-1491\" class=\"elementor-tab-title\" data-tab=\"1\" role=\"button\" aria-controls=\"elementor-tab-content-1491\" aria-expanded=\"false\">\n\t\t\t\t\t\t\t\t\t\t\t\t<span class=\"elementor-toggle-icon elementor-toggle-icon-left\" aria-hidden=\"true\">\n\t\t\t\t\t\t\t\t\t\t\t\t\t\t\t<span class=\"elementor-toggle-icon-closed\"><i class=\"fas fa-caret-right\"><\/i><\/span>\n\t\t\t\t\t\t\t\t<span class=\"elementor-toggle-icon-opened\"><i class=\"elementor-toggle-icon-opened fas fa-caret-up\"><\/i><\/span>\n\t\t\t\t\t\t\t\t\t\t\t\t\t<\/span>\n\t\t\t\t\t\t\t\t\t\t\t\t<a class=\"elementor-toggle-title\" tabindex=\"0\">En voiture<\/a>\n\t\t\t\t\t<\/div>\n\n\t\t\t\t\t<div id=\"elementor-tab-content-1491\" class=\"elementor-tab-content elementor-clearfix\" data-tab=\"1\" role=\"region\" aria-labelledby=\"elementor-tab-title-1491\"><ul>\n<li><strong>Venant de Bruxelles via l\u2019 E19 :<\/strong> prenez la sortie 5a\/ \u00bbAntwerpen-Centrum \u00bb. Aux feux, tournez \u00e0 gauche, direction Singel-Zuid. Au deuxi\u00e8me feu, tournez \u00e0 gauche dans la Jan van Rijswijcklaan. Suivez la fl\u00e8che Antwerp Expo.<\/li>\n<li><strong>Venant de Gand via l\u2019 E17 :<\/strong> prenez la sortie 5 \u00ab Wilrijk\/Berchem \u00bb, prenez directement \u00e0 droite et puis encore la premi\u00e8re \u00e0 droite \u00e0 la pompe \u00e0 essence ESSO. \u00c0 la fin de la route, tournez \u00e0 droite dans la Jan van Rijswijcklaan. Apr\u00e8s vous verrez Antwerp Expo \u00e0 votre droite.<\/li>\n<li><strong>Venant de Breda, Hasselt ou Turnhout :<\/strong> prenez le ring en direction de Bruxelles. Prenez la sortie 5 \u00ab Wilrijk \u00bb. Aux feux, vous verrez une fl\u00e8che pour Antwerp expo devant vous. Apr\u00e8s le Crowne Plaza Hotel, tournez \u00e0 gauche et puis prenez \u00e0 droite \u00e0 la fin de la rue. Vous verrez Antwerp Expo \u00e0 votre droite.<\/li>\n<\/ul>\n<\/div>\n\t\t\t\t<\/div>\n\t\t\t\t\t\t\t<div class=\"elementor-toggle-item\">\n\t\t\t\t\t<div id=\"elementor-tab-title-1492\" class=\"elementor-tab-title\" data-tab=\"2\" role=\"button\" aria-controls=\"elementor-tab-content-1492\" aria-expanded=\"false\">\n\t\t\t\t\t\t\t\t\t\t\t\t<span class=\"elementor-toggle-icon elementor-toggle-icon-left\" aria-hidden=\"true\">\n\t\t\t\t\t\t\t\t\t\t\t\t\t\t\t<span class=\"elementor-toggle-icon-closed\"><i class=\"fas fa-caret-right\"><\/i><\/span>\n\t\t\t\t\t\t\t\t<span class=\"elementor-toggle-icon-opened\"><i class=\"elementor-toggle-icon-opened fas fa-caret-up\"><\/i><\/span>\n\t\t\t\t\t\t\t\t\t\t\t\t\t<\/span>\n\t\t\t\t\t\t\t\t\t\t\t\t<a class=\"elementor-toggle-title\" tabindex=\"0\">Transport en commun<\/a>\n\t\t\t\t\t<\/div>\n\n\t\t\t\t\t<div id=\"elementor-tab-content-1492\" class=\"elementor-tab-content elementor-clearfix\" data-tab=\"2\" role=\"region\" aria-labelledby=\"elementor-tab-title-1492\"><ul>\n<li><strong>En train (SNCB<\/strong>) Prenez le train jusqu\u2019\u00e0 la gare d\u2019Anvers-Central. De la gare, prenez le tram 2, le tram 6 ou le bus 17. Plus d\u2019informations sur <a href=\"https:\/\/www.belgiantrain.be\/nl\">www.belgianrail.be<\/a><\/li>\n<li><strong>Tram (De Lijn):<\/strong> Tram 2: Merksem \u2013 Hoboken (direction Hoboken) en Tram 6: Luchtbal \u2013 Olympiade (direction Olympiade). Les trams s\u2019arr\u00eatent juste devant l\u2019entr\u00e9e d\u2019Antwerp Expo. Plus d\u2019informations sur <a href=\"https:\/\/www.delijn.be\/nl\/\">www.delijn.be<\/a><\/li>\n<li><strong>Bus (De Lijn):<\/strong> Bus 17: Rijnkaai \u2013 Centraal Station \u2013 UZA (richting UZA) en bus 22: Groenplaats \u2013 Valaar \u2013 UZA (richting UZA). Plus d\u2019informations sur <a href=\"https:\/\/www.delijn.be\/nl\/\">www.delijn.be<\/a><\/li>\n<\/ul>\n<\/div>\n\t\t\t\t<\/div>\n\t\t\t\t\t\t\t<div class=\"elementor-toggle-item\">\n\t\t\t\t\t<div id=\"elementor-tab-title-1493\" class=\"elementor-tab-title\" data-tab=\"3\" role=\"button\" aria-controls=\"elementor-tab-content-1493\" aria-expanded=\"false\">\n\t\t\t\t\t\t\t\t\t\t\t\t<span class=\"elementor-toggle-icon elementor-toggle-icon-left\" aria-hidden=\"true\">\n\t\t\t\t\t\t\t\t\t\t\t\t\t\t\t<span class=\"elementor-toggle-icon-closed\"><i class=\"fas fa-caret-right\"><\/i><\/span>\n\t\t\t\t\t\t\t\t<span class=\"elementor-toggle-icon-opened\"><i class=\"elementor-toggle-icon-opened fas fa-caret-up\"><\/i><\/span>\n\t\t\t\t\t\t\t\t\t\t\t\t\t<\/span>\n\t\t\t\t\t\t\t\t\t\t\t\t<a class=\"elementor-toggle-title\" tabindex=\"0\">Parking<\/a>\n\t\t\t\t\t<\/div>\n\n\t\t\t\t\t<div id=\"elementor-tab-content-1493\" class=\"elementor-tab-content elementor-clearfix\" data-tab=\"3\" role=\"region\" aria-labelledby=\"elementor-tab-title-1493\"><ul>\n<li>Vous pouvez <strong>payer pour vous garer<\/strong> dans le parking visiteurs de Vogelzanglaan, \u00e0 c\u00f4t\u00e9 d\u2019Antwerp Expo.<\/li>\n<li>Vous pouvez <strong>vous garer gratuitement<\/strong> sur la voie publique de la Vogelzanglaan et dans divers parkings de la r\u00e9gion.<\/li>\n<li><img fetchpriority=\"high\" decoding=\"async\" class=\"aligncenter wp-image-50417 size-full\" src=\"https:\/\/easyfairsassets.com\/sites\/277\/2026\/01\/AM_Parkeerplan.png\" alt=\"\" width=\"1000\" height=\"513\" srcset=\"https:\/\/easyfairsassets.com\/sites\/277\/2026\/01\/AM_Parkeerplan.png 1000w, https:\/\/easyfairsassets.com\/sites\/277\/2026\/01\/AM_Parkeerplan-300x154.png 300w, https:\/\/easyfairsassets.com\/sites\/277\/2026\/01\/AM_Parkeerplan-768x394.png 768w\" sizes=\"(max-width: 1000px) 100vw, 1000px\" \/><\/li>\n<\/ul>\n<\/div>\n\t\t\t\t<\/div>\n\t\t\t\t\t\t\t\t<\/div>\n\t\t\t\t\t\t<\/div>\n\t\t\t\t<\/div>\n\t\t\t\t\t<\/div>\n\t\t\t\t<\/div>\n\t\t\t\t<\/div>\n\t\t","protected":false},"excerpt":{"rendered":"<p>Antwerp Expo Jan Van Rijswijcklaan 191 2020 Anvers Accessibilit\u00e9 Heures d&rsquo;ouverture Mardi 19 mai : 10h00 \u2013 17h00Mercredi 20 mai : 10h00 \u2013 20h00 Soir\u00e9e Metal \u00e0 partir de 17 h : boissons et musiqueJeudi 21 mai : 10h00 \u2013 17h00 En voiture Venant de Bruxelles via l\u2019 E19 : prenez la sortie 5a\/ \u00bbAntwerpen-Centrum [&hellip;]<\/p>\n","protected":false},"author":933,"featured_media":0,"parent":0,"menu_order":11,"comment_status":"closed","ping_status":"closed","template":"","meta":{"_seopress_robots_primary_cat":"","_seopress_titles_title":"Info pratique | Advanced Manufacturing","_seopress_titles_desc":"Venez \u00e0 Advanced Manufacturing les 14,15 & 16 mai 2024 \u00e0 Antwerp Expo. Voir toutes les informations pratiques.","_seopress_robots_index":"","footnotes":""},"class_list":["post-1921","page","type-page","status-publish","hentry"],"_links":{"self":[{"href":"https:\/\/www.advanced-manufacturing.be\/fr\/wp-json\/wp\/v2\/pages\/1921","targetHints":{"allow":["GET"]}}],"collection":[{"href":"https:\/\/www.advanced-manufacturing.be\/fr\/wp-json\/wp\/v2\/pages"}],"about":[{"href":"https:\/\/www.advanced-manufacturing.be\/fr\/wp-json\/wp\/v2\/types\/page"}],"author":[{"embeddable":true,"href":"https:\/\/www.advanced-manufacturing.be\/fr\/wp-json\/wp\/v2\/users\/933"}],"replies":[{"embeddable":true,"href":"https:\/\/www.advanced-manufacturing.be\/fr\/wp-json\/wp\/v2\/comments?post=1921"}],"version-history":[{"count":5,"href":"https:\/\/www.advanced-manufacturing.be\/fr\/wp-json\/wp\/v2\/pages\/1921\/revisions"}],"predecessor-version":[{"id":51370,"href":"https:\/\/www.advanced-manufacturing.be\/fr\/wp-json\/wp\/v2\/pages\/1921\/revisions\/51370"}],"wp:attachment":[{"href":"https:\/\/www.advanced-manufacturing.be\/fr\/wp-json\/wp\/v2\/media?parent=1921"}],"curies":[{"name":"wp","href":"https:\/\/api.w.org\/{rel}","templated":true}]}}