{"id":1917,"date":"2022-12-27T13:01:42","date_gmt":"2022-12-27T13:01:42","guid":{"rendered":"https:\/\/www.advanced-manufacturing.be\/metal\/"},"modified":"2026-03-24T15:22:32","modified_gmt":"2026-03-24T15:22:32","slug":"metal","status":"publish","type":"page","link":"https:\/\/www.advanced-manufacturing.be\/fr\/metal\/","title":{"rendered":"Metal"},"content":{"rendered":"\t\t<div data-elementor-type=\"wp-page\" data-elementor-id=\"1917\" class=\"elementor elementor-1917 elementor-184\" data-elementor-post-type=\"page\">\n\t\t\t\t<div class=\"elementor-element elementor-element-616da27 elementor-hidden-mobile e-flex e-con-boxed e-con e-parent\" data-id=\"616da27\" data-element_type=\"container\" data-settings=\"{&quot;background_background&quot;:&quot;classic&quot;,&quot;sticky&quot;:&quot;top&quot;,&quot;sticky_offset&quot;:160,&quot;sticky_offset_laptop&quot;:148,&quot;sticky_offset_tablet&quot;:130,&quot;sticky_offset_mobile&quot;:70,&quot;sticky_on&quot;:[&quot;desktop&quot;,&quot;laptop&quot;,&quot;tablet&quot;,&quot;mobile&quot;],&quot;sticky_effects_offset&quot;:0,&quot;sticky_anchor_link_offset&quot;:0}\">\n\t\t\t\t\t<div class=\"e-con-inner\">\n\t\t\t\t\t<\/div>\n\t\t\t\t<\/div>\n\t\t<div class=\"elementor-element elementor-element-0abbca1 e-flex e-con-boxed e-con e-parent\" data-id=\"0abbca1\" data-element_type=\"container\" data-settings=\"{&quot;background_background&quot;:&quot;classic&quot;}\">\n\t\t\t\t\t<div class=\"e-con-inner\">\n\t\t<div class=\"elementor-element elementor-element-eaaf3af e-con-full e-flex e-con e-child\" data-id=\"eaaf3af\" data-element_type=\"container\">\n\t\t\t\t<div class=\"elementor-element elementor-element-eceb611 elementor-widget elementor-widget-image\" data-id=\"eceb611\" data-element_type=\"widget\" data-widget_type=\"image.default\">\n\t\t\t\t<div class=\"elementor-widget-container\">\n\t\t\t\t\t\t\t\t\t\t\t\t\t\t\t<img decoding=\"async\" width=\"137\" height=\"36\" src=\"https:\/\/easyfairsassets.com\/sites\/277\/2023\/02\/AM_Metal23.svg\" class=\"attachment-large size-large wp-image-2272\" alt=\"\" \/>\t\t\t\t\t\t\t\t\t\t\t\t\t\t\t<\/div>\n\t\t\t\t<\/div>\n\t\t\t\t<div class=\"elementor-element elementor-element-ea50e43 elementor-widget elementor-widget-heading\" data-id=\"ea50e43\" data-element_type=\"widget\" data-widget_type=\"heading.default\">\n\t\t\t\t<div class=\"elementor-widget-container\">\n\t\t\t\t\t<h2 class=\"elementor-heading-title elementor-size-default\">19-20-21 mai 2026 - Antwerp Expo<\/h2>\t\t\t\t<\/div>\n\t\t\t\t<\/div>\n\t\t\t\t<div class=\"elementor-element elementor-element-79d97cf elementor-widget-mobile__width-inherit elementor-widget__width-initial elementor-widget elementor-widget-heading\" data-id=\"79d97cf\" data-element_type=\"widget\" data-widget_type=\"heading.default\">\n\t\t\t\t<div class=\"elementor-widget-container\">\n\t\t\t\t\t<h1 class=\"elementor-heading-title elementor-size-default\">L\u2019\u00e9v\u00e9nement du secteur du m\u00e9tal<\/h1>\t\t\t\t<\/div>\n\t\t\t\t<\/div>\n\t\t\t\t<div class=\"elementor-element elementor-element-d1036a8 elementor-align-left elementor-widget elementor-widget-dynamic-button\" data-id=\"d1036a8\" data-element_type=\"widget\" data-widget_type=\"dynamic-button.default\">\n\t\t\t\t<div class=\"elementor-widget-container\">\n\t\t\t\t\t        <div class=\"elementor-button-wrapper\">\n            <a href=\"https:\/\/register.visitcloud.com\/survey\/32y0wt08txf96\" target=\"_blank\" class=\"elementor-button-link elementor-button elementor-size-md elementor-animation-grow\" role=\"button\">\n                        <span class=\"elementor-button-content-wrapper\">\n\t\t\t\t\t\t<span class=\"elementor-button-text\">R\u00e9clamez votre billet gratuit<\/span>\n\t\t<\/span>\n                    <\/a>\n        <\/div>\n        \t\t\t\t<\/div>\n\t\t\t\t<\/div>\n\t\t\t\t<\/div>\n\t\t\t\t\t<\/div>\n\t\t\t\t<\/div>\n\t\t<div class=\"elementor-element elementor-element-3beec6d e-flex e-con-boxed e-con e-parent\" data-id=\"3beec6d\" data-element_type=\"container\" data-settings=\"{&quot;background_background&quot;:&quot;classic&quot;}\">\n\t\t\t\t\t<div class=\"e-con-inner\">\n\t\t<div class=\"elementor-element elementor-element-2d83302 e-con-full e-flex e-con e-child\" data-id=\"2d83302\" data-element_type=\"container\" data-settings=\"{&quot;motion_fx_devices&quot;:[&quot;desktop&quot;,&quot;laptop&quot;,&quot;tablet&quot;],&quot;background_background&quot;:&quot;classic&quot;,&quot;motion_fx_motion_fx_scrolling&quot;:&quot;yes&quot;}\">\n\t\t<div class=\"elementor-element elementor-element-8967093 e-con-full e-flex e-con e-child\" data-id=\"8967093\" data-element_type=\"container\" data-settings=\"{&quot;background_background&quot;:&quot;classic&quot;}\">\n\t\t\t\t<div class=\"elementor-element elementor-element-5ecc87f elementor-widget elementor-widget-heading\" data-id=\"5ecc87f\" data-element_type=\"widget\" data-widget_type=\"heading.default\">\n\t\t\t\t<div class=\"elementor-widget-container\">\n\t\t\t\t\t<h2 class=\"elementor-heading-title elementor-size-default\">L\u2019\u00e9v\u00e9nement incontournable pour l\u2019industrie de la transformation des m\u00e9taux<\/h2>\t\t\t\t<\/div>\n\t\t\t\t<\/div>\n\t\t\t\t<div class=\"elementor-element elementor-element-0a58afb elementor-widget elementor-widget-text-editor\" data-id=\"0a58afb\" data-element_type=\"widget\" data-widget_type=\"text-editor.default\">\n\t\t\t\t<div class=\"elementor-widget-container\">\n\t\t\t\t\t\t\t\t\t<p>En plus du bien connu <strong data-start=\"99\" data-end=\"115\">Welding Week<\/strong>, le salon d\u00e9di\u00e9 aux professionnels du soudage, et de <strong data-start=\"169\" data-end=\"187\">Subcontracting<\/strong>, l\u2019\u00e9v\u00e9nement pour les sous-traitants industriels, nous lan\u00e7ons un nouveau salon : <strong data-start=\"270\" data-end=\"279\">Metal<\/strong>. Lors de ce nouveau salon professionnel, les experts en transformation des m\u00e9taux viennent d\u00e9couvrir les derni\u00e8res solutions en usinage, travail de la t\u00f4le, traitement de surface, impression 3D, \u2026<\/p>\n\t\t\t\t\t\t\t\t<\/div>\n\t\t\t\t<\/div>\n\t\t\t\t<div class=\"elementor-element elementor-element-6a59724 elementor-widget elementor-widget-dynamic-button\" data-id=\"6a59724\" data-element_type=\"widget\" data-widget_type=\"dynamic-button.default\">\n\t\t\t\t<div class=\"elementor-widget-container\">\n\t\t\t\t\t        <div class=\"elementor-button-wrapper\">\n            <a href=\"https:\/\/register.visitcloud.com\/survey\/32y0wt08txf96\" target=\"_blank\" class=\"elementor-button-link elementor-button elementor-size-sm elementor-animation-grow\" role=\"button\">\n                        <span class=\"elementor-button-content-wrapper\">\n\t\t\t\t\t\t<span class=\"elementor-button-text\">R\u00e9clamez votre billet gratuit<\/span>\n\t\t<\/span>\n                    <\/a>\n        <\/div>\n        \t\t\t\t<\/div>\n\t\t\t\t<\/div>\n\t\t\t\t<\/div>\n\t\t<div class=\"elementor-element elementor-element-f0ff1f6 e-con-full e-flex e-con e-child\" data-id=\"f0ff1f6\" data-element_type=\"container\" data-settings=\"{&quot;background_background&quot;:&quot;classic&quot;}\">\n\t\t\t\t<\/div>\n\t\t\t\t<\/div>\n\t\t\t\t\t<\/div>\n\t\t\t\t<\/div>\n\t\t<div class=\"elementor-element elementor-element-6886837 e-flex e-con-boxed e-con e-parent\" data-id=\"6886837\" data-element_type=\"container\" data-settings=\"{&quot;background_background&quot;:&quot;classic&quot;}\">\n\t\t\t\t\t<div class=\"e-con-inner\">\n\t\t<div class=\"elementor-element elementor-element-6946a69 e-con-full e-flex e-con e-child\" data-id=\"6946a69\" data-element_type=\"container\" data-settings=\"{&quot;background_background&quot;:&quot;classic&quot;}\">\n\t\t\t\t<div class=\"elementor-element elementor-element-202873c elementor-widget__width-initial elementor-view-default elementor-widget elementor-widget-icon\" data-id=\"202873c\" data-element_type=\"widget\" data-widget_type=\"icon.default\">\n\t\t\t\t<div class=\"elementor-widget-container\">\n\t\t\t\t\t\t\t<div class=\"elementor-icon-wrapper\">\n\t\t\t<div class=\"elementor-icon\">\n\t\t\t<i aria-hidden=\"true\" class=\"fas fa-handshake\"><\/i>\t\t\t<\/div>\n\t\t<\/div>\n\t\t\t\t\t\t<\/div>\n\t\t\t\t<\/div>\n\t\t\t\t<div class=\"elementor-element elementor-element-33d93b0 elementor-widget elementor-widget-heading\" data-id=\"33d93b0\" data-element_type=\"widget\" data-widget_type=\"heading.default\">\n\t\t\t\t<div class=\"elementor-widget-container\">\n\t\t\t\t\t<h2 class=\"elementor-heading-title elementor-size-default\">+100 exposants<\/h2>\t\t\t\t<\/div>\n\t\t\t\t<\/div>\n\t\t\t\t<div class=\"elementor-element elementor-element-5fcbf19 elementor-widget elementor-widget-text-editor\" data-id=\"5fcbf19\" data-element_type=\"widget\" data-widget_type=\"text-editor.default\">\n\t\t\t\t<div class=\"elementor-widget-container\">\n\t\t\t\t\t\t\t\t\t<p>Venez rencontrer, entre autres, les leaders du march\u00e9 dans les domaines du <strong>soudage, de l&rsquo;usinage et de l&rsquo;automatisation<\/strong>.<\/p>\n\t\t\t\t\t\t\t\t<\/div>\n\t\t\t\t<\/div>\n\t\t\t\t<div class=\"elementor-element elementor-element-81bd605 elementor-mobile-align-center elementor-widget elementor-widget-button\" data-id=\"81bd605\" data-element_type=\"widget\" data-widget_type=\"button.default\">\n\t\t\t\t<div class=\"elementor-widget-container\">\n\t\t\t\t\t\t\t\t\t<div class=\"elementor-button-wrapper\">\n\t\t\t\t\t<a class=\"elementor-button elementor-button-link elementor-size-sm elementor-animation-grow\" href=\"https:\/\/www.advanced-manufacturing.be\/fr\/exhibitor\/\">\n\t\t\t\t\t\t<span class=\"elementor-button-content-wrapper\">\n\t\t\t\t\t\t\t\t\t<span class=\"elementor-button-text\">Liste des exposants<\/span>\n\t\t\t\t\t<\/span>\n\t\t\t\t\t<\/a>\n\t\t\t\t<\/div>\n\t\t\t\t\t\t\t\t<\/div>\n\t\t\t\t<\/div>\n\t\t\t\t<\/div>\n\t\t<div class=\"elementor-element elementor-element-f66fe85 e-con-full e-flex e-con e-child\" data-id=\"f66fe85\" data-element_type=\"container\" data-settings=\"{&quot;background_background&quot;:&quot;classic&quot;}\">\n\t\t\t\t<div class=\"elementor-element elementor-element-8ddefa1 elementor-view-default elementor-widget elementor-widget-icon\" data-id=\"8ddefa1\" data-element_type=\"widget\" data-widget_type=\"icon.default\">\n\t\t\t\t<div class=\"elementor-widget-container\">\n\t\t\t\t\t\t\t<div class=\"elementor-icon-wrapper\">\n\t\t\t<div class=\"elementor-icon\">\n\t\t\t<i aria-hidden=\"true\" class=\"fas fa-shield-alt\"><\/i>\t\t\t<\/div>\n\t\t<\/div>\n\t\t\t\t\t\t<\/div>\n\t\t\t\t<\/div>\n\t\t\t\t<div class=\"elementor-element elementor-element-dac7cd8 elementor-widget elementor-widget-heading\" data-id=\"dac7cd8\" data-element_type=\"widget\" data-widget_type=\"heading.default\">\n\t\t\t\t<div class=\"elementor-widget-container\">\n\t\t\t\t\t<h2 class=\"elementor-heading-title elementor-size-default\">NOUVEAU : Zone de d\u00e9fense<\/h2>\t\t\t\t<\/div>\n\t\t\t\t<\/div>\n\t\t\t\t<div class=\"elementor-element elementor-element-bcaf56d elementor-widget elementor-widget-text-editor\" data-id=\"bcaf56d\" data-element_type=\"widget\" data-widget_type=\"text-editor.default\">\n\t\t\t\t<div class=\"elementor-widget-container\">\n\t\t\t\t\t\t\t\t\t<p data-start=\"117\" data-end=\"392\">Un regard unique sur <strong>le soudage et le travail des m\u00e9taux<\/strong> en premi\u00e8re ligne.<\/p>\n\t\t\t\t\t\t\t\t<\/div>\n\t\t\t\t<\/div>\n\t\t\t\t<div class=\"elementor-element elementor-element-e4ed9bf elementor-widget elementor-widget-button\" data-id=\"e4ed9bf\" data-element_type=\"widget\" data-widget_type=\"button.default\">\n\t\t\t\t<div class=\"elementor-widget-container\">\n\t\t\t\t\t\t\t\t\t<div class=\"elementor-button-wrapper\">\n\t\t\t\t\t<a class=\"elementor-button elementor-button-link elementor-size-sm elementor-animation-grow\" href=\"https:\/\/www.advanced-manufacturing.be\/fr\/programme\/\">\n\t\t\t\t\t\t<span class=\"elementor-button-content-wrapper\">\n\t\t\t\t\t\t\t\t\t<span class=\"elementor-button-text\">Programme<\/span>\n\t\t\t\t\t<\/span>\n\t\t\t\t\t<\/a>\n\t\t\t\t<\/div>\n\t\t\t\t\t\t\t\t<\/div>\n\t\t\t\t<\/div>\n\t\t\t\t<\/div>\n\t\t<div class=\"elementor-element elementor-element-98f318d e-con-full e-flex e-con e-child\" data-id=\"98f318d\" data-element_type=\"container\" data-settings=\"{&quot;background_background&quot;:&quot;classic&quot;}\">\n\t\t\t\t<div class=\"elementor-element elementor-element-4ec25d3 elementor-view-default elementor-widget elementor-widget-icon\" data-id=\"4ec25d3\" data-element_type=\"widget\" data-widget_type=\"icon.default\">\n\t\t\t\t<div class=\"elementor-widget-container\">\n\t\t\t\t\t\t\t<div class=\"elementor-icon-wrapper\">\n\t\t\t<div class=\"elementor-icon\">\n\t\t\t<i aria-hidden=\"true\" class=\"fas fa-glass-cheers\"><\/i>\t\t\t<\/div>\n\t\t<\/div>\n\t\t\t\t\t\t<\/div>\n\t\t\t\t<\/div>\n\t\t\t\t<div class=\"elementor-element elementor-element-e624a95 elementor-widget elementor-widget-heading\" data-id=\"e624a95\" data-element_type=\"widget\" data-widget_type=\"heading.default\">\n\t\t\t\t<div class=\"elementor-widget-container\">\n\t\t\t\t\t<h2 class=\"elementor-heading-title elementor-size-default\">Metal Night<br><\/h2>\t\t\t\t<\/div>\n\t\t\t\t<\/div>\n\t\t\t\t<div class=\"elementor-element elementor-element-4eb6a26 elementor-widget elementor-widget-text-editor\" data-id=\"4eb6a26\" data-element_type=\"widget\" data-widget_type=\"text-editor.default\">\n\t\t\t\t<div class=\"elementor-widget-container\">\n\t\t\t\t\t\t\t\t\t<p class=\"x_MsoListParagraph\" data-olk-copy-source=\"MessageBody\">Soir\u00e9e de r\u00e9seautage le<strong> mercredi soir<\/strong> \u00e0 partir de 17 h, avec musique et boissons.<\/p>\n\t\t\t\t\t\t\t\t<\/div>\n\t\t\t\t<\/div>\n\t\t\t\t<div class=\"elementor-element elementor-element-dcc852c elementor-widget elementor-widget-dynamic-button\" data-id=\"dcc852c\" data-element_type=\"widget\" data-widget_type=\"dynamic-button.default\">\n\t\t\t\t<div class=\"elementor-widget-container\">\n\t\t\t\t\t        <div class=\"elementor-button-wrapper\">\n            <a href=\"https:\/\/register.visitcloud.com\/survey\/32y0wt08txf96\" target=\"_blank\" class=\"elementor-button-link elementor-button elementor-size-sm elementor-animation-grow\" role=\"button\">\n                        <span class=\"elementor-button-content-wrapper\">\n\t\t\t\t\t\t<span class=\"elementor-button-text\">Demander un billet<\/span>\n\t\t<\/span>\n                    <\/a>\n        <\/div>\n        \t\t\t\t<\/div>\n\t\t\t\t<\/div>\n\t\t\t\t<\/div>\n\t\t\t\t\t<\/div>\n\t\t\t\t<\/div>\n\t\t<div class=\"elementor-element elementor-element-eead530 e-flex e-con-boxed e-con e-parent\" data-id=\"eead530\" data-element_type=\"container\" data-settings=\"{&quot;background_background&quot;:&quot;classic&quot;}\">\n\t\t\t\t\t<div class=\"e-con-inner\">\n\t\t<div class=\"elementor-element elementor-element-e607578 e-con-full e-flex e-con e-child\" data-id=\"e607578\" data-element_type=\"container\" data-settings=\"{&quot;background_background&quot;:&quot;classic&quot;}\">\n\t\t\t\t<div class=\"elementor-element elementor-element-decc47b elementor-widget__width-initial elementor-view-default elementor-widget elementor-widget-icon\" data-id=\"decc47b\" data-element_type=\"widget\" data-widget_type=\"icon.default\">\n\t\t\t\t<div class=\"elementor-widget-container\">\n\t\t\t\t\t\t\t<div class=\"elementor-icon-wrapper\">\n\t\t\t<div class=\"elementor-icon\">\n\t\t\t<i aria-hidden=\"true\" class=\"fas fa-book-open\"><\/i>\t\t\t<\/div>\n\t\t<\/div>\n\t\t\t\t\t\t<\/div>\n\t\t\t\t<\/div>\n\t\t\t\t<div class=\"elementor-element elementor-element-a08a3f2 elementor-widget elementor-widget-heading\" data-id=\"a08a3f2\" data-element_type=\"widget\" data-widget_type=\"heading.default\">\n\t\t\t\t<div class=\"elementor-widget-container\">\n\t\t\t\t\t<h2 class=\"elementor-heading-title elementor-size-default\">Journ\u00e9es de soudage IBS\/CPS<\/h2>\t\t\t\t<\/div>\n\t\t\t\t<\/div>\n\t\t\t\t<div class=\"elementor-element elementor-element-fa09256 elementor-widget elementor-widget-text-editor\" data-id=\"fa09256\" data-element_type=\"widget\" data-widget_type=\"text-editor.default\">\n\t\t\t\t<div class=\"elementor-widget-container\">\n\t\t\t\t\t\t\t\t\t<p>Participez <strong>gratuitement<\/strong> \u00e0 des <strong>sessions d&rsquo;information<\/strong> sur les normes, la qualit\u00e9 et l&rsquo;innovation.<\/p>\n\t\t\t\t\t\t\t\t<\/div>\n\t\t\t\t<\/div>\n\t\t\t\t<div class=\"elementor-element elementor-element-be98d12 elementor-mobile-align-center elementor-widget elementor-widget-button\" data-id=\"be98d12\" data-element_type=\"widget\" data-widget_type=\"button.default\">\n\t\t\t\t<div class=\"elementor-widget-container\">\n\t\t\t\t\t\t\t\t\t<div class=\"elementor-button-wrapper\">\n\t\t\t\t\t<a class=\"elementor-button elementor-button-link elementor-size-sm elementor-animation-grow\" href=\"https:\/\/www.advanced-manufacturing.be\/fr\/programme-de-seminaires-gratuits\/\">\n\t\t\t\t\t\t<span class=\"elementor-button-content-wrapper\">\n\t\t\t\t\t\t\t\t\t<span class=\"elementor-button-text\">Programme<\/span>\n\t\t\t\t\t<\/span>\n\t\t\t\t\t<\/a>\n\t\t\t\t<\/div>\n\t\t\t\t\t\t\t\t<\/div>\n\t\t\t\t<\/div>\n\t\t\t\t<\/div>\n\t\t<div class=\"elementor-element elementor-element-ade4992 e-con-full e-flex e-con e-child\" data-id=\"ade4992\" data-element_type=\"container\" data-settings=\"{&quot;background_background&quot;:&quot;classic&quot;}\">\n\t\t\t\t<div class=\"elementor-element elementor-element-a17be49 elementor-view-default elementor-widget elementor-widget-icon\" data-id=\"a17be49\" data-element_type=\"widget\" data-widget_type=\"icon.default\">\n\t\t\t\t<div class=\"elementor-widget-container\">\n\t\t\t\t\t\t\t<div class=\"elementor-icon-wrapper\">\n\t\t\t<div class=\"elementor-icon\">\n\t\t\t<i aria-hidden=\"true\" class=\"fas fa-trophy\"><\/i>\t\t\t<\/div>\n\t\t<\/div>\n\t\t\t\t\t\t<\/div>\n\t\t\t\t<\/div>\n\t\t\t\t<div class=\"elementor-element elementor-element-4cf621b elementor-widget elementor-widget-heading\" data-id=\"4cf621b\" data-element_type=\"widget\" data-widget_type=\"heading.default\">\n\t\t\t\t<div class=\"elementor-widget-container\">\n\t\t\t\t\t<h2 class=\"elementor-heading-title elementor-size-default\">CB Virtual Welding<\/h2>\t\t\t\t<\/div>\n\t\t\t\t<\/div>\n\t\t\t\t<div class=\"elementor-element elementor-element-66610f8 elementor-widget elementor-widget-text-editor\" data-id=\"66610f8\" data-element_type=\"widget\" data-widget_type=\"text-editor.default\">\n\t\t\t\t<div class=\"elementor-widget-container\">\n\t\t\t\t\t\t\t\t\t<p class=\"x_MsoListParagraph\" data-olk-copy-source=\"MessageBody\">Tentez votre chance et <strong>mettez vos comp\u00e9tences \u00e0 l&rsquo;\u00e9preuve<\/strong> dans un environnement virtuel.<\/p>\n\t\t\t\t\t\t\t\t<\/div>\n\t\t\t\t<\/div>\n\t\t\t\t<div class=\"elementor-element elementor-element-f11baaa elementor-widget elementor-widget-button\" data-id=\"f11baaa\" data-element_type=\"widget\" data-widget_type=\"button.default\">\n\t\t\t\t<div class=\"elementor-widget-container\">\n\t\t\t\t\t\t\t\t\t<div class=\"elementor-button-wrapper\">\n\t\t\t\t\t<a class=\"elementor-button elementor-button-link elementor-size-sm elementor-animation-grow\" href=\"https:\/\/www.advanced-manufacturing.be\/fr\/programme\/\">\n\t\t\t\t\t\t<span class=\"elementor-button-content-wrapper\">\n\t\t\t\t\t\t\t\t\t<span class=\"elementor-button-text\">Plus d'info<\/span>\n\t\t\t\t\t<\/span>\n\t\t\t\t\t<\/a>\n\t\t\t\t<\/div>\n\t\t\t\t\t\t\t\t<\/div>\n\t\t\t\t<\/div>\n\t\t\t\t<\/div>\n\t\t<div class=\"elementor-element elementor-element-5045807 e-con-full e-flex e-con e-child\" data-id=\"5045807\" data-element_type=\"container\" data-settings=\"{&quot;background_background&quot;:&quot;classic&quot;}\">\n\t\t\t\t<div class=\"elementor-element elementor-element-0e48a16 elementor-view-default elementor-widget elementor-widget-icon\" data-id=\"0e48a16\" data-element_type=\"widget\" data-widget_type=\"icon.default\">\n\t\t\t\t<div class=\"elementor-widget-container\">\n\t\t\t\t\t\t\t<div class=\"elementor-icon-wrapper\">\n\t\t\t<div class=\"elementor-icon\">\n\t\t\t<i aria-hidden=\"true\" class=\"far fa-list-alt\"><\/i>\t\t\t<\/div>\n\t\t<\/div>\n\t\t\t\t\t\t<\/div>\n\t\t\t\t<\/div>\n\t\t\t\t<div class=\"elementor-element elementor-element-3b97eb0 elementor-widget elementor-widget-heading\" data-id=\"3b97eb0\" data-element_type=\"widget\" data-widget_type=\"heading.default\">\n\t\t\t\t<div class=\"elementor-widget-container\">\n\t\t\t\t\t<h2 class=\"elementor-heading-title elementor-size-default\">Exp\u00e9rience pratique<\/h2>\t\t\t\t<\/div>\n\t\t\t\t<\/div>\n\t\t\t\t<div class=\"elementor-element elementor-element-b095170 elementor-widget elementor-widget-text-editor\" data-id=\"b095170\" data-element_type=\"widget\" data-widget_type=\"text-editor.default\">\n\t\t\t\t<div class=\"elementor-widget-container\">\n\t\t\t\t\t\t\t\t\t<p>Gravez votre propre message sur le <strong>Wall of Flame<\/strong>, testez votre sens du d\u00e9tail lors du<strong> contr\u00f4le des soudures<\/strong> et admirez les contributions au <strong>Best Metal Contest.<\/strong><\/p>\n\t\t\t\t\t\t\t\t<\/div>\n\t\t\t\t<\/div>\n\t\t\t\t<div class=\"elementor-element elementor-element-82dba21 elementor-widget elementor-widget-dynamic-button\" data-id=\"82dba21\" data-element_type=\"widget\" data-widget_type=\"dynamic-button.default\">\n\t\t\t\t<div class=\"elementor-widget-container\">\n\t\t\t\t\t        <div class=\"elementor-button-wrapper\">\n            <a href=\"https:\/\/www.advanced-manufacturing.be\/nl\/beleving\/\" target=\"_blank\" class=\"elementor-button-link elementor-button elementor-size-sm elementor-animation-grow\" role=\"button\">\n                        <span class=\"elementor-button-content-wrapper\">\n\t\t\t\t\t\t<span class=\"elementor-button-text\">Toute l'exp\u00e9rience<\/span>\n\t\t<\/span>\n                    <\/a>\n        <\/div>\n        \t\t\t\t<\/div>\n\t\t\t\t<\/div>\n\t\t\t\t<\/div>\n\t\t\t\t\t<\/div>\n\t\t\t\t<\/div>\n\t\t<div class=\"elementor-element elementor-element-42b03a9 e-flex e-con-boxed e-con e-parent\" data-id=\"42b03a9\" data-element_type=\"container\" data-settings=\"{&quot;background_background&quot;:&quot;classic&quot;}\">\n\t\t\t\t\t<div class=\"e-con-inner\">\n\t\t<div class=\"elementor-element elementor-element-bb4c9d6 e-con-full e-flex e-con e-child\" data-id=\"bb4c9d6\" data-element_type=\"container\" data-settings=\"{&quot;motion_fx_devices&quot;:[&quot;desktop&quot;,&quot;laptop&quot;,&quot;tablet&quot;],&quot;background_background&quot;:&quot;classic&quot;,&quot;motion_fx_motion_fx_scrolling&quot;:&quot;yes&quot;}\">\n\t\t<div class=\"elementor-element elementor-element-670e6e9 e-con-full e-flex e-con e-child\" data-id=\"670e6e9\" data-element_type=\"container\" data-settings=\"{&quot;background_background&quot;:&quot;classic&quot;}\">\n\t\t\t\t<div class=\"elementor-element elementor-element-5c22530 elementor-widget elementor-widget-heading\" data-id=\"5c22530\" data-element_type=\"widget\" data-widget_type=\"heading.default\">\n\t\t\t\t<div class=\"elementor-widget-container\">\n\t\t\t\t\t<h2 class=\"elementor-heading-title elementor-size-default\">Regarder vers l\u2019avenir de l\u2019usinage du m\u00e9tal<\/h2>\t\t\t\t<\/div>\n\t\t\t\t<\/div>\n\t\t\t\t<div class=\"elementor-element elementor-element-c72e9ff elementor-widget elementor-widget-text-editor\" data-id=\"c72e9ff\" data-element_type=\"widget\" data-widget_type=\"text-editor.default\">\n\t\t\t\t<div class=\"elementor-widget-container\">\n\t\t\t\t\t\t\t\t\t<p data-start=\"46\" data-end=\"545\">\u00ab En tant que magazine professionnel, il est essentiel de garder le doigt sur le pouls. Il n\u2019y a pas de meilleur endroit pour rep\u00e9rer les derni\u00e8res \u00e9volutions dans la transformation des m\u00e9taux, d\u2019autant que tant de disciplines sont r\u00e9unies dans un m\u00eame \u00e9v\u00e9nement. Et pour ceux qui ne peuvent pas attendre aussi longtemps, dans <em data-start=\"373\" data-end=\"384\">Metaalvak<\/em> et <em data-start=\"388\" data-end=\"399\">M\u00e9taltech<\/em>, nous d\u00e9voilerons d\u00e9j\u00e0, juste avant Advanced Manufacturing, un aper\u00e7u de tout ce qu\u2019il y aura \u00e0 voir et \u00e0 vivre. Restez attentifs \u00e0 nos canaux. \u00bb<\/p>\n<p><\/p>\n<p data-start=\"547\" data-end=\"588\" data-is-last-node=\"\" data-is-only-node=\"\">\u2014 <strong data-start=\"549\" data-end=\"588\" data-is-last-node=\"\">Freddy Fierens (Louwers Mediagroep)<\/strong><\/p>\n\t\t\t\t\t\t\t\t<\/div>\n\t\t\t\t<\/div>\n\t\t\t\t<\/div>\n\t\t<div class=\"elementor-element elementor-element-bd4b704 e-con-full e-flex e-con e-child\" data-id=\"bd4b704\" data-element_type=\"container\" data-settings=\"{&quot;background_background&quot;:&quot;classic&quot;}\">\n\t\t\t\t<div class=\"elementor-element elementor-element-794e180 elementor-widget elementor-widget-image\" data-id=\"794e180\" data-element_type=\"widget\" data-widget_type=\"image.default\">\n\t\t\t\t<div class=\"elementor-widget-container\">\n\t\t\t\t\t\t\t\t\t\t\t\t\t\t\t<img decoding=\"async\" src=\"https:\/\/easyfairsassets.com\/sites\/277\/elementor\/thumbs\/Bleu-Colore-Moderne-Professionnel-Organigramme-Equipe-Graphique-rck5jyntar0zr4xgbf9cur1fpqhtt392saptymydq8.png\" title=\"Bleu Color\u00e9 Moderne Professionnel Organigramme \u00c9quipe Graphique\" alt=\"Bleu Color\u00e9 Moderne Professionnel Organigramme \u00c9quipe Graphique\" loading=\"lazy\" \/>\t\t\t\t\t\t\t\t\t\t\t\t\t\t\t<\/div>\n\t\t\t\t<\/div>\n\t\t\t\t<\/div>\n\t\t\t\t<\/div>\n\t\t\t\t\t<\/div>\n\t\t\t\t<\/div>\n\t\t\t\t<\/div>\n\t\t","protected":false},"excerpt":{"rendered":"<p>19-20-21 mai 2026 &#8211; Antwerp Expo L\u2019\u00e9v\u00e9nement du secteur du m\u00e9tal R\u00e9clamez votre billet gratuit L\u2019\u00e9v\u00e9nement incontournable pour l\u2019industrie de la transformation des m\u00e9taux En plus du bien connu Welding Week, le salon d\u00e9di\u00e9 aux professionnels du soudage, et de Subcontracting, l\u2019\u00e9v\u00e9nement pour les sous-traitants industriels, nous lan\u00e7ons un nouveau salon : Metal. Lors de [&hellip;]<\/p>\n","protected":false},"author":933,"featured_media":0,"parent":0,"menu_order":2,"comment_status":"closed","ping_status":"closed","template":"","meta":{"_seopress_robots_primary_cat":"","_seopress_titles_title":"Metal | Advanced Manufacturing","_seopress_titles_desc":"L'\u00e9v\u00e9nement consacr\u00e9 au travail des m\u00e9taux \"Metal\" ; est lanc\u00e9 cette ann\u00e9e en m\u00eame temps que la semaine du soudage et du m\u00e9tal sous le nom de \"Advanced Manufacturing\".","_seopress_robots_index":"","footnotes":""},"class_list":["post-1917","page","type-page","status-publish","hentry"],"_links":{"self":[{"href":"https:\/\/www.advanced-manufacturing.be\/fr\/wp-json\/wp\/v2\/pages\/1917","targetHints":{"allow":["GET"]}}],"collection":[{"href":"https:\/\/www.advanced-manufacturing.be\/fr\/wp-json\/wp\/v2\/pages"}],"about":[{"href":"https:\/\/www.advanced-manufacturing.be\/fr\/wp-json\/wp\/v2\/types\/page"}],"author":[{"embeddable":true,"href":"https:\/\/www.advanced-manufacturing.be\/fr\/wp-json\/wp\/v2\/users\/933"}],"replies":[{"embeddable":true,"href":"https:\/\/www.advanced-manufacturing.be\/fr\/wp-json\/wp\/v2\/comments?post=1917"}],"version-history":[{"count":5,"href":"https:\/\/www.advanced-manufacturing.be\/fr\/wp-json\/wp\/v2\/pages\/1917\/revisions"}],"predecessor-version":[{"id":51301,"href":"https:\/\/www.advanced-manufacturing.be\/fr\/wp-json\/wp\/v2\/pages\/1917\/revisions\/51301"}],"wp:attachment":[{"href":"https:\/\/www.advanced-manufacturing.be\/fr\/wp-json\/wp\/v2\/media?parent=1917"}],"curies":[{"name":"wp","href":"https:\/\/api.w.org\/{rel}","templated":true}]}}