{"id":16286,"date":"2024-02-20T12:39:15","date_gmt":"2024-02-20T12:39:15","guid":{"rendered":"https:\/\/www.advanced-manufacturing.be\/?page_id=16286"},"modified":"2025-12-03T11:04:00","modified_gmt":"2025-12-03T11:04:00","slug":"smart-badge","status":"publish","type":"page","link":"https:\/\/www.advanced-manufacturing.be\/fr\/smart-badge\/","title":{"rendered":"Smart Badge"},"content":{"rendered":"\t\t<div data-elementor-type=\"wp-page\" data-elementor-id=\"16286\" class=\"elementor elementor-16286 elementor-16284\" data-elementor-post-type=\"page\">\n\t\t\t\t<div class=\"elementor-element elementor-element-4c31226 e-flex e-con-boxed e-con e-parent\" data-id=\"4c31226\" data-element_type=\"container\" data-settings=\"{&quot;background_background&quot;:&quot;classic&quot;,&quot;background_motion_fx_motion_fx_scrolling&quot;:&quot;yes&quot;,&quot;background_motion_fx_devices&quot;:[&quot;desktop&quot;,&quot;laptop&quot;,&quot;tablet&quot;,&quot;mobile&quot;]}\">\n\t\t\t\t\t<div class=\"e-con-inner\">\n\t\t\t\t<div class=\"elementor-element elementor-element-0d530c4 elementor-widget elementor-widget-heading\" data-id=\"0d530c4\" data-element_type=\"widget\" data-widget_type=\"heading.default\">\n\t\t\t\t<div class=\"elementor-widget-container\">\n\t\t\t\t\t<h2 class=\"elementor-heading-title elementor-size-default\">Recevez rapidement et facilement toutes les informations des exposants qui vous int\u00e9ressent gr\u00e2ce \u00e0 notre technologie Smart Badge.<\/h2>\t\t\t\t<\/div>\n\t\t\t\t<\/div>\n\t\t\t\t<div class=\"elementor-element elementor-element-6dfc825 elementor-widget elementor-widget-text-editor\" data-id=\"6dfc825\" data-element_type=\"widget\" data-widget_type=\"text-editor.default\">\n\t\t\t\t<div class=\"elementor-widget-container\">\n\t\t\t\t\t\t\t\t\t<p>Avec le Smart Badge, vous savez toujours exactement quels stands vous avez visit\u00e9s et quelles informations vous avez collect\u00e9es.\u00a0<strong>Apr\u00e8s votre visite<\/strong>, vous recevrez automatiquement un r\u00e9sum\u00e9 de tout ce que vous avez d\u00e9couvert, vous permettant de retrouver facilement toutes les informations.<\/p>\n\t\t\t\t\t\t\t\t<\/div>\n\t\t\t\t<\/div>\n\t\t\t\t<div class=\"elementor-element elementor-element-507ba74 elementor-widget elementor-widget-heading\" data-id=\"507ba74\" data-element_type=\"widget\" data-widget_type=\"heading.default\">\n\t\t\t\t<div class=\"elementor-widget-container\">\n\t\t\t\t\t<h2 class=\"elementor-heading-title elementor-size-default\">19, 20 &amp; 21 mai 2026 - Antwerp Expo<\/h2>\t\t\t\t<\/div>\n\t\t\t\t<\/div>\n\t\t\t\t\t<\/div>\n\t\t\t\t<\/div>\n\t\t<div class=\"elementor-element elementor-element-5f7bb64 e-flex e-con-boxed e-con e-parent\" data-id=\"5f7bb64\" data-element_type=\"container\" data-settings=\"{&quot;background_background&quot;:&quot;classic&quot;}\">\n\t\t\t\t\t<div class=\"e-con-inner\">\n\t\t<div class=\"elementor-element elementor-element-a009780 e-flex e-con-boxed e-con e-child\" data-id=\"a009780\" data-element_type=\"container\">\n\t\t\t\t\t<div class=\"e-con-inner\">\n\t\t\t\t\t<\/div>\n\t\t\t\t<\/div>\n\t\t<div class=\"elementor-element elementor-element-0bacd02 e-con-full e-flex e-con e-child\" data-id=\"0bacd02\" data-element_type=\"container\" data-settings=\"{&quot;background_background&quot;:&quot;classic&quot;}\">\n\t\t<div class=\"elementor-element elementor-element-48578f2 e-con-full e-flex e-con e-child\" data-id=\"48578f2\" data-element_type=\"container\" data-settings=\"{&quot;background_background&quot;:&quot;classic&quot;}\">\n\t\t\t\t<div class=\"elementor-element elementor-element-70c4866 elementor-widget elementor-widget-heading\" data-id=\"70c4866\" data-element_type=\"widget\" data-widget_type=\"heading.default\">\n\t\t\t\t<div class=\"elementor-widget-container\">\n\t\t\t\t\t<h2 class=\"elementor-heading-title elementor-size-default\">Comment utiliser votre badge visiteur\u2009?<\/h2>\t\t\t\t<\/div>\n\t\t\t\t<\/div>\n\t\t\t\t<div class=\"elementor-element elementor-element-c29fc5f elementor-widget elementor-widget-text-editor\" data-id=\"c29fc5f\" data-element_type=\"widget\" data-widget_type=\"text-editor.default\">\n\t\t\t\t<div class=\"elementor-widget-container\">\n\t\t\t\t\t\t\t\t\t<ol>\n<li>\n<p class=\"\" data-start=\"73\" data-end=\"436\"><strong data-start=\"55\" data-end=\"108\">Explorez les stands et collectez des informations<\/strong><br data-start=\"108\" data-end=\"111\" \/>\u00c0 chaque stand, vous trouverez un ou plusieurs panneaux verts. Int\u00e9ress\u00e9 par un exposant et ses produits\u202f? Touchez simplement le panneau vert avec votre badge visiteur. Vous saurez que l\u2019action a r\u00e9ussi lorsque vous entendrez un bip et que le panneau s\u2019illuminera en vert.<\/p>\n<\/li>\n<li>\n<p data-start=\"387\" data-end=\"725\"><strong data-start=\"387\" data-end=\"417\">Recevez un aper\u00e7u pratique<\/strong><br data-start=\"417\" data-end=\"420\" \/>Le lendemain de votre visite, vous recevrez un seul e-mail contenant un aper\u00e7u de toutes les informations que vous avez collect\u00e9es. En bonus, vous recevrez \u00e9galement des recommandations d\u2019exposants susceptibles de vous int\u00e9resser. Ainsi, tout est \u00e0 port\u00e9e de main, sans avoir \u00e0 retenir quoi que ce soit\u202f!<\/p>\n<\/li>\n<\/ol>\n\t\t\t\t\t\t\t\t<\/div>\n\t\t\t\t<\/div>\n\t\t\t\t<\/div>\n\t\t<div class=\"elementor-element elementor-element-73bfa98 e-con-full e-flex e-con e-child\" data-id=\"73bfa98\" data-element_type=\"container\" data-settings=\"{&quot;background_background&quot;:&quot;classic&quot;}\">\n\t\t\t\t<\/div>\n\t\t\t\t<\/div>\n\t\t<div class=\"elementor-element elementor-element-c4c89ce e-con-full e-flex e-con e-child\" data-id=\"c4c89ce\" data-element_type=\"container\" data-settings=\"{&quot;background_background&quot;:&quot;classic&quot;}\">\n\t\t<div class=\"elementor-element elementor-element-d5101ec e-con-full e-flex e-con e-child\" data-id=\"d5101ec\" data-element_type=\"container\" data-settings=\"{&quot;background_background&quot;:&quot;classic&quot;}\">\n\t\t\t\t<div class=\"elementor-element elementor-element-a853e15 elementor-widget elementor-widget-video\" data-id=\"a853e15\" data-element_type=\"widget\" data-settings=\"{&quot;youtube_url&quot;:&quot;https:\\\/\\\/youtu.be\\\/Wvxmq7ITRC0?si=GY0tasIOoPqYQmch&quot;,&quot;video_type&quot;:&quot;youtube&quot;,&quot;controls&quot;:&quot;yes&quot;}\" data-widget_type=\"video.default\">\n\t\t\t\t<div class=\"elementor-widget-container\">\n\t\t\t\t\t\t\t<div class=\"elementor-wrapper elementor-open-inline\">\n\t\t\t<div class=\"elementor-video\"><\/div>\t\t<\/div>\n\t\t\t\t\t\t<\/div>\n\t\t\t\t<\/div>\n\t\t\t\t<\/div>\n\t\t<div class=\"elementor-element elementor-element-5e116c9 e-con-full e-flex e-con e-child\" data-id=\"5e116c9\" data-element_type=\"container\" data-settings=\"{&quot;background_background&quot;:&quot;classic&quot;}\">\n\t\t\t\t<div class=\"elementor-element elementor-element-0b643f0 elementor-widget elementor-widget-heading\" data-id=\"0b643f0\" data-element_type=\"widget\" data-widget_type=\"heading.default\">\n\t\t\t\t<div class=\"elementor-widget-container\">\n\t\t\t\t\t<h2 class=\"elementor-heading-title elementor-size-default\">Vos avantages :<\/h2>\t\t\t\t<\/div>\n\t\t\t\t<\/div>\n\t\t\t\t<div class=\"elementor-element elementor-element-83ed19a elementor-widget elementor-widget-text-editor\" data-id=\"83ed19a\" data-element_type=\"widget\" data-widget_type=\"text-editor.default\">\n\t\t\t\t<div class=\"elementor-widget-container\">\n\t\t\t\t\t\t\t\t\t<ol>\n<li>\n<p data-start=\"79\" data-end=\"407\"><strong data-start=\"732\" data-end=\"809\">Votre badge visiteur est votre aide-m\u00e9moire virtuelle pendant l\u2019\u00e9v\u00e9nement<\/strong><br data-start=\"809\" data-end=\"812\" \/>Dites adieu aux catalogues lourds et \u00e0 la prise de notes.<\/p>\n<\/li>\n<li>\n<p data-start=\"79\" data-end=\"407\"><strong data-start=\"873\" data-end=\"921\">Votre journ\u00e9e au salon en un aper\u00e7u pratique<\/strong><br data-start=\"921\" data-end=\"924\" \/>Gr\u00e2ce \u00e0 votre badge, vous saurez exactement quels stands vous avez visit\u00e9s et quelles informations vous avez collect\u00e9es. Apr\u00e8s votre visite, vous recevrez un e-mail contenant un aper\u00e7u complet de tout ce que vous avez d\u00e9couvert.<\/p>\n<\/li>\n<li>\n<p data-start=\"1156\" data-end=\"1337\"><strong data-start=\"1156\" data-end=\"1188\">Pas d\u2019e-mails ind\u00e9sirables\u202f!<\/strong><br data-start=\"1188\" data-end=\"1191\" \/>Vous ne recevrez que les informations num\u00e9riques des exposants que vous avez s\u00e9lectionn\u00e9s. Pas de spam\u2014seulement du contenu pertinent pour vous.<\/p>\n<\/li>\n<\/ol>\n\t\t\t\t\t\t\t\t<\/div>\n\t\t\t\t<\/div>\n\t\t\t\t<\/div>\n\t\t\t\t<\/div>\n\t\t\t\t\t<\/div>\n\t\t\t\t<\/div>\n\t\t<div class=\"elementor-element elementor-element-0196acf e-flex e-con-boxed e-con e-parent\" data-id=\"0196acf\" data-element_type=\"container\">\n\t\t\t\t\t<div class=\"e-con-inner\">\n\t\t\t\t<div class=\"elementor-element elementor-element-dcb0ff9 elementor-widget-divider--view-line elementor-widget elementor-widget-divider\" data-id=\"dcb0ff9\" data-element_type=\"widget\" data-widget_type=\"divider.default\">\n\t\t\t\t<div class=\"elementor-widget-container\">\n\t\t\t\t\t\t\t<div class=\"elementor-divider\">\n\t\t\t<span class=\"elementor-divider-separator\">\n\t\t\t\t\t\t<\/span>\n\t\t<\/div>\n\t\t\t\t\t\t<\/div>\n\t\t\t\t<\/div>\n\t\t\t\t\t<\/div>\n\t\t\t\t<\/div>\n\t\t\t\t<\/div>\n\t\t","protected":false},"excerpt":{"rendered":"<p>Recevez rapidement et facilement toutes les informations des exposants qui vous int\u00e9ressent gr\u00e2ce \u00e0 notre technologie Smart Badge. Avec le Smart Badge, vous savez toujours exactement quels stands vous avez visit\u00e9s et quelles informations vous avez collect\u00e9es.\u00a0Apr\u00e8s votre visite, vous recevrez automatiquement un r\u00e9sum\u00e9 de tout ce que vous avez d\u00e9couvert, vous permettant de retrouver [&hellip;]<\/p>\n","protected":false},"author":1475,"featured_media":0,"parent":0,"menu_order":12,"comment_status":"closed","ping_status":"closed","template":"","meta":{"_seopress_robots_primary_cat":"","_seopress_titles_title":"Profil des visiteurs | Advanced Manufacturing","_seopress_titles_desc":"Qui visite l'industrie manufacturi\u00e8re avanc\u00e9e ? D\u00e9couvrez-le ici.","_seopress_robots_index":"","footnotes":""},"class_list":["post-16286","page","type-page","status-publish","hentry"],"_links":{"self":[{"href":"https:\/\/www.advanced-manufacturing.be\/fr\/wp-json\/wp\/v2\/pages\/16286","targetHints":{"allow":["GET"]}}],"collection":[{"href":"https:\/\/www.advanced-manufacturing.be\/fr\/wp-json\/wp\/v2\/pages"}],"about":[{"href":"https:\/\/www.advanced-manufacturing.be\/fr\/wp-json\/wp\/v2\/types\/page"}],"author":[{"embeddable":true,"href":"https:\/\/www.advanced-manufacturing.be\/fr\/wp-json\/wp\/v2\/users\/1475"}],"replies":[{"embeddable":true,"href":"https:\/\/www.advanced-manufacturing.be\/fr\/wp-json\/wp\/v2\/comments?post=16286"}],"version-history":[{"count":5,"href":"https:\/\/www.advanced-manufacturing.be\/fr\/wp-json\/wp\/v2\/pages\/16286\/revisions"}],"predecessor-version":[{"id":48546,"href":"https:\/\/www.advanced-manufacturing.be\/fr\/wp-json\/wp\/v2\/pages\/16286\/revisions\/48546"}],"wp:attachment":[{"href":"https:\/\/www.advanced-manufacturing.be\/fr\/wp-json\/wp\/v2\/media?parent=16286"}],"curies":[{"name":"wp","href":"https:\/\/api.w.org\/{rel}","templated":true}]}}